{"id":16951,"date":"2025-06-20T19:15:29","date_gmt":"2025-06-20T23:15:29","guid":{"rendered":"https:\/\/www.multicasa.com.br\/inicio\/?post_type=product&#038;p=16951"},"modified":"2025-06-23T10:05:13","modified_gmt":"2025-06-23T14:05:13","slug":"escada-fibra-extensiva-14-degraus-420x720","status":"publish","type":"product","link":"https:\/\/www.multicasa.com.br\/inicio\/produto\/escada-fibra-extensiva-14-degraus-420x720\/","title":{"rendered":"Escada Fibra Extensiva 14 Degraus 4,20X7,20"},"content":{"rendered":"<p>Possuem catracas e moit\u00f5es para i\u00e7amento e recuo autom\u00e1ticos.- Sapatas de borracha antiderrapante.- Alta resist\u00eancia mec\u00e2nica: compar\u00e1vel ao a\u00e7o.podendo substituir com vantagem materiais met\u00e1licos.madeira e concreto em estruturas e em componentes industriais.- Imune a corros\u00e3o: por n\u00e3o ser met\u00e1lico.n\u00e3o sofre corros\u00e3o por oxida\u00e7\u00e3o.- Alta resist\u00eancia qu\u00edmica: n\u00e3o desgasta em ambientes agressivos quimicamente e ambientalmente.- Isolante el\u00e9trico: possui resist\u00eancia diel\u00e9trica consider\u00e1vel.o que o torna ideal para aplica\u00e7\u00f5es na \u00e1rea el\u00e9trica.- Resist\u00eancia t\u00e9rmica: pode ser especificado para produtos que s\u00e3o expostos a altas temperaturas.- Baixo peso: 75% mais leve que o a\u00e7o e 30% mais que o alum\u00ednio.- Resistente aos raios uv: formula\u00e7\u00e3o e pintura especial tornam o perfil resistente \u00e0 radia\u00e7\u00e3o ultravioleta.- Durabilidade: tem longa vida \u00fatil e tintas poliuret\u00e2nicas d\u00e3o sobrevida de d\u00e9cadas ao produto.- Grande estabilidade dimensional: tem baixo coeficiente de expans\u00e3o t\u00e9rmica.- N\u00e3o met\u00e1lico: ideal para ambientes sens\u00edveis \u00e0 a\u00e7\u00e3o magn\u00e9tica.- Absor\u00e7\u00e3o de impactos: \u00e9 resistente a impactos.n\u00e3o rompendo com facilidade.- Bom acabamento: a superf\u00edcie. \u00e9 lisa e homog\u00eanea sendo livre de bolhas.rachaduras.fissuras e outros defeitos.- Autoextingu\u00edvel: com o uso de resina fen\u00f3lica n\u00e3o propaga as chamas.sendo aprovado no teste do ipei ul94 graus v0.- Imperme\u00e1vel: n\u00e3o absorve \u00e1gua. podendo ser instalado dentro de ambientes aqu\u00e1ticos (piscina.mar).- Isolante t\u00e9rmico e ac\u00fastico: ambientes revestidos com chapas pultrudadas t\u00eam boa prote\u00e7\u00e3o t\u00e9rmica e ac\u00fastica.- Os degraus das escadas s\u00e3o fabricados com alum\u00ednio 6061 com espessura e formatos deenvolvidos para proporcionar alta resist\u00eancia \u00e0 tra\u00e7\u00e3o e formato em D para maior conforto e seguran\u00e7a do usu\u00e1rio.- Possuem an\u00e9is de refor\u00e7o estrutural em todos os degraus.- As ferragens utilizadas s\u00e3o galvanizadas eletroliticamente e todas as porcas s\u00e3o autotravantes.- Cintas de apoio para poste.- A escada resiste a uma carga de peso de at\u00e9 120 kg.<\/p>\n","protected":false},"excerpt":{"rendered":"<h4 style=\"margin: 0px;padding: 0px 0px 16px;font-family: Lato, sans-serif;font-weight: bold;line-height: 3rem;color: var(--dark-grey3);font-size: 22px;font-style: normal;letter-spacing: normal;text-align: start;text-indent: 0px;text-transform: none\">Informa\u00e7\u00f5es t\u00e9cnicas<\/h4>\n<p><span style=\"margin: 0px;padding: 0px;font-weight: 450;font-size: 14px;line-height: 21px;color: var(--dark-grey2);font-family: Lato, sans-serif;font-style: normal;letter-spacing: normal;text-align: start;text-indent: 0px;text-transform: none\">Produto: ESCADA FIBRA EXTEN.14DEG.4,20X7,20<br \/>\nMarca: Santa Catarina<br \/>\nMaterial: Fibra de vidro<br \/>\nCor: Laranja<br \/>\nCaracter\u00edsticas<br \/>\n&#8211; Alta resist\u00eancia;<br \/>\n&#8211; Sapatas de borracha antiderrapante;<br \/>\n&#8211; Imune a corros\u00e3o;<br \/>\n&#8211; N\u00e3o sofre corros\u00e3o por oxida\u00e7\u00e3o;<br \/>\n&#8211; Alta resist\u00eancia qu\u00edmica;<br \/>\n&#8211; Isolante el\u00e9trico;<br \/>\n&#8211; Resist\u00eancia t\u00e9rmica;<br \/>\n&#8211; Baixo peso: 75% mais leve que o a\u00e7o e 30% mais que o alum\u00ednio;<br \/>\n&#8211; Resiste a uma carga de 120kg.<br \/>\nDimens\u00e3o<br \/>\n4,20 X 7,20<\/span><\/p>\n","protected":false},"featured_media":25121,"template":"","meta":{"_joinchat":[]},"product_brand":[],"product_cat":[156],"product_tag":[],"class_list":{"0":"post-16951","1":"product","2":"type-product","3":"status-publish","4":"has-post-thumbnail","6":"product_cat-escadas","8":"first","9":"outofstock","10":"shipping-taxable","11":"product-type-simple"},"_links":{"self":[{"href":"https:\/\/www.multicasa.com.br\/inicio\/wp-json\/wp\/v2\/product\/16951","targetHints":{"allow":["GET"]}}],"collection":[{"href":"https:\/\/www.multicasa.com.br\/inicio\/wp-json\/wp\/v2\/product"}],"about":[{"href":"https:\/\/www.multicasa.com.br\/inicio\/wp-json\/wp\/v2\/types\/product"}],"wp:featuredmedia":[{"embeddable":true,"href":"https:\/\/www.multicasa.com.br\/inicio\/wp-json\/wp\/v2\/media\/25121"}],"wp:attachment":[{"href":"https:\/\/www.multicasa.com.br\/inicio\/wp-json\/wp\/v2\/media?parent=16951"}],"wp:term":[{"taxonomy":"product_brand","embeddable":true,"href":"https:\/\/www.multicasa.com.br\/inicio\/wp-json\/wp\/v2\/product_brand?post=16951"},{"taxonomy":"product_cat","embeddable":true,"href":"https:\/\/www.multicasa.com.br\/inicio\/wp-json\/wp\/v2\/product_cat?post=16951"},{"taxonomy":"product_tag","embeddable":true,"href":"https:\/\/www.multicasa.com.br\/inicio\/wp-json\/wp\/v2\/product_tag?post=16951"}],"curies":[{"name":"wp","href":"https:\/\/api.w.org\/{rel}","templated":true}]}}