{"id":16952,"date":"2025-06-20T19:15:29","date_gmt":"2025-06-20T23:15:29","guid":{"rendered":"https:\/\/www.multicasa.com.br\/inicio\/?post_type=product&#038;p=16952"},"modified":"2025-08-17T19:03:42","modified_gmt":"2025-08-17T23:03:42","slug":"aromatizante-veicular-45ml-class-central-sul","status":"publish","type":"product","link":"https:\/\/www.multicasa.com.br\/inicio\/produto\/aromatizante-veicular-45ml-class-central-sul\/","title":{"rendered":"Aromatizante Veicular 45ml Class Central Sul"},"content":{"rendered":"<p>O aromatizante de ve\u00edculos Natuar Men e Woman foram desenvolvidos especialmente para criar um ambiente agrad\u00e1vel no interior de ve\u00edculos. Os produtos cont\u00e9m fragr\u00e2ncias exclusivas e importadas, marcantes e de longa dura\u00e7\u00e3o. Proporcionam experi\u00eancias \u00fanicas para aqueles que adoram estar em ambientes perfumados. Ideal para ser aplicado no interior de ve\u00edculos. <\/p>\n","protected":false},"excerpt":{"rendered":"<h4 style=\"margin: 0px;padding: 0px 0px 16px;font-family: Lato, sans-serif;font-weight: bold;line-height: 3rem;color: var(--dark-grey3);font-size: 22px;font-style: normal;letter-spacing: normal;text-align: start;text-indent: 0px;text-transform: none\">Informa\u00e7\u00f5es t\u00e9cnicas<\/h4>\n<p><span style=\"margin: 0px;padding: 0px;font-weight: 450;font-size: 14px;line-height: 21px;color: var(--dark-grey2);font-family: Lato, sans-serif;font-style: normal;letter-spacing: normal;text-align: start;text-indent: 0px;text-transform: none\">Como Usar:<br \/>\nRemova a tampa acr\u00edlica da v\u00e1lvula e borrife algumas vezes Natuar Men\/Woman criando uma n\u00e9voa que ir\u00e1 se dissipar por todo o ambiente, deixando um aroma agrad\u00e1vel.<\/span><\/p>\n","protected":false},"featured_media":24629,"template":"","meta":{"_joinchat":[]},"product_brand":[],"product_cat":[96],"product_tag":[],"class_list":{"0":"post-16952","1":"product","2":"type-product","3":"status-publish","4":"has-post-thumbnail","6":"product_cat-limpeza-e-cia","8":"first","9":"outofstock","10":"shipping-taxable","11":"purchasable","12":"product-type-simple"},"_links":{"self":[{"href":"https:\/\/www.multicasa.com.br\/inicio\/wp-json\/wp\/v2\/product\/16952","targetHints":{"allow":["GET"]}}],"collection":[{"href":"https:\/\/www.multicasa.com.br\/inicio\/wp-json\/wp\/v2\/product"}],"about":[{"href":"https:\/\/www.multicasa.com.br\/inicio\/wp-json\/wp\/v2\/types\/product"}],"wp:featuredmedia":[{"embeddable":true,"href":"https:\/\/www.multicasa.com.br\/inicio\/wp-json\/wp\/v2\/media\/24629"}],"wp:attachment":[{"href":"https:\/\/www.multicasa.com.br\/inicio\/wp-json\/wp\/v2\/media?parent=16952"}],"wp:term":[{"taxonomy":"product_brand","embeddable":true,"href":"https:\/\/www.multicasa.com.br\/inicio\/wp-json\/wp\/v2\/product_brand?post=16952"},{"taxonomy":"product_cat","embeddable":true,"href":"https:\/\/www.multicasa.com.br\/inicio\/wp-json\/wp\/v2\/product_cat?post=16952"},{"taxonomy":"product_tag","embeddable":true,"href":"https:\/\/www.multicasa.com.br\/inicio\/wp-json\/wp\/v2\/product_tag?post=16952"}],"curies":[{"name":"wp","href":"https:\/\/api.w.org\/{rel}","templated":true}]}}