{"id":16961,"date":"2025-06-20T19:15:36","date_gmt":"2025-06-20T23:15:36","guid":{"rendered":"https:\/\/www.multicasa.com.br\/inicio\/?post_type=product&#038;p=16961"},"modified":"2025-08-16T15:46:56","modified_gmt":"2025-08-16T19:46:56","slug":"luminaria-hermetica-2-lampadas-t8-g13-opus","status":"publish","type":"product","link":"https:\/\/www.multicasa.com.br\/inicio\/produto\/luminaria-hermetica-2-lampadas-t8-g13-opus\/","title":{"rendered":"Luminaria Hermetica 2 Lampadas T8 G13 Opus"},"content":{"rendered":"<p>A lumin\u00e1ria herm\u00e9tica T8 G13 da Opus \u00e9 a op\u00e7\u00e3o ideal para as pessoas que buscam por ilumina\u00e7\u00e3o em ambientes de dif\u00edceis condi\u00e7\u00f5es, como uma ind\u00fastria aliment\u00edcia ou em locais com muito vapor e umidade. Ao inv\u00e9s de estar em um ambiente completamente exposto aos fatores externos que podem interferir na qualidade da ilumina\u00e7\u00e3o, o equipamento fica mais protegido contra \u00e1gua e poeira.<\/p>\n","protected":false},"excerpt":{"rendered":"<h4 style=\"margin: 0px;padding: 0px 0px 16px;font-family: Lato, sans-serif;font-weight: bold;line-height: 3rem;color: var(--dark-grey3);font-size: 22px;font-style: normal;letter-spacing: normal;text-align: start;text-indent: 0px;text-transform: none\">Informa\u00e7\u00f5es t\u00e9cnicas<\/h4>\n<p><span style=\"margin: 0px;padding: 0px;font-weight: 450;font-size: 14px;line-height: 21px;color: var(--dark-grey2);font-family: Lato, sans-serif;font-style: normal;letter-spacing: normal;text-align: start;text-indent: 0px;text-transform: none\">Produto: LUMINARIA HERMETICA 2LP T8 G13 OPUS<br \/>\nMarca: Opus<br \/>\nMaterial: PVC rigido<br \/>\nCor: Branca<br \/>\nCaracter\u00edsticas<br \/>\n&#8211; Soquete: G13;<br \/>\n&#8211; Grau de prote\u00e7\u00e3o: IP65;<br \/>\n&#8211; Peso: 770g;<br \/>\n&#8211; Garantia: 1 ano.<br \/>\nDimens\u00f5es(mm)<br \/>\n1276 x 58 x 89 mm<\/span><\/p>\n","protected":false},"featured_media":25486,"template":"","meta":{"_joinchat":[]},"product_brand":[],"product_cat":[145],"product_tag":[],"class_list":{"0":"post-16961","1":"product","2":"type-product","3":"status-publish","4":"has-post-thumbnail","6":"product_cat-leds-comerciais","8":"first","9":"outofstock","10":"shipping-taxable","11":"product-type-simple"},"_links":{"self":[{"href":"https:\/\/www.multicasa.com.br\/inicio\/wp-json\/wp\/v2\/product\/16961","targetHints":{"allow":["GET"]}}],"collection":[{"href":"https:\/\/www.multicasa.com.br\/inicio\/wp-json\/wp\/v2\/product"}],"about":[{"href":"https:\/\/www.multicasa.com.br\/inicio\/wp-json\/wp\/v2\/types\/product"}],"wp:featuredmedia":[{"embeddable":true,"href":"https:\/\/www.multicasa.com.br\/inicio\/wp-json\/wp\/v2\/media\/25486"}],"wp:attachment":[{"href":"https:\/\/www.multicasa.com.br\/inicio\/wp-json\/wp\/v2\/media?parent=16961"}],"wp:term":[{"taxonomy":"product_brand","embeddable":true,"href":"https:\/\/www.multicasa.com.br\/inicio\/wp-json\/wp\/v2\/product_brand?post=16961"},{"taxonomy":"product_cat","embeddable":true,"href":"https:\/\/www.multicasa.com.br\/inicio\/wp-json\/wp\/v2\/product_cat?post=16961"},{"taxonomy":"product_tag","embeddable":true,"href":"https:\/\/www.multicasa.com.br\/inicio\/wp-json\/wp\/v2\/product_tag?post=16961"}],"curies":[{"name":"wp","href":"https:\/\/api.w.org\/{rel}","templated":true}]}}