{"id":16962,"date":"2025-06-20T19:15:37","date_gmt":"2025-06-20T23:15:37","guid":{"rendered":"https:\/\/www.multicasa.com.br\/inicio\/?post_type=product&#038;p=16962"},"modified":"2025-06-20T19:15:49","modified_gmt":"2025-06-20T23:15:49","slug":"lampada-led-bolinha-filamento-retro-2w-2-2k-e-27-bivolt-avant","status":"publish","type":"product","link":"https:\/\/www.multicasa.com.br\/inicio\/produto\/lampada-led-bolinha-filamento-retro-2w-2-2k-e-27-bivolt-avant\/","title":{"rendered":"L\u00e2mpada Led Bolinha Filamento Retr\u00f4 2W 2.2K E-27 Bivolt Avant"},"content":{"rendered":"<p>A linha de l\u00e2mpadas com filamento LED Bolinha, \u00e9 indicada para ilumina\u00e7\u00e3o decorativa. Uso em ambientes internos, ilumina\u00e7\u00e3o decorativa residencial e comercial.<\/p>\n","protected":false},"excerpt":{"rendered":"<h4 style=\"margin: 0px;padding: 0px 0px 16px;font-family: Lato, sans-serif;font-weight: bold;line-height: 3rem;color: var(--dark-grey3);font-size: 22px;font-style: normal;letter-spacing: normal;text-align: start;text-indent: 0px;text-transform: none\">Informa\u00e7\u00f5es t\u00e9cnicas<\/h4>\n<p><span style=\"margin: 0px;padding: 0px;font-weight: 450;font-size: 14px;line-height: 21px;color: var(--dark-grey2);font-family: Lato, sans-serif;font-style: normal;letter-spacing: normal;text-align: start;text-indent: 0px;text-transform: none\">Produto: L\u00c2MPADA LED BOLINHA FILAMENTO RETR\u00d4<br \/>\nMarca: Avant<br \/>\nMaterial: vidro<\/p>\n<p>Caracter\u00edsticas<br \/>\n&#8211; MODELO: Filamento bolinha;<br \/>\n&#8211; POT\u00caNCIA: 2W;<br \/>\n&#8211; TENS\u00c3O: BIVOLT;<br \/>\n&#8211; TEMPERATURA DE COR: 2.2KK (FILAMENTO VERMELHO);<br \/>\n&#8211; VIDA \u00daTIL: 15.000h;<br \/>\n&#8211; FATOR DE POT\u00caNCIA (FP): &gt; 0,40;<br \/>\n&#8211; BASE: E27;<br \/>\n&#8211; PESO L\u00cdQUIDO DO PRODUTO: 16 (gramas);<br \/>\n&#8211; IP20;<br \/>\n&#8211; ANGULO DE ABERTURA: 300\u00b0;<br \/>\n&#8211; Uso interno.<\/p>\n<p>Dimens\u00f5es:<br \/>\nDi\u00e2metro 45 mm x Comprimento 78 mm<\/span><\/p>\n","protected":false},"featured_media":16991,"template":"","meta":{"_joinchat":[]},"product_brand":[],"product_cat":[80],"product_tag":[],"class_list":{"0":"post-16962","1":"product","2":"type-product","3":"status-publish","4":"has-post-thumbnail","6":"product_cat-lampadas","8":"first","9":"outofstock","10":"shipping-taxable","11":"product-type-simple"},"_links":{"self":[{"href":"https:\/\/www.multicasa.com.br\/inicio\/wp-json\/wp\/v2\/product\/16962","targetHints":{"allow":["GET"]}}],"collection":[{"href":"https:\/\/www.multicasa.com.br\/inicio\/wp-json\/wp\/v2\/product"}],"about":[{"href":"https:\/\/www.multicasa.com.br\/inicio\/wp-json\/wp\/v2\/types\/product"}],"wp:featuredmedia":[{"embeddable":true,"href":"https:\/\/www.multicasa.com.br\/inicio\/wp-json\/wp\/v2\/media\/16991"}],"wp:attachment":[{"href":"https:\/\/www.multicasa.com.br\/inicio\/wp-json\/wp\/v2\/media?parent=16962"}],"wp:term":[{"taxonomy":"product_brand","embeddable":true,"href":"https:\/\/www.multicasa.com.br\/inicio\/wp-json\/wp\/v2\/product_brand?post=16962"},{"taxonomy":"product_cat","embeddable":true,"href":"https:\/\/www.multicasa.com.br\/inicio\/wp-json\/wp\/v2\/product_cat?post=16962"},{"taxonomy":"product_tag","embeddable":true,"href":"https:\/\/www.multicasa.com.br\/inicio\/wp-json\/wp\/v2\/product_tag?post=16962"}],"curies":[{"name":"wp","href":"https:\/\/api.w.org\/{rel}","templated":true}]}}