{"id":16964,"date":"2025-06-20T19:15:37","date_gmt":"2025-06-20T23:15:37","guid":{"rendered":"https:\/\/www.multicasa.com.br\/inicio\/?post_type=product&#038;p=16964"},"modified":"2026-04-29T13:20:11","modified_gmt":"2026-04-29T17:20:11","slug":"miolo-orion-1-paralelo-10a-bc-schneider","status":"publish","type":"product","link":"https:\/\/www.multicasa.com.br\/inicio\/produto\/miolo-orion-1-paralelo-10a-bc-schneider\/","title":{"rendered":"Miolo Orion 1 Paralelo 10A Bc Schneider"},"content":{"rendered":"<p>O m\u00f3dulo interruptor pararelo da Schneider \u00e9 utilizado para ligar ou desligar uma mesma l\u00e2mpada de dois lugares diferentes. Assim, uma sala com duas entradas, pode ter um interruptor pr\u00f3ximo a cada porta e ambos ir\u00e3o ligar a desligar as mesmas l\u00e2mpadas que iluminam esta sala.<\/p>\n","protected":false},"excerpt":{"rendered":"<h4 style=\"margin: 0px;padding: 0px 0px 16px;font-family: Lato, sans-serif;font-weight: bold;line-height: 3rem;color: var(--dark-grey3);font-size: 22px;font-style: normal;letter-spacing: normal;text-align: start;text-indent: 0px;text-transform: none\">Informa\u00e7\u00f5es t\u00e9cnicas<\/h4>\n<p><span style=\"margin: 0px;padding: 0px;font-weight: 450;font-size: 14px;line-height: 21px;color: var(--dark-grey2);font-family: Lato, sans-serif;font-style: normal;letter-spacing: normal;text-align: start;text-indent: 0px;text-transform: none\">Produto: MILOLO ORION 1TP 10 A BC SCHNEIDER<br \/>\nMarca: Schneider<br \/>\nMaterial: A\u00e7o inoxid\u00e1vel<br \/>\nCor: Branca<br \/>\nCaracter\u00edsticas<br \/>\n&#8211; Tipo de produto ou componente: Seccionador<br \/>\n&#8211; Venda por quantidade indivis\u00edvel: 1<br \/>\n&#8211; Quantidade por conjunto: conjunto de 20<br \/>\n&#8211; Gama:\tOrion<br \/>\n&#8211; Aplicativo do dispositivo: ilumina\u00e7\u00e3o<br \/>\n&#8211; Montagem do dispositivo: embutir<br \/>\n&#8211; Tipo de embalagem: Flow-pack<br \/>\n&#8211; Corrente nominal: 10 AX a 127\/250V CA 50\/60 Hz<br \/>\nDimens\u00f5es(mm)<br \/>\nLargura: 22.5 mm<br \/>\nAltura: 45 mm<br \/>\nComprimento: 11 mm <\/span><\/p>\n","protected":false},"featured_media":25589,"template":"","meta":{"_joinchat":[]},"product_brand":[],"product_cat":[144],"product_tag":[],"class_list":{"0":"post-16964","1":"product","2":"type-product","3":"status-publish","4":"has-post-thumbnail","6":"product_cat-tomadas-e-cia","8":"first","9":"instock","10":"shipping-taxable","11":"purchasable","12":"product-type-simple"},"_links":{"self":[{"href":"https:\/\/www.multicasa.com.br\/inicio\/wp-json\/wp\/v2\/product\/16964","targetHints":{"allow":["GET"]}}],"collection":[{"href":"https:\/\/www.multicasa.com.br\/inicio\/wp-json\/wp\/v2\/product"}],"about":[{"href":"https:\/\/www.multicasa.com.br\/inicio\/wp-json\/wp\/v2\/types\/product"}],"wp:featuredmedia":[{"embeddable":true,"href":"https:\/\/www.multicasa.com.br\/inicio\/wp-json\/wp\/v2\/media\/25589"}],"wp:attachment":[{"href":"https:\/\/www.multicasa.com.br\/inicio\/wp-json\/wp\/v2\/media?parent=16964"}],"wp:term":[{"taxonomy":"product_brand","embeddable":true,"href":"https:\/\/www.multicasa.com.br\/inicio\/wp-json\/wp\/v2\/product_brand?post=16964"},{"taxonomy":"product_cat","embeddable":true,"href":"https:\/\/www.multicasa.com.br\/inicio\/wp-json\/wp\/v2\/product_cat?post=16964"},{"taxonomy":"product_tag","embeddable":true,"href":"https:\/\/www.multicasa.com.br\/inicio\/wp-json\/wp\/v2\/product_tag?post=16964"}],"curies":[{"name":"wp","href":"https:\/\/api.w.org\/{rel}","templated":true}]}}