{"id":16967,"date":"2025-06-20T19:15:37","date_gmt":"2025-06-20T23:15:37","guid":{"rendered":"https:\/\/www.multicasa.com.br\/inicio\/?post_type=product&#038;p=16967"},"modified":"2025-08-17T19:04:34","modified_gmt":"2025-08-17T23:04:34","slug":"varal-parede-dobravel-multi-varais","status":"publish","type":"product","link":"https:\/\/www.multicasa.com.br\/inicio\/produto\/varal-parede-dobravel-multi-varais\/","title":{"rendered":"Varal Parede Dobr\u00e1vel Multi Varais"},"content":{"rendered":"<p>Ideal para pequenos espa\u00e7os, articulado, pode ser dobr\u00e1vel (para cima ou para baixo , dependendo da  instala\u00e7\u00e3o ) Bot\u00e3o Trava, facilita a articula\u00e7\u00e3o do varal caso necess\u00e1rio. \u00d3timo para espa\u00e7os pequenos pode ser instalado com at\u00e9 3 mts de dist\u00e2ncia entre um bra\u00e7o e outro.<\/p>\n","protected":false},"excerpt":{"rendered":"<h4 style=\"margin: 0px;padding: 0px 0px 16px;font-family: Lato, sans-serif;font-weight: bold;line-height: 3rem;color: var(--dark-grey3);font-size: 22px;font-style: normal;letter-spacing: normal;text-align: start;text-indent: 0px;text-transform: none\">Informa\u00e7\u00f5es t\u00e9cnicas<\/h4>\n<p><span style=\"margin: 0px;padding: 0px;font-weight: 450;font-size: 14px;line-height: 21px;color: var(--dark-grey2);font-family: Lato, sans-serif;font-style: normal;letter-spacing: normal;text-align: start;text-indent: 0px;text-transform: none\">Produto: VARAL PAR.DOBR\u00c1VEL BC MULTI VARA<br \/>\nMarca: Multivarais<br \/>\nMaterial: A\u00e7o<br \/>\nCor: Branca<br \/>\nCaracter\u00edsticas<br \/>\n&#8211; Tubos em a\u00e7o 30x30mm<br \/>\n&#8211; Chapa da base em a\u00e7o 3 mm<br \/>\n&#8211; Bot\u00e3o de lat\u00e3o com mola de acionamento<br \/>\n&#8211; 15 m de corda de nylon<br \/>\n&#8211; 8 parafusos com bucha 12mm<\/p>\n<p>Dimens\u00f5es(mm)<br \/>\n30 x 30mm<\/span><\/p>\n","protected":false},"featured_media":27527,"template":"","meta":{"_joinchat":[]},"product_brand":[],"product_cat":[95],"product_tag":[],"class_list":{"0":"post-16967","1":"product","2":"type-product","3":"status-publish","4":"has-post-thumbnail","6":"product_cat-lavanderia","8":"first","9":"outofstock","10":"shipping-taxable","11":"purchasable","12":"product-type-simple"},"_links":{"self":[{"href":"https:\/\/www.multicasa.com.br\/inicio\/wp-json\/wp\/v2\/product\/16967","targetHints":{"allow":["GET"]}}],"collection":[{"href":"https:\/\/www.multicasa.com.br\/inicio\/wp-json\/wp\/v2\/product"}],"about":[{"href":"https:\/\/www.multicasa.com.br\/inicio\/wp-json\/wp\/v2\/types\/product"}],"wp:featuredmedia":[{"embeddable":true,"href":"https:\/\/www.multicasa.com.br\/inicio\/wp-json\/wp\/v2\/media\/27527"}],"wp:attachment":[{"href":"https:\/\/www.multicasa.com.br\/inicio\/wp-json\/wp\/v2\/media?parent=16967"}],"wp:term":[{"taxonomy":"product_brand","embeddable":true,"href":"https:\/\/www.multicasa.com.br\/inicio\/wp-json\/wp\/v2\/product_brand?post=16967"},{"taxonomy":"product_cat","embeddable":true,"href":"https:\/\/www.multicasa.com.br\/inicio\/wp-json\/wp\/v2\/product_cat?post=16967"},{"taxonomy":"product_tag","embeddable":true,"href":"https:\/\/www.multicasa.com.br\/inicio\/wp-json\/wp\/v2\/product_tag?post=16967"}],"curies":[{"name":"wp","href":"https:\/\/api.w.org\/{rel}","templated":true}]}}