{"id":16970,"date":"2025-06-20T19:15:38","date_gmt":"2025-06-20T23:15:38","guid":{"rendered":"https:\/\/www.multicasa.com.br\/inicio\/?post_type=product&#038;p=16970"},"modified":"2025-06-20T19:15:51","modified_gmt":"2025-06-20T23:15:51","slug":"luminaria-de-teto-led-18w-bivolt-branca-avant","status":"publish","type":"product","link":"https:\/\/www.multicasa.com.br\/inicio\/produto\/luminaria-de-teto-led-18w-bivolt-branca-avant\/","title":{"rendered":"Lumin\u00e1ria De Teto Led 18W Bivolt Branca Avant"},"content":{"rendered":"<p>A lumin\u00e1ria Elegance FIT \u00e9 vers\u00e1til e pode ser usada em ambientes residenciais, comerciais e corporativos, proporcionando uma ilumina\u00e7\u00e3o homog\u00eanea com design leve e moderno.<\/p>\n","protected":false},"excerpt":{"rendered":"<h4 style=\"margin: 0px;padding: 0px 0px 16px;font-family: Lato, sans-serif;font-weight: bold;line-height: 3rem;color: var(--dark-grey3);font-size: 22px;font-style: normal;letter-spacing: normal;text-align: start;text-indent: 0px;text-transform: none\">Informa\u00e7\u00f5es t\u00e9cnicas<\/h4>\n<p><span style=\"margin: 0px;padding: 0px;font-weight: 450;font-size: 14px;line-height: 21px;color: var(--dark-grey2);font-family: Lato, sans-serif;font-style: normal;letter-spacing: normal;text-align: start;text-indent: 0px;text-transform: none\">Produto: LUMINARIA TETO LED<br \/>\nMarca: Avant<br \/>\nMaterial: Alum\u00ednio<\/p>\n<p>Cor: Branco<br \/>\nCaracter\u00edsticas:<br \/>\n&#8211; 18W;<br \/>\n&#8211; Fluxo luminoso: 1080lm;<br \/>\n&#8211; Difusor em policarbonato e base em alum\u00ednio;<br \/>\n&#8211; Dispon\u00edvel nas pot\u00eancias de 18W, 36W e 72W;<br \/>\n&#8211; Fluxo luminoso constante em toda faixa de tens\u00e3o;<br \/>\n&#8211; Baixo consumo de energia;<br \/>\n&#8211; Tipo de instala\u00e7\u00e3o: Sobrepor;<br \/>\n&#8211; Temperatura ambiente: -5\u00b0C a 40\u00b0C;<br \/>\n&#8211; Tens\u00e3o nominal: 100V a 240V;<br \/>\n&#8211; Baixo consumo de energia;<br \/>\n&#8211; IP20;<br \/>\n&#8211; Angulo de abertura: 120\u00b0;<br \/>\n&#8211; Uso interno;<br \/>\n&#8211; N\u00e3o dimerizavel.<br \/>\nDimens\u00f5es(mm): 500x74x23<\/span><\/p>\n","protected":false},"featured_media":16992,"template":"","meta":{"_joinchat":[]},"product_brand":[],"product_cat":[145],"product_tag":[],"class_list":{"0":"post-16970","1":"product","2":"type-product","3":"status-publish","4":"has-post-thumbnail","6":"product_cat-leds-comerciais","8":"first","9":"outofstock","10":"shipping-taxable","11":"product-type-simple"},"_links":{"self":[{"href":"https:\/\/www.multicasa.com.br\/inicio\/wp-json\/wp\/v2\/product\/16970","targetHints":{"allow":["GET"]}}],"collection":[{"href":"https:\/\/www.multicasa.com.br\/inicio\/wp-json\/wp\/v2\/product"}],"about":[{"href":"https:\/\/www.multicasa.com.br\/inicio\/wp-json\/wp\/v2\/types\/product"}],"wp:featuredmedia":[{"embeddable":true,"href":"https:\/\/www.multicasa.com.br\/inicio\/wp-json\/wp\/v2\/media\/16992"}],"wp:attachment":[{"href":"https:\/\/www.multicasa.com.br\/inicio\/wp-json\/wp\/v2\/media?parent=16970"}],"wp:term":[{"taxonomy":"product_brand","embeddable":true,"href":"https:\/\/www.multicasa.com.br\/inicio\/wp-json\/wp\/v2\/product_brand?post=16970"},{"taxonomy":"product_cat","embeddable":true,"href":"https:\/\/www.multicasa.com.br\/inicio\/wp-json\/wp\/v2\/product_cat?post=16970"},{"taxonomy":"product_tag","embeddable":true,"href":"https:\/\/www.multicasa.com.br\/inicio\/wp-json\/wp\/v2\/product_tag?post=16970"}],"curies":[{"name":"wp","href":"https:\/\/api.w.org\/{rel}","templated":true}]}}