{"id":16973,"date":"2025-06-20T19:15:38","date_gmt":"2025-06-20T23:15:38","guid":{"rendered":"https:\/\/www.multicasa.com.br\/inicio\/?post_type=product&#038;p=16973"},"modified":"2025-08-17T19:04:38","modified_gmt":"2025-08-17T23:04:38","slug":"mangueira-multi-uso-3-8-x3-0mm-1m-tramontina","status":"publish","type":"product","link":"https:\/\/www.multicasa.com.br\/inicio\/produto\/mangueira-multi-uso-3-8-x3-0mm-1m-tramontina\/","title":{"rendered":"Mangueira Multi-Uso 3\/8 X3.0Mm 1M Tramontina"},"content":{"rendered":"<p>A mangueira multiuso Tramontina em PVC 3 camadas \u00e9 perfeita para uso industrial e residencial. Produzida com material de alta flexibilidade e resist\u00eancia, a mangueira conta com tr\u00eas camadas de revestimento oferecendo maior durabilidade e dificultando a tor\u00e7\u00e3o do item, devido a camada em poli\u00e9ster. Efici\u00eancia e praticidade \u00e9 com os produtos da Tramontina!<\/p>\n","protected":false},"excerpt":{"rendered":"<h4 style=\"margin: 0px;padding: 0px 0px 16px;font-family: Lato, sans-serif;font-weight: bold;line-height: 3rem;color: var(--dark-grey3);font-size: 22px;font-style: normal;letter-spacing: normal;text-align: start;text-indent: 0px;text-transform: none\">Informa\u00e7\u00f5es t\u00e9cnicas<\/h4>\n<p><span style=\"margin: 0px;padding: 0px;font-weight: 450;font-size: 14px;line-height: 21px;color: var(--dark-grey2);font-family: Lato, sans-serif;font-style: normal;letter-spacing: normal;text-align: start;text-indent: 0px;text-transform: none\">Produto: MANGUEIRA MULTIUSO 3\/8 X3.0MM TR 1M<br \/>\nMarca: Tramontina<br \/>\nMaterial: PVC<br \/>\nCor: Transparente<br \/>\nCaracter\u00edsticas<br \/>\n&#8211; Pode ser utilizada para transporte de flu\u00eddos l\u00edquidos e gasosos.<br \/>\n&#8211; Para maior resist\u00eancia possui 3 camadas distintas: interna em PVC, intermedi\u00e1ria em fio de poli\u00e9ster tran\u00e7ado e externa em PVC.<br \/>\n&#8211; Recomendada para situa\u00e7\u00f5es de uso com press\u00e3o da \u00e1gua de at\u00e9 16 bar [232 psi].<br \/>\n&#8211; Possui aplica\u00e7\u00e3o de uso geral para oficinas mec\u00e2nicas, ind\u00fastria e equipamentos em geral.<br \/>\n&#8211; Di\u00e2metro interno de 3\/8&#8243; com parede refor\u00e7ada de 3,0 mm.<\/p>\n<p>Dimens\u00f5es(mm)<br \/>\n&#8211; Di\u00e2metro interno de 3\/8&#8243; com parede refor\u00e7ada de 3,0 mm.<\/span><\/p>\n","protected":false},"featured_media":25537,"template":"","meta":{"_joinchat":[]},"product_brand":[],"product_cat":[76],"product_tag":[],"class_list":{"0":"post-16973","1":"product","2":"type-product","3":"status-publish","4":"has-post-thumbnail","6":"product_cat-jardinagem","8":"first","9":"outofstock","10":"shipping-taxable","11":"purchasable","12":"product-type-simple"},"_links":{"self":[{"href":"https:\/\/www.multicasa.com.br\/inicio\/wp-json\/wp\/v2\/product\/16973","targetHints":{"allow":["GET"]}}],"collection":[{"href":"https:\/\/www.multicasa.com.br\/inicio\/wp-json\/wp\/v2\/product"}],"about":[{"href":"https:\/\/www.multicasa.com.br\/inicio\/wp-json\/wp\/v2\/types\/product"}],"wp:featuredmedia":[{"embeddable":true,"href":"https:\/\/www.multicasa.com.br\/inicio\/wp-json\/wp\/v2\/media\/25537"}],"wp:attachment":[{"href":"https:\/\/www.multicasa.com.br\/inicio\/wp-json\/wp\/v2\/media?parent=16973"}],"wp:term":[{"taxonomy":"product_brand","embeddable":true,"href":"https:\/\/www.multicasa.com.br\/inicio\/wp-json\/wp\/v2\/product_brand?post=16973"},{"taxonomy":"product_cat","embeddable":true,"href":"https:\/\/www.multicasa.com.br\/inicio\/wp-json\/wp\/v2\/product_cat?post=16973"},{"taxonomy":"product_tag","embeddable":true,"href":"https:\/\/www.multicasa.com.br\/inicio\/wp-json\/wp\/v2\/product_tag?post=16973"}],"curies":[{"name":"wp","href":"https:\/\/api.w.org\/{rel}","templated":true}]}}