{"id":16974,"date":"2025-06-20T19:15:38","date_gmt":"2025-06-20T23:15:38","guid":{"rendered":"https:\/\/www.multicasa.com.br\/inicio\/?post_type=product&#038;p=16974"},"modified":"2025-08-17T19:04:39","modified_gmt":"2025-08-17T23:04:39","slug":"espeto-led-de-jardim-articulado-7w-3000k-gaya","status":"publish","type":"product","link":"https:\/\/www.multicasa.com.br\/inicio\/produto\/espeto-led-de-jardim-articulado-7w-3000k-gaya\/","title":{"rendered":"Espeto led de Jardim Articulado 7W 3000K Gaya"},"content":{"rendered":"<p>Os espetos de jardim s\u00e3o pe\u00e7as indispens\u00e1veis para qualquer jardim ou \u00e1rea externa. O Espeto de Jardim LED \u00e9 extremamente funcional, podendo ser utilizado para ilumina\u00e7\u00e3o de jardim, ambientes residenciais externos, ambientes comerciais externos e \u00e1reas p\u00fablicas com vegeta\u00e7\u00e3o. Sua estrutura comporta tens\u00e3o Bivolt, e seu LED j\u00e1 vem incluso, com pot\u00eancia 7W e temperatura de cor 3000K.<\/p>\n","protected":false},"excerpt":{"rendered":"<h4 style=\"margin: 0px;padding: 0px 0px 16px;font-family: Lato, sans-serif;font-weight: bold;line-height: 3rem;color: var(--dark-grey3);font-size: 22px;font-style: normal;letter-spacing: normal;text-align: start;text-indent: 0px;text-transform: none\">Informa\u00e7\u00f5es t\u00e9cnicas<\/h4>\n<p><span style=\"margin: 0px;padding: 0px;font-weight: 450;font-size: 14px;line-height: 21px;color: var(--dark-grey2);font-family: Lato, sans-serif;font-style: normal;letter-spacing: normal;text-align: start;text-indent: 0px;text-transform: none\">Bivolt<br \/>\nPot\u00eancia: 7W<br \/>\nTemperatura de cor: 3000K<br \/>\nFluxo Luminoso do LED: 300 L\u00famens<br \/>\nMaterial: Policarbonato<br \/>\nEfic\u00e1cia luminosa: 44lm\/W<br \/>\n\u00c2ngulo de abertura: 60\u00b0<br \/>\nIRC: 70<br \/>\nFonte de luz: SMD 2835<br \/>\nGrau de prote\u00e7\u00e3o: IP65<br \/>\nFrequ\u00eancia: 50Hz\/60Hz<br \/>\nTemperatura operacional: 45\u00b0C<br \/>\nTemperatura ambiente: -20 ~ +50\u00b0C<br \/>\nEvitar uso em temperaturas: &gt;55\u00b0C<br \/>\nPeso: 0,146kg<br \/>\nDimens\u00f5es: 6 cm x 34,6cm<br \/>\nSistema de fixa\u00e7\u00e3o: Espeto<br \/>\nCorrente Nominal : 50ma<br \/>\nFator Pot\u00eancia: &gt; 0,5<br \/>\nVida \u00fatil do LED: at\u00e9 25.000 Horas<\/span><\/p>\n","protected":false},"featured_media":25140,"template":"","meta":{"_joinchat":[]},"product_brand":[],"product_cat":[157],"product_tag":[],"class_list":{"0":"post-16974","1":"product","2":"type-product","3":"status-publish","4":"has-post-thumbnail","6":"product_cat-leds-decorativos","8":"first","9":"outofstock","10":"shipping-taxable","11":"purchasable","12":"product-type-simple"},"_links":{"self":[{"href":"https:\/\/www.multicasa.com.br\/inicio\/wp-json\/wp\/v2\/product\/16974","targetHints":{"allow":["GET"]}}],"collection":[{"href":"https:\/\/www.multicasa.com.br\/inicio\/wp-json\/wp\/v2\/product"}],"about":[{"href":"https:\/\/www.multicasa.com.br\/inicio\/wp-json\/wp\/v2\/types\/product"}],"wp:featuredmedia":[{"embeddable":true,"href":"https:\/\/www.multicasa.com.br\/inicio\/wp-json\/wp\/v2\/media\/25140"}],"wp:attachment":[{"href":"https:\/\/www.multicasa.com.br\/inicio\/wp-json\/wp\/v2\/media?parent=16974"}],"wp:term":[{"taxonomy":"product_brand","embeddable":true,"href":"https:\/\/www.multicasa.com.br\/inicio\/wp-json\/wp\/v2\/product_brand?post=16974"},{"taxonomy":"product_cat","embeddable":true,"href":"https:\/\/www.multicasa.com.br\/inicio\/wp-json\/wp\/v2\/product_cat?post=16974"},{"taxonomy":"product_tag","embeddable":true,"href":"https:\/\/www.multicasa.com.br\/inicio\/wp-json\/wp\/v2\/product_tag?post=16974"}],"curies":[{"name":"wp","href":"https:\/\/api.w.org\/{rel}","templated":true}]}}