{"id":16975,"date":"2025-06-20T19:15:38","date_gmt":"2025-06-20T23:15:38","guid":{"rendered":"https:\/\/www.multicasa.com.br\/inicio\/?post_type=product&#038;p=16975"},"modified":"2025-07-01T13:51:01","modified_gmt":"2025-07-01T17:51:01","slug":"espeto-led-pt-7w-bivolt-luz-vd-gaya","status":"publish","type":"product","link":"https:\/\/www.multicasa.com.br\/inicio\/produto\/espeto-led-pt-7w-bivolt-luz-vd-gaya\/","title":{"rendered":"Espeto Led Pt 7W Bivolt Luz Vd Gaya"},"content":{"rendered":"<p>Os espetos para jardim de LED s\u00e3o perfeitos para a ilumina\u00e7\u00e3o da grama e das plantas. Eles devem ser fincados diretamente na terra, propiciando uma luminosidade pontual e bem direcionada. Assim, eles tamb\u00e9m contribuem para a decora\u00e7\u00e3o da \u00e1rea de lazer, pois d\u00e3o destaque \u00e0s plantas e flores do jardim.<\/p>\n","protected":false},"excerpt":{"rendered":"<h4 style=\"margin: 0px;padding: 0px 0px 16px;font-family: Lato, sans-serif;font-weight: bold;line-height: 3rem;color: var(--dark-grey3);font-size: 22px;font-style: normal;letter-spacing: normal;text-align: start;text-indent: 0px;text-transform: none\">Informa\u00e7\u00f5es t\u00e9cnicas<\/h4>\n<p><span style=\"margin: 0px;padding: 0px;font-weight: 450;font-size: 14px;line-height: 21px;color: var(--dark-grey2);font-family: Lato, sans-serif;font-style: normal;letter-spacing: normal;text-align: start;text-indent: 0px;text-transform: none\">Produto: ESPETO LED PT 7W BIV.LUZ VD GAYA<br \/>\nMarca: Gaya<br \/>\nMaterial: Policarbonato<br \/>\nCor: Preta<br \/>\nCaracter\u00edsticas<br \/>\n&#8211; Bivolt<br \/>\n&#8211; Pot\u00eancia: 7W<br \/>\n&#8211; Temperatura de cor: Verde<br \/>\n&#8211; Fluxo Luminoso do LED: 300 L\u00famens<br \/>\n&#8211; Material: Policarbonato<br \/>\n&#8211; Garantia: 1 Ano (contra defeito de fabrica\u00e7\u00e3o)<br \/>\n&#8211; Efic\u00e1cia luminosa: 44lm\/W<br \/>\n&#8211; \u00c2ngulo de abertura: 60\u00b0<br \/>\n&#8211; IRC: 70<br \/>\n&#8211; Fonte de luz: SMD 2835<br \/>\n&#8211; Grau de prote\u00e7\u00e3o: IP65<br \/>\n&#8211; Frequ\u00eancia: 50Hz\/60Hz<br \/>\n&#8211; Temperatura operacional: 45\u00b0C<br \/>\n&#8211; Temperatura ambiente: -20  +50\u00b0C<br \/>\n&#8211; Evitar uso em temperaturas: &gt;55\u00b0C<br \/>\n&#8211; Peso: 0,146kg<br \/>\n&#8211; Sistema de fixa\u00e7\u00e3o: Espeto<br \/>\n&#8211; Corrente Nominal : 50ma<br \/>\n&#8211; Fator Pot\u00eancia: &gt; 0,5<br \/>\n&#8211; Vida \u00fatil do LED: at\u00e9 25.000 Horas<\/p>\n<p>Dimens\u00f5es: 6 cm x 34,6cm<\/span><\/p>\n","protected":false},"featured_media":27307,"template":"","meta":{"_joinchat":[]},"product_brand":[],"product_cat":[157],"product_tag":[],"class_list":{"0":"post-16975","1":"product","2":"type-product","3":"status-publish","4":"has-post-thumbnail","6":"product_cat-leds-decorativos","8":"first","9":"outofstock","10":"shipping-taxable","11":"product-type-simple"},"_links":{"self":[{"href":"https:\/\/www.multicasa.com.br\/inicio\/wp-json\/wp\/v2\/product\/16975","targetHints":{"allow":["GET"]}}],"collection":[{"href":"https:\/\/www.multicasa.com.br\/inicio\/wp-json\/wp\/v2\/product"}],"about":[{"href":"https:\/\/www.multicasa.com.br\/inicio\/wp-json\/wp\/v2\/types\/product"}],"wp:featuredmedia":[{"embeddable":true,"href":"https:\/\/www.multicasa.com.br\/inicio\/wp-json\/wp\/v2\/media\/27307"}],"wp:attachment":[{"href":"https:\/\/www.multicasa.com.br\/inicio\/wp-json\/wp\/v2\/media?parent=16975"}],"wp:term":[{"taxonomy":"product_brand","embeddable":true,"href":"https:\/\/www.multicasa.com.br\/inicio\/wp-json\/wp\/v2\/product_brand?post=16975"},{"taxonomy":"product_cat","embeddable":true,"href":"https:\/\/www.multicasa.com.br\/inicio\/wp-json\/wp\/v2\/product_cat?post=16975"},{"taxonomy":"product_tag","embeddable":true,"href":"https:\/\/www.multicasa.com.br\/inicio\/wp-json\/wp\/v2\/product_tag?post=16975"}],"curies":[{"name":"wp","href":"https:\/\/api.w.org\/{rel}","templated":true}]}}