{"id":16976,"date":"2025-06-20T19:15:38","date_gmt":"2025-06-20T23:15:38","guid":{"rendered":"https:\/\/www.multicasa.com.br\/inicio\/?post_type=product&#038;p=16976"},"modified":"2025-08-18T01:54:37","modified_gmt":"2025-08-18T05:54:37","slug":"lampada-led-alta-potencia-65w-bivolt-6-5k","status":"publish","type":"product","link":"https:\/\/www.multicasa.com.br\/inicio\/produto\/lampada-led-alta-potencia-65w-bivolt-6-5k\/","title":{"rendered":"Lampada Led Alta Potencia 65W Bivolt 6.5K"},"content":{"rendered":"<p>L\u00e2mpada HIGH BULBO LED, desenvolvida e indicada para retrofit e substitui\u00e7\u00e3o de l\u00e2mpadas com tecnologia de baixa efici\u00eancia luminosa. Indicada para aplica\u00e7\u00e3o em ambientes com p\u00e9 direito alto.<\/p>\n","protected":false},"excerpt":{"rendered":"<h4 style=\"margin: 0px;padding: 0px 0px 16px;font-family: Lato, sans-serif;font-weight: bold;line-height: 3rem;color: var(--dark-grey3);font-size: 22px;font-style: normal;letter-spacing: normal;text-align: start;text-indent: 0px;text-transform: none\">Informa\u00e7\u00f5es t\u00e9cnicas<\/h4>\n<p><span style=\"margin: 0px;padding: 0px;font-weight: 450;font-size: 14px;line-height: 21px;color: var(--dark-grey2);font-family: Lato, sans-serif;font-style: normal;letter-spacing: normal;text-align: start;text-indent: 0px;text-transform: none\">Produto: LAMPADA LED ALTA POT.65W BIV.6.5K<br \/>\nMarca: led<br \/>\nMaterial: Pl\u00e1stico<br \/>\nCor: Branca<br \/>\nCaracter\u00edsticas<br \/>\n&#8211; Garantia de 2 anos;<br \/>\n&#8211; Vida \u00fatil de 25.000 horas;<br \/>\n&#8211; Indice de reprodu\u00e7\u00e3o de cor &gt;80;<br \/>\n&#8211; Tens\u00e3o bivolt 127-220Vca;<br \/>\n&#8211; Pot\u00eancia do fluxo luminoso: 5850lm;<br \/>\n&#8211; Temperatura de cor: 6500;<br \/>\n&#8211; Fator de pot\u00eancia &gt;0,9.<br \/>\nDimens\u00f5es:<br \/>\n138,7 x 228,8 cm<\/span><\/p>\n","protected":false},"featured_media":25444,"template":"","meta":{"_joinchat":[]},"product_brand":[],"product_cat":[145],"product_tag":[],"class_list":{"0":"post-16976","1":"product","2":"type-product","3":"status-publish","4":"has-post-thumbnail","6":"product_cat-leds-comerciais","8":"first","9":"outofstock","10":"shipping-taxable","11":"purchasable","12":"product-type-simple"},"_links":{"self":[{"href":"https:\/\/www.multicasa.com.br\/inicio\/wp-json\/wp\/v2\/product\/16976","targetHints":{"allow":["GET"]}}],"collection":[{"href":"https:\/\/www.multicasa.com.br\/inicio\/wp-json\/wp\/v2\/product"}],"about":[{"href":"https:\/\/www.multicasa.com.br\/inicio\/wp-json\/wp\/v2\/types\/product"}],"wp:featuredmedia":[{"embeddable":true,"href":"https:\/\/www.multicasa.com.br\/inicio\/wp-json\/wp\/v2\/media\/25444"}],"wp:attachment":[{"href":"https:\/\/www.multicasa.com.br\/inicio\/wp-json\/wp\/v2\/media?parent=16976"}],"wp:term":[{"taxonomy":"product_brand","embeddable":true,"href":"https:\/\/www.multicasa.com.br\/inicio\/wp-json\/wp\/v2\/product_brand?post=16976"},{"taxonomy":"product_cat","embeddable":true,"href":"https:\/\/www.multicasa.com.br\/inicio\/wp-json\/wp\/v2\/product_cat?post=16976"},{"taxonomy":"product_tag","embeddable":true,"href":"https:\/\/www.multicasa.com.br\/inicio\/wp-json\/wp\/v2\/product_tag?post=16976"}],"curies":[{"name":"wp","href":"https:\/\/api.w.org\/{rel}","templated":true}]}}