{"id":16978,"date":"2025-06-20T19:15:38","date_gmt":"2025-06-20T23:15:38","guid":{"rendered":"https:\/\/www.multicasa.com.br\/inicio\/?post_type=product&#038;p=16978"},"modified":"2025-06-23T10:21:36","modified_gmt":"2025-06-23T14:21:36","slug":"miolo-miluz-1-tomada-20a-gf-schneider","status":"publish","type":"product","link":"https:\/\/www.multicasa.com.br\/inicio\/produto\/miolo-miluz-1-tomada-20a-gf-schneider\/","title":{"rendered":"Miolo Miluz 1 Tomada 20A Gf Schneider"},"content":{"rendered":"<p>No ritmo e energia que inspiram todos os seus momentos com tudo no seu dia a dia. Miluz deixa sua casa ainda mais bonita e moderna em cada detalhe. Possuem design contempor\u00e2neo, s\u00e3o muito funcionais, pr\u00e1ticos, confi\u00e1veis e resistentes. \u00c9 uma linha ecologicamente respons\u00e1vel e voc\u00ea n\u00e3o paga mais caro por isso. Deixa sua casa ainda mais bonita e moderna em cada detalhe.<\/p>\n","protected":false},"excerpt":{"rendered":"<h4 style=\"margin: 0px;padding: 0px 0px 16px;font-family: Lato, sans-serif;font-weight: bold;line-height: 3rem;color: var(--dark-grey3);font-size: 22px;font-style: normal;letter-spacing: normal;text-align: start;text-indent: 0px;text-transform: none\">Informa\u00e7\u00f5es t\u00e9cnicas<\/h4>\n<p><span style=\"margin: 0px;padding: 0px;font-weight: 450;font-size: 14px;line-height: 21px;color: var(--dark-grey2);font-family: Lato, sans-serif;font-style: normal;letter-spacing: normal;text-align: start;text-indent: 0px;text-transform: none\">Produto: MIOLO MILUZ 1TO 20A GF SCHNEIDER<br \/>\nMarca: Schneider<br \/>\nMaterial: Termopl\u00e1stico<br \/>\nCor: Grafite<br \/>\nCaracter\u00edsticas<br \/>\n&#8211; Tens\u00e3o el\u00e9trica: 250V;<br \/>\n&#8211; Acompanha placa: n\u00e3o;<br \/>\n&#8211; Miolo 20A;<br \/>\n&#8211; 1 m\u00f3dulo.<\/p>\n<p>Dimens\u00f5es:<br \/>\nAltura: 2,2 cm<br \/>\nComprimento: 4 cm<br \/>\nLargura: 4,2 cm<\/span><\/p>\n","protected":false},"featured_media":25588,"template":"","meta":{"_joinchat":[]},"product_brand":[],"product_cat":[144],"product_tag":[],"class_list":{"0":"post-16978","1":"product","2":"type-product","3":"status-publish","4":"has-post-thumbnail","6":"product_cat-tomadas-e-cia","8":"first","9":"outofstock","10":"shipping-taxable","11":"product-type-simple"},"_links":{"self":[{"href":"https:\/\/www.multicasa.com.br\/inicio\/wp-json\/wp\/v2\/product\/16978","targetHints":{"allow":["GET"]}}],"collection":[{"href":"https:\/\/www.multicasa.com.br\/inicio\/wp-json\/wp\/v2\/product"}],"about":[{"href":"https:\/\/www.multicasa.com.br\/inicio\/wp-json\/wp\/v2\/types\/product"}],"wp:featuredmedia":[{"embeddable":true,"href":"https:\/\/www.multicasa.com.br\/inicio\/wp-json\/wp\/v2\/media\/25588"}],"wp:attachment":[{"href":"https:\/\/www.multicasa.com.br\/inicio\/wp-json\/wp\/v2\/media?parent=16978"}],"wp:term":[{"taxonomy":"product_brand","embeddable":true,"href":"https:\/\/www.multicasa.com.br\/inicio\/wp-json\/wp\/v2\/product_brand?post=16978"},{"taxonomy":"product_cat","embeddable":true,"href":"https:\/\/www.multicasa.com.br\/inicio\/wp-json\/wp\/v2\/product_cat?post=16978"},{"taxonomy":"product_tag","embeddable":true,"href":"https:\/\/www.multicasa.com.br\/inicio\/wp-json\/wp\/v2\/product_tag?post=16978"}],"curies":[{"name":"wp","href":"https:\/\/api.w.org\/{rel}","templated":true}]}}