{"id":16979,"date":"2025-06-20T19:15:39","date_gmt":"2025-06-20T23:15:39","guid":{"rendered":"https:\/\/www.multicasa.com.br\/inicio\/?post_type=product&#038;p=16979"},"modified":"2025-08-17T19:04:58","modified_gmt":"2025-08-17T23:04:58","slug":"lampada-led-bulbo-e27-18w-bivolt-bc-lorenzetti","status":"publish","type":"product","link":"https:\/\/www.multicasa.com.br\/inicio\/produto\/lampada-led-bulbo-e27-18w-bivolt-bc-lorenzetti\/","title":{"rendered":"Lampada Led Bulbo E27 18W Bivolt Bc Lorenzetti"},"content":{"rendered":"<p>Lampada led bulbo 18w branca bivolt lorenzetti l\u00e2mpada led 18w bivolt lorenled bulbo 6500k branca &#8211; lorenzetti. Ideal para substituir as l\u00e2mpadas incandescentes e eletr\u00f4nicas. Uma l\u00e2mpada vers\u00e1til que permite a aplica\u00e7\u00e3o em diversos ambientes comerciais e residenciais. Perfeita para lumin\u00e1rias decorativas e spots. Uso em hot\u00e9is, lojas, restaurantes, entre outros.<\/p>\n","protected":false},"excerpt":{"rendered":"<h4 style=\"margin: 0px;padding: 0px 0px 16px;font-family: Lato, sans-serif;font-weight: bold;line-height: 3rem;color: var(--dark-grey3);font-size: 22px;font-style: normal;letter-spacing: normal;text-align: start;text-indent: 0px;text-transform: none\">Informa\u00e7\u00f5es t\u00e9cnicas<\/h4>\n<p><span style=\"margin: 0px;padding: 0px;font-weight: 450;font-size: 14px;line-height: 21px;color: var(--dark-grey2);font-family: Lato, sans-serif;font-style: normal;letter-spacing: normal;text-align: start;text-indent: 0px;text-transform: none\">Produto: LAMPADA LED BULB.E27 18W BIV.BC LOR<br \/>\nMarca: Lorenzetti<br \/>\nMaterial: Pl\u00e1stico<br \/>\nCor: Branca<br \/>\nCaracter\u00edsticas<br \/>\n&#8211; Frequ\u00eancia: 60 Hz<br \/>\n&#8211; Voltagem: Bivolt<br \/>\n&#8211; Garantia: 2 anos junto ao fabricante<br \/>\n&#8211; Efici\u00eancia Luminosa: 85 lm\/W<br \/>\n&#8211; Fator de Pot\u00eancia: = 0,7<br \/>\n&#8211; Fluxo Luminoso: 1521 l\u00famens<br \/>\n&#8211; Pot\u00eancia: 18W<br \/>\n&#8211; Soquete: E27<br \/>\n&#8211; Tonalidade da Luz: Branca<br \/>\n&#8211; Vida \u00datil: 25.000 horas<br \/>\n&#8211; Modelo\/Tecnologia: LED<br \/>\n&#8211; Tipo: Bulbo<br \/>\n&#8211; Temperatura da Cor: 6500K &#8211; Branco Frio<\/p>\n<p>Dimens\u00f5es:<br \/>\n115 x 65 x 65 cm<\/span><\/p>\n","protected":false},"featured_media":27368,"template":"","meta":{"_joinchat":[]},"product_brand":[],"product_cat":[80],"product_tag":[],"class_list":{"0":"post-16979","1":"product","2":"type-product","3":"status-publish","4":"has-post-thumbnail","6":"product_cat-lampadas","8":"first","9":"outofstock","10":"shipping-taxable","11":"purchasable","12":"product-type-simple"},"_links":{"self":[{"href":"https:\/\/www.multicasa.com.br\/inicio\/wp-json\/wp\/v2\/product\/16979","targetHints":{"allow":["GET"]}}],"collection":[{"href":"https:\/\/www.multicasa.com.br\/inicio\/wp-json\/wp\/v2\/product"}],"about":[{"href":"https:\/\/www.multicasa.com.br\/inicio\/wp-json\/wp\/v2\/types\/product"}],"wp:featuredmedia":[{"embeddable":true,"href":"https:\/\/www.multicasa.com.br\/inicio\/wp-json\/wp\/v2\/media\/27368"}],"wp:attachment":[{"href":"https:\/\/www.multicasa.com.br\/inicio\/wp-json\/wp\/v2\/media?parent=16979"}],"wp:term":[{"taxonomy":"product_brand","embeddable":true,"href":"https:\/\/www.multicasa.com.br\/inicio\/wp-json\/wp\/v2\/product_brand?post=16979"},{"taxonomy":"product_cat","embeddable":true,"href":"https:\/\/www.multicasa.com.br\/inicio\/wp-json\/wp\/v2\/product_cat?post=16979"},{"taxonomy":"product_tag","embeddable":true,"href":"https:\/\/www.multicasa.com.br\/inicio\/wp-json\/wp\/v2\/product_tag?post=16979"}],"curies":[{"name":"wp","href":"https:\/\/api.w.org\/{rel}","templated":true}]}}