{"id":16983,"date":"2025-06-20T19:15:39","date_gmt":"2025-06-20T23:15:39","guid":{"rendered":"https:\/\/www.multicasa.com.br\/inicio\/?post_type=product&#038;p=16983"},"modified":"2025-06-23T10:12:48","modified_gmt":"2025-06-23T14:12:48","slug":"jogo-chave-combinada-catraca-8a19mm-sata","status":"publish","type":"product","link":"https:\/\/www.multicasa.com.br\/inicio\/produto\/jogo-chave-combinada-catraca-8a19mm-sata\/","title":{"rendered":"Jogo Chave Combinada Catraca 8A19Mm Sata"},"content":{"rendered":"<p>Jogo Chave Combinada Speedy Catraca de 8 a 19mm com 8 pe\u00e7as SATA com tecnologia de 72 dentes para arco de aperto de 5\u00b0 para apertos mais precisos contra 30\u00b0 na chave estrela comum. \u00c9 a combina\u00e7\u00e3o perfeita de catraca com speedy vai te oferecer facilidade para o trabalho que precise e alto torque com a velocidade do trabalho de catraca. Seu estojo \u00e9 diferenciado, o qual permite ser pendurado em seu painel de ferramentas ou mesmo na parede, al\u00e9m de acomodar com seguran\u00e7a todas as chaves do kit. As ferramentas deste jogo fazem parte do Programa de Garantia Vital\u00edcia SATA contra defeitos de fabrica\u00e7\u00e3o, seu estojo possui garantia de nominal 3 meses a contar da data de compra.<\/p>\n","protected":false},"excerpt":{"rendered":"<h4 style=\"margin: 0px;padding: 0px 0px 16px;font-family: Lato, sans-serif;font-weight: bold;line-height: 3rem;color: var(--dark-grey3);font-size: 22px;font-style: normal;letter-spacing: normal;text-align: start;text-indent: 0px;text-transform: none\">Informa\u00e7\u00f5es t\u00e9cnicas<\/h4>\n<p><span style=\"margin: 0px;padding: 0px;font-weight: 450;font-size: 14px;line-height: 21px;color: var(--dark-grey2);font-family: Lato, sans-serif;font-style: normal;letter-spacing: normal;text-align: start;text-indent: 0px;text-transform: none\">Produto: JOGO CHAV.COMB.CATRACA 8A19MM SATA<br \/>\nMarca: Sata<br \/>\nMaterial: A\u00e7o Cromo-Van\u00e1dio (Cr-V)<br \/>\nCor: Prata<br \/>\nCaracter\u00edsticas<br \/>\n&#8211; Catraca de 72 dentes com arco de aperto de 5\u00b0 para apertos mais precisos contra 30\u00b0 na chave estrela comum;<br \/>\n&#8211; Boca catraca aperta ou desaperta porcas e parafusos sem precisar retirar a chave do ponto de fixa\u00e7\u00e3o;<br \/>\n&#8211; Velocidade em dose dupla: o lado fixo da chave com sistema speedy aliado \u00e0 catraca do lado estrela;<br \/>\n&#8211; Seta indicativa evita a necessidade de se testar a dire\u00e7\u00e3o do movimento;<br \/>\n&#8211; Medidas iguais na boca e na estrela;<br \/>\n&#8211; Fabricado em A\u00e7o Cromo Van\u00e1dio para mais resist\u00eancia e durabilidade (Cr-V);<br \/>\n&#8211; Atende a Norma ASME B107.17;<br \/>\n&#8211; Atende a Norma ASME B107.6.<\/p>\n<p>Dimens\u00f5es:<br \/>\nAltura: 0,42 cm;<br \/>\nLargura: 18 cm;<br \/>\nComprimento: 18,5 cm.<\/span><\/p>\n","protected":false},"featured_media":25328,"template":"","meta":{"_joinchat":[]},"product_brand":[],"product_cat":[137],"product_tag":[],"class_list":{"0":"post-16983","1":"product","2":"type-product","3":"status-publish","4":"has-post-thumbnail","6":"product_cat-ferramentas-manuais","8":"first","9":"outofstock","10":"shipping-taxable","11":"product-type-simple"},"_links":{"self":[{"href":"https:\/\/www.multicasa.com.br\/inicio\/wp-json\/wp\/v2\/product\/16983","targetHints":{"allow":["GET"]}}],"collection":[{"href":"https:\/\/www.multicasa.com.br\/inicio\/wp-json\/wp\/v2\/product"}],"about":[{"href":"https:\/\/www.multicasa.com.br\/inicio\/wp-json\/wp\/v2\/types\/product"}],"wp:featuredmedia":[{"embeddable":true,"href":"https:\/\/www.multicasa.com.br\/inicio\/wp-json\/wp\/v2\/media\/25328"}],"wp:attachment":[{"href":"https:\/\/www.multicasa.com.br\/inicio\/wp-json\/wp\/v2\/media?parent=16983"}],"wp:term":[{"taxonomy":"product_brand","embeddable":true,"href":"https:\/\/www.multicasa.com.br\/inicio\/wp-json\/wp\/v2\/product_brand?post=16983"},{"taxonomy":"product_cat","embeddable":true,"href":"https:\/\/www.multicasa.com.br\/inicio\/wp-json\/wp\/v2\/product_cat?post=16983"},{"taxonomy":"product_tag","embeddable":true,"href":"https:\/\/www.multicasa.com.br\/inicio\/wp-json\/wp\/v2\/product_tag?post=16983"}],"curies":[{"name":"wp","href":"https:\/\/api.w.org\/{rel}","templated":true}]}}