{"id":16996,"date":"2025-06-20T19:15:57","date_gmt":"2025-06-20T23:15:57","guid":{"rendered":"https:\/\/www.multicasa.com.br\/inicio\/?post_type=product&#038;p=16996"},"modified":"2026-03-03T15:20:07","modified_gmt":"2026-03-03T19:20:07","slug":"vedalaje-balde-14l-viapol","status":"publish","type":"product","link":"https:\/\/www.multicasa.com.br\/inicio\/produto\/vedalaje-balde-14l-viapol\/","title":{"rendered":"Vedalaje Balde 14L Viapol"},"content":{"rendered":"<p>Vedalage\u00ae Branco \u00e9 uma manta l\u00edquida pronta para uso \u00e0 base de resina acr\u00edlica. Oferece alta elasticidade, flexibilidade e resist\u00eancia \u00e0s intemp\u00e9ries, al\u00e9m da propriedade de refletir os raios solares, proporcionando maior conforto t\u00e9rmico aos ambientes internos. Pode ser utilizado em: lajes expostas sem tr\u00e2nsito, telhas de fibrocimento, ab\u00f3badas e sheds, vigas de concreto e calhas de concreto ou fibrocimento.<\/p>\n","protected":false},"excerpt":{"rendered":"<h4 style=\"margin: 0px;padding: 0px 0px 16px;font-family: Lato, sans-serif;font-weight: bold;line-height: 3rem;color: var(--dark-grey3);font-size: 22px;font-style: normal;letter-spacing: normal;text-align: start;text-indent: 0px;text-transform: none\">Informa\u00e7\u00f5es t\u00e9cnicas<\/h4>\n<p><span style=\"margin: 0px;padding: 0px;font-weight: 450;font-size: 14px;line-height: 21px;color: var(--dark-grey2);font-family: Lato, sans-serif;font-style: normal;letter-spacing: normal;text-align: start;text-indent: 0px;text-transform: none\">Produto: VEDALAJE BALDE 14L BC VIAPOL<br \/>\nMarca: Viapol<br \/>\nMaterial: resina acr\u00edlica<br \/>\nCor: Branco<br \/>\nCaracter\u00edsticas<br \/>\n&#8211; Pronto para uso;<br \/>\n&#8211; Alta elasticidade e flexibilidade;<br \/>\n&#8211; Resistente ao oz\u00f4nio, raios ultravioletas;<br \/>\n&#8211; Aspecto: l\u00edquido viscoso;<br \/>\n&#8211; Cor: branco;<br \/>\n&#8211; Tempo de secagem entre dem\u00e3os: 3 a 6 horas;<br \/>\n&#8211; Tempo de cura final: 3 dias.<\/p>\n<p>Observa\u00e7\u00e3o:<br \/>\nPara lajes expostas acima de 50 m\u00b2, executar o refor\u00e7o com tela de poli\u00e9ster Mantex e lajes acima de 100 m\u00b2 consulte o Departamento T\u00e9cnico (sac@viapol.com.br).<\/span><\/p>\n","protected":false},"featured_media":26265,"template":"","meta":{"_joinchat":[]},"product_brand":[],"product_cat":[155],"product_tag":[],"class_list":{"0":"post-16996","1":"product","2":"type-product","3":"status-publish","4":"has-post-thumbnail","6":"product_cat-impermeabilizantes-e-cia","8":"first","9":"instock","10":"shipping-taxable","11":"purchasable","12":"product-type-simple"},"_links":{"self":[{"href":"https:\/\/www.multicasa.com.br\/inicio\/wp-json\/wp\/v2\/product\/16996","targetHints":{"allow":["GET"]}}],"collection":[{"href":"https:\/\/www.multicasa.com.br\/inicio\/wp-json\/wp\/v2\/product"}],"about":[{"href":"https:\/\/www.multicasa.com.br\/inicio\/wp-json\/wp\/v2\/types\/product"}],"wp:featuredmedia":[{"embeddable":true,"href":"https:\/\/www.multicasa.com.br\/inicio\/wp-json\/wp\/v2\/media\/26265"}],"wp:attachment":[{"href":"https:\/\/www.multicasa.com.br\/inicio\/wp-json\/wp\/v2\/media?parent=16996"}],"wp:term":[{"taxonomy":"product_brand","embeddable":true,"href":"https:\/\/www.multicasa.com.br\/inicio\/wp-json\/wp\/v2\/product_brand?post=16996"},{"taxonomy":"product_cat","embeddable":true,"href":"https:\/\/www.multicasa.com.br\/inicio\/wp-json\/wp\/v2\/product_cat?post=16996"},{"taxonomy":"product_tag","embeddable":true,"href":"https:\/\/www.multicasa.com.br\/inicio\/wp-json\/wp\/v2\/product_tag?post=16996"}],"curies":[{"name":"wp","href":"https:\/\/api.w.org\/{rel}","templated":true}]}}