{"id":16998,"date":"2025-06-20T19:15:58","date_gmt":"2025-06-20T23:15:58","guid":{"rendered":"https:\/\/www.multicasa.com.br\/inicio\/?post_type=product&#038;p=16998"},"modified":"2025-07-01T13:56:34","modified_gmt":"2025-07-01T17:56:34","slug":"perfil-p-fita-led-1m-bc-2050-1-itamonte","status":"publish","type":"product","link":"https:\/\/www.multicasa.com.br\/inicio\/produto\/perfil-p-fita-led-1m-bc-2050-1-itamonte\/","title":{"rendered":"Perfil P\/Fita Led 1M Bc 2050\/1 Itamonte"},"content":{"rendered":"<p>O Perfil de LED \u00e9 uma forma moderna e tecnol\u00f3gica de ilumina\u00e7\u00e3o, com diversos modelos e tamanhos. Eles podem ser aplicados de variadas formas: em m\u00f3veis, pendentes, embutidos no teto, na parede e at\u00e9 mesmo no ch\u00e3o. Isso possibilita seu uso para ilumina\u00e7\u00e3o indireta e na ilumina\u00e7\u00e3o como decora\u00e7\u00e3o.<\/p>\n","protected":false},"excerpt":{"rendered":"<h4 style=\"margin: 0px;padding: 0px 0px 16px;font-family: Lato, sans-serif;font-weight: bold;line-height: 3rem;color: var(--dark-grey3);font-size: 22px;font-style: normal;letter-spacing: normal;text-align: start;text-indent: 0px;text-transform: none\">Informa\u00e7\u00f5es t\u00e9cnicas<\/h4>\n<p><span style=\"margin: 0px;padding: 0px;font-weight: 450;font-size: 14px;line-height: 21px;color: var(--dark-grey2);font-family: Lato, sans-serif;font-style: normal;letter-spacing: normal;text-align: start;text-indent: 0px;text-transform: none\">Produto: PERFIL P\/FITA LED 1M BC 2050\/1 ITAM<br \/>\nMarca: Metalurgica Itamonte<br \/>\nMaterial: Alum\u00ednio\/PP (Polipropileno).<br \/>\nCor: Branca<br \/>\nCaracter\u00edsticas<br \/>\n&#8211; L\u00e2mpada: N\u00e3o acompanha Fita Led e Driver<br \/>\nDimens\u00f5es:<br \/>\n26x07mm \u0096 1000mm<\/span><\/p>\n","protected":false},"featured_media":27442,"template":"","meta":{"_joinchat":[]},"product_brand":[],"product_cat":[79],"product_tag":[],"class_list":{"0":"post-16998","1":"product","2":"type-product","3":"status-publish","4":"has-post-thumbnail","6":"product_cat-iluminacao-decorativa","8":"first","9":"outofstock","10":"shipping-taxable","11":"product-type-simple"},"_links":{"self":[{"href":"https:\/\/www.multicasa.com.br\/inicio\/wp-json\/wp\/v2\/product\/16998","targetHints":{"allow":["GET"]}}],"collection":[{"href":"https:\/\/www.multicasa.com.br\/inicio\/wp-json\/wp\/v2\/product"}],"about":[{"href":"https:\/\/www.multicasa.com.br\/inicio\/wp-json\/wp\/v2\/types\/product"}],"wp:featuredmedia":[{"embeddable":true,"href":"https:\/\/www.multicasa.com.br\/inicio\/wp-json\/wp\/v2\/media\/27442"}],"wp:attachment":[{"href":"https:\/\/www.multicasa.com.br\/inicio\/wp-json\/wp\/v2\/media?parent=16998"}],"wp:term":[{"taxonomy":"product_brand","embeddable":true,"href":"https:\/\/www.multicasa.com.br\/inicio\/wp-json\/wp\/v2\/product_brand?post=16998"},{"taxonomy":"product_cat","embeddable":true,"href":"https:\/\/www.multicasa.com.br\/inicio\/wp-json\/wp\/v2\/product_cat?post=16998"},{"taxonomy":"product_tag","embeddable":true,"href":"https:\/\/www.multicasa.com.br\/inicio\/wp-json\/wp\/v2\/product_tag?post=16998"}],"curies":[{"name":"wp","href":"https:\/\/api.w.org\/{rel}","templated":true}]}}