{"id":17001,"date":"2025-06-20T19:15:58","date_gmt":"2025-06-20T23:15:58","guid":{"rendered":"https:\/\/www.multicasa.com.br\/inicio\/?post_type=product&#038;p=17001"},"modified":"2025-08-18T01:55:05","modified_gmt":"2025-08-18T05:55:05","slug":"quadro-distribuaicao-8-disjuntores-pvc-steck","status":"publish","type":"product","link":"https:\/\/www.multicasa.com.br\/inicio\/produto\/quadro-distribuaicao-8-disjuntores-pvc-steck\/","title":{"rendered":"Quadro Distribuai\u00e7\u00e3o 8 Disjuntores Pvc Steck"},"content":{"rendered":"<p>Quadros para uso residencial e industrial de sobrepor com portas revers\u00edveis que abrem e180 graus, al\u00e9m de possuir aberturas nos quatro lados para a entrada de energia. Dispon\u00edvel em v\u00e1rios tamanhos para conter de 2 a 48 m\u00f3dulos DIN.<\/p>\n","protected":false},"excerpt":{"rendered":"<h4 style=\"margin: 0px;padding: 0px 0px 16px;font-family: Lato, sans-serif;font-weight: bold;line-height: 3rem;color: var(--dark-grey3);font-size: 22px;font-style: normal;letter-spacing: normal;text-align: start;text-indent: 0px;text-transform: none\">Informa\u00e7\u00f5es t\u00e9cnicas<\/h4>\n<p><span style=\"margin: 0px;padding: 0px;font-weight: 450;font-size: 14px;line-height: 21px;color: var(--dark-grey2);font-family: Lato, sans-serif;font-style: normal;letter-spacing: normal;text-align: start;text-indent: 0px;text-transform: none\">Produto: QUADRO SOB.S\/B 8D PVC BC STECK<br \/>\nMarca: Steck<br \/>\nMaterial: PVC<br \/>\nCor: Branco<br \/>\nCaracter\u00edsticas<br \/>\n? Em conformidade com a Norma: IEC 60439-1 \/ 60436-3 \/ 60670-1 \/ 62208;<br \/>\n? Capacidade de corrente: interruptores de at\u00e9 125A;<br \/>\n? Corrente alternada: 50\/60 Hz<br \/>\n? Tens\u00e3o de trabalho: 400V<br \/>\n? Tampa branca opaca: Polietileno<br \/>\n? Base: Polietileno<br \/>\n? Trilho: Pl\u00e1stico ou Met\u00e1lico<br \/>\n? Parafuso met\u00e1lico: a\u00e7o 1018<br \/>\n? Porta fechada IP40<br \/>\n? Porta aberta IP30<br \/>\n? Entrada de eletroduto nas 4 fases: IK06.<\/p>\n<p>Dimens\u00f5es:<br \/>\n210 X 208 X 96 mm<\/span><\/p>\n","protected":false},"featured_media":25871,"template":"","meta":{"_joinchat":[]},"product_brand":[],"product_cat":[122],"product_tag":[],"class_list":{"0":"post-17001","1":"product","2":"type-product","3":"status-publish","4":"has-post-thumbnail","6":"product_cat-quadros-e-cia","8":"first","9":"outofstock","10":"shipping-taxable","11":"purchasable","12":"product-type-simple"},"_links":{"self":[{"href":"https:\/\/www.multicasa.com.br\/inicio\/wp-json\/wp\/v2\/product\/17001","targetHints":{"allow":["GET"]}}],"collection":[{"href":"https:\/\/www.multicasa.com.br\/inicio\/wp-json\/wp\/v2\/product"}],"about":[{"href":"https:\/\/www.multicasa.com.br\/inicio\/wp-json\/wp\/v2\/types\/product"}],"wp:featuredmedia":[{"embeddable":true,"href":"https:\/\/www.multicasa.com.br\/inicio\/wp-json\/wp\/v2\/media\/25871"}],"wp:attachment":[{"href":"https:\/\/www.multicasa.com.br\/inicio\/wp-json\/wp\/v2\/media?parent=17001"}],"wp:term":[{"taxonomy":"product_brand","embeddable":true,"href":"https:\/\/www.multicasa.com.br\/inicio\/wp-json\/wp\/v2\/product_brand?post=17001"},{"taxonomy":"product_cat","embeddable":true,"href":"https:\/\/www.multicasa.com.br\/inicio\/wp-json\/wp\/v2\/product_cat?post=17001"},{"taxonomy":"product_tag","embeddable":true,"href":"https:\/\/www.multicasa.com.br\/inicio\/wp-json\/wp\/v2\/product_tag?post=17001"}],"curies":[{"name":"wp","href":"https:\/\/api.w.org\/{rel}","templated":true}]}}