{"id":17004,"date":"2025-06-20T19:15:59","date_gmt":"2025-06-20T23:15:59","guid":{"rendered":"https:\/\/www.multicasa.com.br\/inicio\/?post_type=product&#038;p=17004"},"modified":"2025-06-23T10:46:37","modified_gmt":"2025-06-23T14:46:37","slug":"ventilador-3-pas-ideal-lampada-led-130w-127v","status":"publish","type":"product","link":"https:\/\/www.multicasa.com.br\/inicio\/produto\/ventilador-3-pas-ideal-lampada-led-130w-127v\/","title":{"rendered":"Ventilador 3 Pas Ideal Lampada Led 130W 127V"},"content":{"rendered":"<p>Nos dias de calor, um ventilador de teto pode ajudar a lidar com as altas temperaturas. O ventilador ideal led da ventidelta combina design,beleza e qualidade sendo pr\u00e1tico e econ\u00f4mico, \u00e9 um aparelho que promete circular o ar de modo que o ambiente fique mais fresco.  <\/p>\n","protected":false},"excerpt":{"rendered":"<h4 style=\"margin: 0px;padding: 0px 0px 16px;font-family: Lato, sans-serif;font-weight: bold;line-height: 3rem;color: var(--dark-grey3);font-size: 22px;font-style: normal;letter-spacing: normal;text-align: start;text-indent: 0px;text-transform: none\">Informa\u00e7\u00f5es t\u00e9cnicas<\/h4>\n<p><span style=\"margin: 0px;padding: 0px;font-weight: 450;font-size: 14px;line-height: 21px;color: var(--dark-grey2);font-family: Lato, sans-serif;font-style: normal;letter-spacing: normal;text-align: start;text-indent: 0px;text-transform: none\">Produto: VENTILADOR 3P IDEAL LED 130W 127V<br \/>\nMarca: Venti-Delta<br \/>\nMaterial: Alum\u00ednio<br \/>\nCor: Preta<br \/>\nCaracter\u00edsticas<br \/>\n&#8211; Pot\u00eancia: 130W<br \/>\n&#8211; Rota\u00e7\u00e3o M\u00e1xima: 180 a 460 rpm<br \/>\n&#8211; P\u00e1s: 3 p\u00e1s laqueadas na cor branca ou preta<br \/>\n&#8211; \u00c1rea de Ventila\u00e7\u00e3o: 20m\u00b2<br \/>\n&#8211; Voltagem: 127v ou 220v<br \/>\n&#8211; Ilumina\u00e7\u00e3o: Lumin\u00e1ria de LED com 18w \u0096 J\u00e1 Incluso<br \/>\n&#8211; Cor: 6.000 k \u0096 branca  \/ 3.000 k \u0096 amarela (sob encomenda)<br \/>\n&#8211; Controle de Velocidade: c3v (exaust\u00e3o e ventila\u00e7\u00e3o com controle de velocidade m\u00ednimo, m\u00e9dio e m\u00e1ximo)<br \/>\n&#8211; Garantia: 12 Meses<br \/>\n&#8211; Peso Bruto: 4,190 Kg<br \/>\n&#8211; Peso L\u00edquido: 2,675 Kg<br \/>\n&#8211; Dimens\u00e3o do produto montado: (Altura \/ Di\u00e2metro) 40 x 116 cm<\/p>\n<p>Dimens\u00f5es da Embalagem: (C x L x A): 60 x 37 x 21 cm<\/span><\/p>\n","protected":false},"featured_media":26270,"template":"","meta":{"_joinchat":[]},"product_brand":[],"product_cat":[160],"product_tag":[],"class_list":{"0":"post-17004","1":"product","2":"type-product","3":"status-publish","4":"has-post-thumbnail","6":"product_cat-ventiladores-decorativos","8":"first","9":"outofstock","10":"shipping-taxable","11":"product-type-simple"},"_links":{"self":[{"href":"https:\/\/www.multicasa.com.br\/inicio\/wp-json\/wp\/v2\/product\/17004","targetHints":{"allow":["GET"]}}],"collection":[{"href":"https:\/\/www.multicasa.com.br\/inicio\/wp-json\/wp\/v2\/product"}],"about":[{"href":"https:\/\/www.multicasa.com.br\/inicio\/wp-json\/wp\/v2\/types\/product"}],"wp:featuredmedia":[{"embeddable":true,"href":"https:\/\/www.multicasa.com.br\/inicio\/wp-json\/wp\/v2\/media\/26270"}],"wp:attachment":[{"href":"https:\/\/www.multicasa.com.br\/inicio\/wp-json\/wp\/v2\/media?parent=17004"}],"wp:term":[{"taxonomy":"product_brand","embeddable":true,"href":"https:\/\/www.multicasa.com.br\/inicio\/wp-json\/wp\/v2\/product_brand?post=17004"},{"taxonomy":"product_cat","embeddable":true,"href":"https:\/\/www.multicasa.com.br\/inicio\/wp-json\/wp\/v2\/product_cat?post=17004"},{"taxonomy":"product_tag","embeddable":true,"href":"https:\/\/www.multicasa.com.br\/inicio\/wp-json\/wp\/v2\/product_tag?post=17004"}],"curies":[{"name":"wp","href":"https:\/\/api.w.org\/{rel}","templated":true}]}}