{"id":17005,"date":"2025-06-20T19:15:59","date_gmt":"2025-06-20T23:15:59","guid":{"rendered":"https:\/\/www.multicasa.com.br\/inicio\/?post_type=product&#038;p=17005"},"modified":"2026-02-26T05:28:58","modified_gmt":"2026-02-26T09:28:58","slug":"copo-termico-inox-591ml-pt-coleman","status":"publish","type":"product","link":"https:\/\/www.multicasa.com.br\/inicio\/produto\/copo-termico-inox-591ml-pt-coleman\/","title":{"rendered":"Copo Termico Inox 591Ml Pt Coleman"},"content":{"rendered":"<p>O Copo T\u00e9rmico de Cerveja da Coleman com Abridor \u00e9 perfeito para voc\u00ea ter sempre ao seu lado a sua bebida preferida e na temperatura ideal. Com capacidade para 591ml ele mant\u00e9m a sua bebida gelada por at\u00e9 15 horas. Ele \u00e9 feito em A\u00e7o Inox 18\/8 e possui parede dupla e isolamento a v\u00e1cuo, que garante a conserva\u00e7\u00e3o da temperatura e faz com que a parede externa n\u00e3o transpire. Produto premium alinhado a design e acabamento robusto, seu diferencial esta na sua base, aonde est\u00e1 acoplado um abridor de garrafas que facilitar\u00e1 o uso no dia a dia.<\/p>\n","protected":false},"excerpt":{"rendered":"<h4 style=\"margin: 0px;padding: 0px 0px 16px;font-family: Lato, sans-serif;font-weight: bold;line-height: 3rem;color: var(--dark-grey3);font-size: 22px;font-style: normal;letter-spacing: normal;text-align: start;text-indent: 0px;text-transform: none\">Informa\u00e7\u00f5es t\u00e9cnicas<\/h4>\n<p><span style=\"margin: 0px;padding: 0px;font-weight: 450;font-size: 14px;line-height: 21px;color: var(--dark-grey2);font-family: Lato, sans-serif;font-style: normal;letter-spacing: normal;text-align: start;text-indent: 0px;text-transform: none\">Produto: COPO TERM.INOX 591ML PT COLEMAN<br \/>\nMarca: Coleman<br \/>\nMaterial: A\u00e7o inoxid\u00e1vel<br \/>\nCor: Preta<br \/>\nCaracter\u00edsticas<br \/>\n&#8211; Parede dupla com isolamento a v\u00e1cuo;<br \/>\n&#8211; Parte externa n\u00e3o suja;<br \/>\n&#8211; A\u00e7o Inox 18\/8;<br \/>\n&#8211; Designer de manuseio f\u00e1cil;<br \/>\n&#8211; Tampa transparente livre de bpa;<br \/>\n&#8211; Abridor de Garrafa acoplado na base do copo;<br \/>\n&#8211; Fundo Emborrachado reduz o ru\u00eddo e o deslizamento em superf\u00edcies planas evitando quedas.<\/p>\n<p>Dimens\u00e3o (AxLxP): 17,5 x 9,5 x 9,5cm<\/span><\/p>\n","protected":false},"featured_media":25022,"template":"","meta":{"_joinchat":[]},"product_brand":[],"product_cat":[136],"product_tag":[],"class_list":{"0":"post-17005","1":"product","2":"type-product","3":"status-publish","4":"has-post-thumbnail","6":"product_cat-lazer","8":"first","9":"outofstock","10":"shipping-taxable","11":"product-type-simple"},"_links":{"self":[{"href":"https:\/\/www.multicasa.com.br\/inicio\/wp-json\/wp\/v2\/product\/17005","targetHints":{"allow":["GET"]}}],"collection":[{"href":"https:\/\/www.multicasa.com.br\/inicio\/wp-json\/wp\/v2\/product"}],"about":[{"href":"https:\/\/www.multicasa.com.br\/inicio\/wp-json\/wp\/v2\/types\/product"}],"wp:featuredmedia":[{"embeddable":true,"href":"https:\/\/www.multicasa.com.br\/inicio\/wp-json\/wp\/v2\/media\/25022"}],"wp:attachment":[{"href":"https:\/\/www.multicasa.com.br\/inicio\/wp-json\/wp\/v2\/media?parent=17005"}],"wp:term":[{"taxonomy":"product_brand","embeddable":true,"href":"https:\/\/www.multicasa.com.br\/inicio\/wp-json\/wp\/v2\/product_brand?post=17005"},{"taxonomy":"product_cat","embeddable":true,"href":"https:\/\/www.multicasa.com.br\/inicio\/wp-json\/wp\/v2\/product_cat?post=17005"},{"taxonomy":"product_tag","embeddable":true,"href":"https:\/\/www.multicasa.com.br\/inicio\/wp-json\/wp\/v2\/product_tag?post=17005"}],"curies":[{"name":"wp","href":"https:\/\/api.w.org\/{rel}","templated":true}]}}