{"id":17007,"date":"2025-06-20T19:15:59","date_gmt":"2025-06-20T23:15:59","guid":{"rendered":"https:\/\/www.multicasa.com.br\/inicio\/?post_type=product&#038;p=17007"},"modified":"2026-04-25T11:30:20","modified_gmt":"2026-04-25T15:30:20","slug":"faca-refile-aereo-10-starret","status":"publish","type":"product","link":"https:\/\/www.multicasa.com.br\/inicio\/produto\/faca-refile-aereo-10-starret\/","title":{"rendered":"Faca Refile Aereo 10&#8243; Starret"},"content":{"rendered":"<p>J\u00e1 reconhecida pela qualidade e precis\u00e3o dos seus produtos, este lan\u00e7amento oferece para a\u00e7ougues, frigor\u00edficos, supermercados e profissionais da ind\u00fastria de alimentos em geral uma nova e excelente op\u00e7\u00e3o para o corte de carnes.<\/p>\n","protected":false},"excerpt":{"rendered":"<h4 style=\"margin: 0px;padding: 0px 0px 16px;font-family: Lato, sans-serif;font-weight: bold;line-height: 3rem;color: var(--dark-grey3);font-size: 22px;font-style: normal;letter-spacing: normal;text-align: start;text-indent: 0px;text-transform: none\">Informa\u00e7\u00f5es t\u00e9cnicas<\/h4>\n<p><span style=\"margin: 0px;padding: 0px;font-weight: 450;font-size: 14px;line-height: 21px;color: var(--dark-grey2);font-family: Lato, sans-serif;font-style: normal;letter-spacing: normal;text-align: start;text-indent: 0px;text-transform: none\">&#8211; L\u00e2minas em a\u00e7o inoxid\u00e1vel<br \/>\n&#8211; Cabos ergon\u00f4micos e injetados em polipropileno que propicia melhor conforto<br \/>\n&#8211; Acabamento polido da l\u00e2mina<br \/>\n&#8211; Identifica\u00e7\u00e3o com grava\u00e7\u00e3o a laser no corpo da l\u00e2mina Liga de a\u00e7o especial, com alta dureza proporcionando maior vida \u00fatil<br \/>\n&#8211; Vantagens: Alto \u00edndice de durabilidade.<br \/>\n&#8211; Prote\u00e7\u00e3o antimicrobiana Higienizada nos cabos (evita prolifera\u00e7\u00e3o de bact\u00e9rias).<br \/>\n&#8211; Maior seguran\u00e7a.<br \/>\n&#8211; Garantia de proced\u00eancia e rastreabilidade.<br \/>\n&#8211; N\u00e3o mancha e n\u00e3o oxida.<br \/>\n&#8211; \u00c2ngulo exclusivo de afia\u00e7\u00e3o permitindo cortes com mais impacto<\/span><\/p>\n","protected":false},"featured_media":25173,"template":"","meta":{"_joinchat":[]},"product_brand":[],"product_cat":[136],"product_tag":[],"class_list":{"0":"post-17007","1":"product","2":"type-product","3":"status-publish","4":"has-post-thumbnail","6":"product_cat-lazer","8":"first","9":"instock","10":"shipping-taxable","11":"purchasable","12":"product-type-simple"},"_links":{"self":[{"href":"https:\/\/www.multicasa.com.br\/inicio\/wp-json\/wp\/v2\/product\/17007","targetHints":{"allow":["GET"]}}],"collection":[{"href":"https:\/\/www.multicasa.com.br\/inicio\/wp-json\/wp\/v2\/product"}],"about":[{"href":"https:\/\/www.multicasa.com.br\/inicio\/wp-json\/wp\/v2\/types\/product"}],"wp:featuredmedia":[{"embeddable":true,"href":"https:\/\/www.multicasa.com.br\/inicio\/wp-json\/wp\/v2\/media\/25173"}],"wp:attachment":[{"href":"https:\/\/www.multicasa.com.br\/inicio\/wp-json\/wp\/v2\/media?parent=17007"}],"wp:term":[{"taxonomy":"product_brand","embeddable":true,"href":"https:\/\/www.multicasa.com.br\/inicio\/wp-json\/wp\/v2\/product_brand?post=17007"},{"taxonomy":"product_cat","embeddable":true,"href":"https:\/\/www.multicasa.com.br\/inicio\/wp-json\/wp\/v2\/product_cat?post=17007"},{"taxonomy":"product_tag","embeddable":true,"href":"https:\/\/www.multicasa.com.br\/inicio\/wp-json\/wp\/v2\/product_tag?post=17007"}],"curies":[{"name":"wp","href":"https:\/\/api.w.org\/{rel}","templated":true}]}}