{"id":17011,"date":"2025-06-20T19:15:59","date_gmt":"2025-06-20T23:15:59","guid":{"rendered":"https:\/\/www.multicasa.com.br\/inicio\/?post_type=product&#038;p=17011"},"modified":"2026-04-20T09:30:54","modified_gmt":"2026-04-20T13:30:54","slug":"barra-apoio-reta-inox-32x400-geris","status":"publish","type":"product","link":"https:\/\/www.multicasa.com.br\/inicio\/produto\/barra-apoio-reta-inox-32x400-geris\/","title":{"rendered":"Barra Apoio Reta Inox 32X400 Geris"},"content":{"rendered":"<p>As barras de apoio s\u00e3o pe\u00e7as que auxiliam pessoas que necessitam de ajuda ao utilizar o banheiro, como idosos e portadores de paraplegia. Elas contribuem com a seguran\u00e7a e o conforto das pessoas no momento de utilizar o vaso sanit\u00e1rio, na hora do banho ou nos demais uso dos banheiros. A barra de apoio em a\u00e7o inox AISI 304 da Geris, conta com uma canopla de acabamento para ocultar a fixa\u00e7\u00e3o com di\u00e2metro de  32mm.<\/p>\n","protected":false},"excerpt":{"rendered":"<h4 style=\"margin: 0px;padding: 0px 0px 16px;font-family: Lato, sans-serif;font-weight: bold;line-height: 3rem;color: var(--dark-grey3);font-size: 22px;font-style: normal;letter-spacing: normal;text-align: start;text-indent: 0px;text-transform: none\">Informa\u00e7\u00f5es t\u00e9cnicas<\/h4>\n<p><span style=\"margin: 0px;padding: 0px;font-weight: 450;font-size: 14px;line-height: 21px;color: var(--dark-grey2);font-family: Lato, sans-serif;font-style: normal;letter-spacing: normal;text-align: start;text-indent: 0px;text-transform: none\">Produto: BARRA APOIO RETA INOX<br \/>\nMarca: Geris<br \/>\nMaterial: A\u00e7o inox<br \/>\nCor: Cromada<br \/>\nDimens\u00e3o<br \/>\n32 x 400 mm<\/span><\/p>\n","protected":false},"featured_media":24664,"template":"","meta":{"_joinchat":[]},"product_brand":[],"product_cat":[69],"product_tag":[],"class_list":{"0":"post-17011","1":"product","2":"type-product","3":"status-publish","4":"has-post-thumbnail","6":"product_cat-acessorios-para-banheiro","8":"first","9":"instock","10":"shipping-taxable","11":"purchasable","12":"product-type-simple"},"_links":{"self":[{"href":"https:\/\/www.multicasa.com.br\/inicio\/wp-json\/wp\/v2\/product\/17011","targetHints":{"allow":["GET"]}}],"collection":[{"href":"https:\/\/www.multicasa.com.br\/inicio\/wp-json\/wp\/v2\/product"}],"about":[{"href":"https:\/\/www.multicasa.com.br\/inicio\/wp-json\/wp\/v2\/types\/product"}],"wp:featuredmedia":[{"embeddable":true,"href":"https:\/\/www.multicasa.com.br\/inicio\/wp-json\/wp\/v2\/media\/24664"}],"wp:attachment":[{"href":"https:\/\/www.multicasa.com.br\/inicio\/wp-json\/wp\/v2\/media?parent=17011"}],"wp:term":[{"taxonomy":"product_brand","embeddable":true,"href":"https:\/\/www.multicasa.com.br\/inicio\/wp-json\/wp\/v2\/product_brand?post=17011"},{"taxonomy":"product_cat","embeddable":true,"href":"https:\/\/www.multicasa.com.br\/inicio\/wp-json\/wp\/v2\/product_cat?post=17011"},{"taxonomy":"product_tag","embeddable":true,"href":"https:\/\/www.multicasa.com.br\/inicio\/wp-json\/wp\/v2\/product_tag?post=17011"}],"curies":[{"name":"wp","href":"https:\/\/api.w.org\/{rel}","templated":true}]}}