{"id":17015,"date":"2025-06-20T19:16:00","date_gmt":"2025-06-20T23:16:00","guid":{"rendered":"https:\/\/www.multicasa.com.br\/inicio\/?post_type=product&#038;p=17015"},"modified":"2025-06-20T19:16:07","modified_gmt":"2025-06-20T23:16:07","slug":"lampada-bulbo-hp-led-30w-branca-bivolt-e27-avant","status":"publish","type":"product","link":"https:\/\/www.multicasa.com.br\/inicio\/produto\/lampada-bulbo-hp-led-30w-branca-bivolt-e27-avant\/","title":{"rendered":"L\u00e2mpada Bulbo HP Led 30W Branca Bivolt E27 Avant"},"content":{"rendered":"<p>A L\u00e2mpada Bulbo HP Led da Avant \u00e9 indicada para ilumina\u00e7\u00e3o industrial e comercial de grandes \u00e1reas e retrofit de l\u00e2mpadas com alta pot\u00eancia. Bivolt, com pot\u00eancia de 30W na cor branca e base E27. N\u00e3o aquece o ambiente (n\u00e3o emite infravermelho), possui driver interno isolado. N\u00e3o desbota objetos (n\u00e3o emite ultravioleta) e tamb\u00e9m tem baixo consumo de energia em rela\u00e7\u00e3o as l\u00e2mpadas incandescentes e fluorescentes.<\/p>\n","protected":false},"excerpt":{"rendered":"<h4 style=\"margin: 0px;padding: 0px 0px 16px;font-family: Lato, sans-serif;font-weight: bold;line-height: 3rem;color: var(--dark-grey3);font-size: 22px;font-style: normal;letter-spacing: normal;text-align: start;text-indent: 0px;text-transform: none\">Informa\u00e7\u00f5es t\u00e9cnicas<\/h4>\n<p><span style=\"margin: 0px;padding: 0px;font-weight: 450;font-size: 14px;line-height: 21px;color: var(--dark-grey2);font-family: Lato, sans-serif;font-style: normal;letter-spacing: normal;text-align: start;text-indent: 0px;text-transform: none\">Produto: L\u00e2mpada                                                                                                                                                      Tipo: Bulbo HP<br \/>\nMarca: Avant<br \/>\nMaterial: Policarbonato e alum\u00ednio<br \/>\nCor da Luz: Branca<br \/>\nPot\u00eancia: 30W<br \/>\nTens\u00e3o El\u00e9trica: Bivolt<br \/>\nTemperatura de cor: 6500K<br \/>\nCaracter\u00edsticas: LED; Base E27; \u00cdndice de prote\u00e7\u00e3o: IP20; Vida \u00fatil: 25 mil horas; Fluxo luminoso: 2400lm; Equival\u00eancia: incandescente: 150W, Fluorescente: 41W.<br \/>\nItens Inclusos: 1 L\u00e2mpada bulbo<br \/>\nDimens\u00f5es do produto (A X L): 135 x 80mm<br \/>\nPeso:                                                                                                                                                                     Garantia: 1 ano<\/span><\/p>\n","protected":false},"featured_media":17027,"template":"","meta":{"_joinchat":[]},"product_brand":[],"product_cat":[80],"product_tag":[],"class_list":{"0":"post-17015","1":"product","2":"type-product","3":"status-publish","4":"has-post-thumbnail","6":"product_cat-lampadas","8":"first","9":"outofstock","10":"shipping-taxable","11":"product-type-simple"},"_links":{"self":[{"href":"https:\/\/www.multicasa.com.br\/inicio\/wp-json\/wp\/v2\/product\/17015","targetHints":{"allow":["GET"]}}],"collection":[{"href":"https:\/\/www.multicasa.com.br\/inicio\/wp-json\/wp\/v2\/product"}],"about":[{"href":"https:\/\/www.multicasa.com.br\/inicio\/wp-json\/wp\/v2\/types\/product"}],"wp:featuredmedia":[{"embeddable":true,"href":"https:\/\/www.multicasa.com.br\/inicio\/wp-json\/wp\/v2\/media\/17027"}],"wp:attachment":[{"href":"https:\/\/www.multicasa.com.br\/inicio\/wp-json\/wp\/v2\/media?parent=17015"}],"wp:term":[{"taxonomy":"product_brand","embeddable":true,"href":"https:\/\/www.multicasa.com.br\/inicio\/wp-json\/wp\/v2\/product_brand?post=17015"},{"taxonomy":"product_cat","embeddable":true,"href":"https:\/\/www.multicasa.com.br\/inicio\/wp-json\/wp\/v2\/product_cat?post=17015"},{"taxonomy":"product_tag","embeddable":true,"href":"https:\/\/www.multicasa.com.br\/inicio\/wp-json\/wp\/v2\/product_tag?post=17015"}],"curies":[{"name":"wp","href":"https:\/\/api.w.org\/{rel}","templated":true}]}}