{"id":17016,"date":"2025-06-20T19:16:00","date_gmt":"2025-06-20T23:16:00","guid":{"rendered":"https:\/\/www.multicasa.com.br\/inicio\/?post_type=product&#038;p=17016"},"modified":"2025-07-01T13:53:46","modified_gmt":"2025-07-01T17:53:46","slug":"lampada-led-tubular-t8-40w-bivolt-6-5k-kian","status":"publish","type":"product","link":"https:\/\/www.multicasa.com.br\/inicio\/produto\/lampada-led-tubular-t8-40w-bivolt-6-5k-kian\/","title":{"rendered":"Lampada Led Tubular T8 40W Bivolt 6.5K Kian"},"content":{"rendered":"<p>Dispon\u00edvel no tamanho de 240cm, a l\u00e2mpada possui base G13 e adaptador R17d. Com as dimens\u00f5es de uma l\u00e2mpada fluorescente HO convencional, substituindo perfeitamente e dispensando o uso de reatores, sendo conectado diretamente a rede el\u00e9trica.<\/p>\n","protected":false},"excerpt":{"rendered":"<h4 style=\"margin: 0px;padding: 0px 0px 16px;font-family: Lato, sans-serif;font-weight: bold;line-height: 3rem;color: var(--dark-grey3);font-size: 22px;font-style: normal;letter-spacing: normal;text-align: start;text-indent: 0px;text-transform: none\">Informa\u00e7\u00f5es t\u00e9cnicas<\/h4>\n<p><span style=\"margin: 0px;padding: 0px;font-weight: 450;font-size: 14px;line-height: 21px;color: var(--dark-grey2);font-family: Lato, sans-serif;font-style: normal;letter-spacing: normal;text-align: start;text-indent: 0px;text-transform: none\">Produto: LAMPADA LED TUB.T8 40W BIV.6.5K KIA<br \/>\nMarca: Kian<br \/>\nMaterial: Pl\u00e1stica<br \/>\nCor: Branca<br \/>\nCaracter\u00edsticas<br \/>\n&#8211; Tipo de base: G13;<br \/>\n&#8211; Angulo de abertura: omnidirecional;<br \/>\n&#8211; Multitens\u00e3o: 100-240V;<br \/>\n&#8211; Grau de prote\u00e7\u00e3o: IP20;<br \/>\n&#8211; IRC: 80;<br \/>\n&#8211; temperatura de cor: 6500K;<br \/>\n&#8211; Fluxo luminoso: 3.800 lm;<br \/>\n&#8211; Vida \u00fatil: 25.000 Horas.<\/p>\n<p>Dimens\u00f5es:<br \/>\n2371 x 30 mm<\/span><\/p>\n","protected":false},"featured_media":27371,"template":"","meta":{"_joinchat":[]},"product_brand":[],"product_cat":[145],"product_tag":[],"class_list":{"0":"post-17016","1":"product","2":"type-product","3":"status-publish","4":"has-post-thumbnail","6":"product_cat-leds-comerciais","8":"first","9":"outofstock","10":"shipping-taxable","11":"product-type-simple"},"_links":{"self":[{"href":"https:\/\/www.multicasa.com.br\/inicio\/wp-json\/wp\/v2\/product\/17016","targetHints":{"allow":["GET"]}}],"collection":[{"href":"https:\/\/www.multicasa.com.br\/inicio\/wp-json\/wp\/v2\/product"}],"about":[{"href":"https:\/\/www.multicasa.com.br\/inicio\/wp-json\/wp\/v2\/types\/product"}],"wp:featuredmedia":[{"embeddable":true,"href":"https:\/\/www.multicasa.com.br\/inicio\/wp-json\/wp\/v2\/media\/27371"}],"wp:attachment":[{"href":"https:\/\/www.multicasa.com.br\/inicio\/wp-json\/wp\/v2\/media?parent=17016"}],"wp:term":[{"taxonomy":"product_brand","embeddable":true,"href":"https:\/\/www.multicasa.com.br\/inicio\/wp-json\/wp\/v2\/product_brand?post=17016"},{"taxonomy":"product_cat","embeddable":true,"href":"https:\/\/www.multicasa.com.br\/inicio\/wp-json\/wp\/v2\/product_cat?post=17016"},{"taxonomy":"product_tag","embeddable":true,"href":"https:\/\/www.multicasa.com.br\/inicio\/wp-json\/wp\/v2\/product_tag?post=17016"}],"curies":[{"name":"wp","href":"https:\/\/api.w.org\/{rel}","templated":true}]}}