{"id":17017,"date":"2025-06-20T19:16:00","date_gmt":"2025-06-20T23:16:00","guid":{"rendered":"https:\/\/www.multicasa.com.br\/inicio\/?post_type=product&#038;p=17017"},"modified":"2025-08-17T19:05:39","modified_gmt":"2025-08-17T23:05:39","slug":"vedante-adesivo-p-porta-150cm-comfort","status":"publish","type":"product","link":"https:\/\/www.multicasa.com.br\/inicio\/produto\/vedante-adesivo-p-porta-150cm-comfort\/","title":{"rendered":"Vedante Adesivo P\/ Porta 150Cm Comfort"},"content":{"rendered":"<p>O Veda Porta Adesivo \u00e9 um produto projetado para realizar veda\u00e7\u00f5es de portas com rapidez e praticidade. Pode ser instalado por qualquer pessoa, sem a necessidade de ferramentas ou acess\u00f3rios. Bastante vers\u00e1til, pode ser utilizado em portas de diversos modelos e instaladas em v\u00e1rios c\u00f4modos. Sua instala\u00e7\u00e3o \u00e9 f\u00e1cil, r\u00e1pida e voc\u00ea pode escolher se prefere parafusar ou utilizar o adesivo.<\/p>\n","protected":false},"excerpt":{"rendered":"<h4 style=\"margin: 0px;padding: 0px 0px 16px;font-family: Lato, sans-serif;font-weight: bold;line-height: 3rem;color: var(--dark-grey3);font-size: 22px;font-style: normal;letter-spacing: normal;text-align: start;text-indent: 0px;text-transform: none\">Informa\u00e7\u00f5es t\u00e9cnicas<\/h4>\n<p><span style=\"margin: 0px;padding: 0px;font-weight: 450;font-size: 14px;line-height: 21px;color: var(--dark-grey2);font-family: Lato, sans-serif;font-style: normal;letter-spacing: normal;text-align: start;text-indent: 0px;text-transform: none\">Produto: VEDANTE ADES.PORTA 150CM TR COMFORT<br \/>\nMarca: Comfort<br \/>\nMaterial: PVC<br \/>\nCor: Transparente<br \/>\nCaracter\u00edsticas<br \/>\n&#8211; Sua tonalidade \u00e9 de f\u00e1cil harmonia com portas de madeira. Desse modo, a est\u00e9tica do ambiente \u00e9 preservada;<br \/>\n&#8211; Ele tamb\u00e9m combina com v\u00e1rios pisos;<br \/>\n&#8211; O Veda Porta Adesivo ou Parafusar transparente 150cm proporciona maior seguran\u00e7a aos moradores;<br \/>\n&#8211; \u00c9 um produto que traz conforto e mais comodidade;<br \/>\n&#8211; Como evita a passagem de vento, seu uso faz com que a casa fique menos fria;<br \/>\n&#8211; Ao minimizar a entrada de barulho externo tamb\u00e9m favorece a tranquilidade dos moradores;<br \/>\n&#8211; Com este artigo \u00e9 poss\u00edvel unir praticidade e beleza.<\/p>\n<p>Dimens\u00f5es do Produto<br \/>\n150 cm<\/span><\/p>\n","protected":false},"featured_media":27530,"template":"","meta":{"_joinchat":[]},"product_brand":[],"product_cat":[141],"product_tag":[],"class_list":{"0":"post-17017","1":"product","2":"type-product","3":"status-publish","4":"has-post-thumbnail","6":"product_cat-marcenaria","8":"first","9":"outofstock","10":"shipping-taxable","11":"purchasable","12":"product-type-simple"},"_links":{"self":[{"href":"https:\/\/www.multicasa.com.br\/inicio\/wp-json\/wp\/v2\/product\/17017","targetHints":{"allow":["GET"]}}],"collection":[{"href":"https:\/\/www.multicasa.com.br\/inicio\/wp-json\/wp\/v2\/product"}],"about":[{"href":"https:\/\/www.multicasa.com.br\/inicio\/wp-json\/wp\/v2\/types\/product"}],"wp:featuredmedia":[{"embeddable":true,"href":"https:\/\/www.multicasa.com.br\/inicio\/wp-json\/wp\/v2\/media\/27530"}],"wp:attachment":[{"href":"https:\/\/www.multicasa.com.br\/inicio\/wp-json\/wp\/v2\/media?parent=17017"}],"wp:term":[{"taxonomy":"product_brand","embeddable":true,"href":"https:\/\/www.multicasa.com.br\/inicio\/wp-json\/wp\/v2\/product_brand?post=17017"},{"taxonomy":"product_cat","embeddable":true,"href":"https:\/\/www.multicasa.com.br\/inicio\/wp-json\/wp\/v2\/product_cat?post=17017"},{"taxonomy":"product_tag","embeddable":true,"href":"https:\/\/www.multicasa.com.br\/inicio\/wp-json\/wp\/v2\/product_tag?post=17017"}],"curies":[{"name":"wp","href":"https:\/\/api.w.org\/{rel}","templated":true}]}}