{"id":17025,"date":"2025-06-20T19:16:01","date_gmt":"2025-06-20T23:16:01","guid":{"rendered":"https:\/\/www.multicasa.com.br\/inicio\/?post_type=product&#038;p=17025"},"modified":"2026-03-06T11:00:30","modified_gmt":"2026-03-06T15:00:30","slug":"luminaria-led-tubular-t5-18w-bivolt-6-5k-blumenau","status":"publish","type":"product","link":"https:\/\/www.multicasa.com.br\/inicio\/produto\/luminaria-led-tubular-t5-18w-bivolt-6-5k-blumenau\/","title":{"rendered":"Lumin\u00e1ria Led Tubular T5 18W Bivolt 6.5K Blumenau"},"content":{"rendered":"<p>As lumin\u00e1rias s\u00e3o ideais para iluminar grandes espa\u00e7os,  podem ser utilizadas de diversas formas, mas foram pensadas inicialmente para a ilumina\u00e7\u00e3o Comercial, em ambientes empresariais, espa\u00e7os de ind\u00fastria, escrit\u00f3rios extensos ou oficinas e galp\u00f5es. A lumin\u00e1ria tamb\u00e9m consegue dar um toque de aconchego e intimidade ou um design mais moderno e arrojado ao lugar.<\/p>\n","protected":false},"excerpt":{"rendered":"<h4 style=\"margin: 0px;padding: 0px 0px 16px;font-family: Lato, sans-serif;font-weight: bold;line-height: 3rem;color: var(--dark-grey3);font-size: 22px;font-style: normal;letter-spacing: normal;text-align: start;text-indent: 0px;text-transform: none\">Informa\u00e7\u00f5es t\u00e9cnicas<\/h4>\n<p><span style=\"margin: 0px;padding: 0px;font-weight: 450;font-size: 14px;line-height: 21px;color: var(--dark-grey2);font-family: Lato, sans-serif;font-style: normal;letter-spacing: normal;text-align: start;text-indent: 0px;text-transform: none\">Produto: LUMINARIA LED TUB.T5 18W BIVOLT<br \/>\nMarca: Blumenau<br \/>\nMaterial: Alum\u00ednio<br \/>\nCor: Branca<br \/>\nCaracter\u00edsticas<br \/>\n&#8211; Garantia de 1 anos;<br \/>\n&#8211; Tens\u00e3o:100-240V | 50\/60 Hz<br \/>\n&#8211; Grau de prote\u00e7\u00e3o: IP40;<br \/>\n&#8211; temperatura de cor: 6500K;<br \/>\n&#8211; Fluxo luminoso: 1350 lm;<br \/>\n&#8211; Vida \u00fatil: 25.000 Horas.<br \/>\n&#8211; \u00c2ngulo do facho: 135\u00b0<br \/>\n&#8211; Efici\u00eancia Luminosa: 75 Im\/W<\/p>\n<p>Dimens\u00f5es:<br \/>\n1200 x 35 x 22mm<\/span><\/p>\n","protected":false},"featured_media":25483,"template":"","meta":{"_joinchat":[]},"product_brand":[],"product_cat":[145],"product_tag":[],"class_list":{"0":"post-17025","1":"product","2":"type-product","3":"status-publish","4":"has-post-thumbnail","6":"product_cat-leds-comerciais","8":"first","9":"instock","10":"shipping-taxable","11":"purchasable","12":"product-type-simple"},"_links":{"self":[{"href":"https:\/\/www.multicasa.com.br\/inicio\/wp-json\/wp\/v2\/product\/17025","targetHints":{"allow":["GET"]}}],"collection":[{"href":"https:\/\/www.multicasa.com.br\/inicio\/wp-json\/wp\/v2\/product"}],"about":[{"href":"https:\/\/www.multicasa.com.br\/inicio\/wp-json\/wp\/v2\/types\/product"}],"wp:featuredmedia":[{"embeddable":true,"href":"https:\/\/www.multicasa.com.br\/inicio\/wp-json\/wp\/v2\/media\/25483"}],"wp:attachment":[{"href":"https:\/\/www.multicasa.com.br\/inicio\/wp-json\/wp\/v2\/media?parent=17025"}],"wp:term":[{"taxonomy":"product_brand","embeddable":true,"href":"https:\/\/www.multicasa.com.br\/inicio\/wp-json\/wp\/v2\/product_brand?post=17025"},{"taxonomy":"product_cat","embeddable":true,"href":"https:\/\/www.multicasa.com.br\/inicio\/wp-json\/wp\/v2\/product_cat?post=17025"},{"taxonomy":"product_tag","embeddable":true,"href":"https:\/\/www.multicasa.com.br\/inicio\/wp-json\/wp\/v2\/product_tag?post=17025"}],"curies":[{"name":"wp","href":"https:\/\/api.w.org\/{rel}","templated":true}]}}