{"id":17029,"date":"2025-06-20T19:16:10","date_gmt":"2025-06-20T23:16:10","guid":{"rendered":"https:\/\/www.multicasa.com.br\/inicio\/?post_type=product&#038;p=17029"},"modified":"2025-11-10T10:44:10","modified_gmt":"2025-11-10T14:44:10","slug":"spot-led-embuir-quadrado-5w-bivolt-3-0k-led","status":"publish","type":"product","link":"https:\/\/www.multicasa.com.br\/inicio\/produto\/spot-led-embuir-quadrado-5w-bivolt-3-0k-led\/","title":{"rendered":"Spot Led Embuir Quadrado 5W Bivolt 3.0K Led"},"content":{"rendered":"<p>Embutir EASY LED, possui design moderno e compacto, estruturado em ABS com difusor em acr\u00edlico transparente com encapsulamento e molas em a\u00e7o. Modelo com LED integrado, pronto para instalar. Ideal para \u00e1reas corporativas, comerciais e residenciais.<\/p>\n","protected":false},"excerpt":{"rendered":"<h4 style=\"margin: 0px;padding: 0px 0px 16px;font-family: Lato, sans-serif;font-weight: bold;line-height: 3rem;color: var(--dark-grey3);font-size: 22px;font-style: normal;letter-spacing: normal;text-align: start;text-indent: 0px;text-transform: none\">Informa\u00e7\u00f5es t\u00e9cnicas<\/h4>\n<p><span style=\"margin: 0px;padding: 0px;font-weight: 450;font-size: 14px;line-height: 21px;color: var(--dark-grey2);font-family: Lato, sans-serif;font-style: normal;letter-spacing: normal;text-align: start;text-indent: 0px;text-transform: none\">Produto: SPOT LED EMB.QD.5W BIV.3.0K led<br \/>\nMarca: led<br \/>\nMaterial: ABS<br \/>\nCor: Branca<br \/>\nCaracter\u00edsticas<br \/>\n&#8211; Garantia de 2 anos;<br \/>\n&#8211; Bivolt: 100-220Vca<br \/>\n&#8211; Grau de prote\u00e7\u00e3o: IP40;<br \/>\n&#8211; temperatura de cor: 3000K;<br \/>\n&#8211; Fluxo luminoso: 400 lm;<br \/>\n&#8211; Vida \u00fatil: 25.000 Horas.<\/p>\n<p>Dimens\u00f5es:<br \/>\n9,5 x 9,5 x 4,5 cm<\/span><\/p>\n","protected":false},"featured_media":25988,"template":"","meta":{"_joinchat":[]},"product_brand":[],"product_cat":[157],"product_tag":[],"class_list":{"0":"post-17029","1":"product","2":"type-product","3":"status-publish","4":"has-post-thumbnail","6":"product_cat-leds-decorativos","8":"first","9":"outofstock","10":"shipping-taxable","11":"purchasable","12":"product-type-simple"},"_links":{"self":[{"href":"https:\/\/www.multicasa.com.br\/inicio\/wp-json\/wp\/v2\/product\/17029","targetHints":{"allow":["GET"]}}],"collection":[{"href":"https:\/\/www.multicasa.com.br\/inicio\/wp-json\/wp\/v2\/product"}],"about":[{"href":"https:\/\/www.multicasa.com.br\/inicio\/wp-json\/wp\/v2\/types\/product"}],"wp:featuredmedia":[{"embeddable":true,"href":"https:\/\/www.multicasa.com.br\/inicio\/wp-json\/wp\/v2\/media\/25988"}],"wp:attachment":[{"href":"https:\/\/www.multicasa.com.br\/inicio\/wp-json\/wp\/v2\/media?parent=17029"}],"wp:term":[{"taxonomy":"product_brand","embeddable":true,"href":"https:\/\/www.multicasa.com.br\/inicio\/wp-json\/wp\/v2\/product_brand?post=17029"},{"taxonomy":"product_cat","embeddable":true,"href":"https:\/\/www.multicasa.com.br\/inicio\/wp-json\/wp\/v2\/product_cat?post=17029"},{"taxonomy":"product_tag","embeddable":true,"href":"https:\/\/www.multicasa.com.br\/inicio\/wp-json\/wp\/v2\/product_tag?post=17029"}],"curies":[{"name":"wp","href":"https:\/\/api.w.org\/{rel}","templated":true}]}}