{"id":17030,"date":"2025-06-20T19:16:10","date_gmt":"2025-06-20T23:16:10","guid":{"rendered":"https:\/\/www.multicasa.com.br\/inicio\/?post_type=product&#038;p=17030"},"modified":"2025-06-23T09:58:11","modified_gmt":"2025-06-23T13:58:11","slug":"carrinho-servico-geral-com-camara-300kg-alza","status":"publish","type":"product","link":"https:\/\/www.multicasa.com.br\/inicio\/produto\/carrinho-servico-geral-com-camara-300kg-alza\/","title":{"rendered":"Carrinho Servi\u00e7o Geral Com Camara 300Kg Alza"},"content":{"rendered":"<p>Os carrinhos para Armaz\u00e9m Alza, s\u00e3o desenvolvidos com tubos refor\u00e7ados, tecnologia de ponta e ergonomia \u00edmpar. Famosos pela resist\u00eancia, \u00f3timo custo, e pela f\u00e1cil locomo\u00e7\u00e3o, este item se tornou fundamental para transportar, como pouco esfor\u00e7o humano, estoques dos setores industriais e comerciais. Empresas de log\u00edstica e transportes tamb\u00e9m n\u00e3o dispensam o uso deste \u00f3timo produto.<\/p>\n","protected":false},"excerpt":{"rendered":"<h4 style=\"margin: 0px;padding: 0px 0px 16px;font-family: Lato, sans-serif;font-weight: bold;line-height: 3rem;color: var(--dark-grey3);font-size: 22px;font-style: normal;letter-spacing: normal;text-align: start;text-indent: 0px;text-transform: none\">Informa\u00e7\u00f5es t\u00e9cnicas<\/h4>\n<p><span style=\"margin: 0px;padding: 0px;font-weight: 450;font-size: 14px;line-height: 21px;color: var(--dark-grey2);font-family: Lato, sans-serif;font-style: normal;letter-spacing: normal;text-align: start;text-indent: 0px;text-transform: none\">Produto: CARRINHO SERV.GER.CAMAR.300KG ALZA<br \/>\nMarca: Alza<br \/>\nMaterial: Metal<br \/>\nCor: Vermelho<br \/>\nCaracter\u00edsticas<br \/>\n&#8211; Carga M\u00e1xima: 300KG<br \/>\n&#8211; Peso : 14,000KG<br \/>\n&#8211; Chassi: 1 \u00bc\u0092 \u0096 1,50mm<br \/>\n&#8211; Roda: RPC 305 \u0096 325.8 \u0096 2,25mm (CH13) \u0096 360mm \u0096 Com Rolete.<br \/>\n&#8211; Eixo: 1?.<\/p>\n<p>Dimens\u00f5es do Produto<br \/>\nLargura<br \/>\n100.00 cm<br \/>\nAltura<br \/>\n100.00 cm<br \/>\nComprimento<br \/>\n100.00 cm<\/span><\/p>\n","protected":false},"featured_media":24911,"template":"","meta":{"_joinchat":[]},"product_brand":[],"product_cat":[137],"product_tag":[],"class_list":{"0":"post-17030","1":"product","2":"type-product","3":"status-publish","4":"has-post-thumbnail","6":"product_cat-ferramentas-manuais","8":"first","9":"outofstock","10":"shipping-taxable","11":"product-type-simple"},"_links":{"self":[{"href":"https:\/\/www.multicasa.com.br\/inicio\/wp-json\/wp\/v2\/product\/17030","targetHints":{"allow":["GET"]}}],"collection":[{"href":"https:\/\/www.multicasa.com.br\/inicio\/wp-json\/wp\/v2\/product"}],"about":[{"href":"https:\/\/www.multicasa.com.br\/inicio\/wp-json\/wp\/v2\/types\/product"}],"wp:featuredmedia":[{"embeddable":true,"href":"https:\/\/www.multicasa.com.br\/inicio\/wp-json\/wp\/v2\/media\/24911"}],"wp:attachment":[{"href":"https:\/\/www.multicasa.com.br\/inicio\/wp-json\/wp\/v2\/media?parent=17030"}],"wp:term":[{"taxonomy":"product_brand","embeddable":true,"href":"https:\/\/www.multicasa.com.br\/inicio\/wp-json\/wp\/v2\/product_brand?post=17030"},{"taxonomy":"product_cat","embeddable":true,"href":"https:\/\/www.multicasa.com.br\/inicio\/wp-json\/wp\/v2\/product_cat?post=17030"},{"taxonomy":"product_tag","embeddable":true,"href":"https:\/\/www.multicasa.com.br\/inicio\/wp-json\/wp\/v2\/product_tag?post=17030"}],"curies":[{"name":"wp","href":"https:\/\/api.w.org\/{rel}","templated":true}]}}