{"id":17031,"date":"2025-06-20T19:16:10","date_gmt":"2025-06-20T23:16:10","guid":{"rendered":"https:\/\/www.multicasa.com.br\/inicio\/?post_type=product&#038;p=17031"},"modified":"2025-09-25T16:44:01","modified_gmt":"2025-09-25T20:44:01","slug":"lampada-led-tubular-t8-18w-bivolt-llum","status":"publish","type":"product","link":"https:\/\/www.multicasa.com.br\/inicio\/produto\/lampada-led-tubular-t8-18w-bivolt-llum\/","title":{"rendered":"L\u00e2mpada led tubular T8 18W bivolt LLUM"},"content":{"rendered":"<p>As l\u00e2mpadas led tubulares reduz em at\u00e9 80% o consumo de energia, tem vida \u00fatil pr\u00f3xima de 50 mil horas, n\u00e3o gera calor, n\u00e3o atrai insetos, possui reator integrado, n\u00e3o produz radia\u00e7\u00e3o ultravioleta e pode ser 100% reciclada. <\/p>\n","protected":false},"excerpt":{"rendered":"<h4 style=\"margin: 0px;padding: 0px 0px 16px;font-family: Lato, sans-serif;font-weight: bold;line-height: 3rem;color: var(--dark-grey3);font-size: 22px;font-style: normal;letter-spacing: normal;text-align: start;text-indent: 0px;text-transform: none\">Informa\u00e7\u00f5es t\u00e9cnicas<\/h4>\n<p><span style=\"margin: 0px;padding: 0px;font-weight: 450;font-size: 14px;line-height: 21px;color: var(--dark-grey2);font-family: Lato, sans-serif;font-style: normal;letter-spacing: normal;text-align: start;text-indent: 0px;text-transform: none\">Pot\u00eancia de consumo: 18W<br \/>\nTecnologia de ilumina\u00e7\u00e3o: LED<br \/>\nSubstui\u00e7\u00e3o\/retrofit: 36\/40W fluorescentes<br \/>\nTens\u00e3o de rede: Bivolt (127\/220V)<br \/>\nDimens\u00f5es da l\u00e2mpada: 1213mm x 20mm<br \/>\nPeso l\u00edquido: 173 grs<br \/>\nCorrente: 149mA (127V) \/ 95mA (220V)<br \/>\nMaterial do tubo: Vidro<br \/>\nBase de fixa\u00e7\u00e3o: G13<br \/>\nTemperatura de cor: 6500K Branco Frio<br \/>\nIRC: &gt;\/= 80<br \/>\nFluxo Luminoso: 1850 L\u00famens<br \/>\nEfici\u00eancia Luminosa: 102,7 lm\/W<br \/>\nFrequ\u00eancia: 60Hz (padr\u00e3o nacional)<br \/>\nFator de pot\u00eancia: &gt;0,92<br \/>\n\u00c2ngulo de abertura: 200\u00b0 +\/-25%<br \/>\nTemperatura de aplica\u00e7\u00e3o: -5\u00b0C a 55\u00b0C<br \/>\nGrau de Prote\u00e7\u00e3o: IP-20<br \/>\nVida \u00datil (L70): At\u00e9 25.000 Hrs<br \/>\nGarantia: 1 ano<br \/>\nRefer\u00eancia: LDT818C6<br \/>\nMarca: Llum Bronzearte<\/span><\/p>\n","protected":false},"featured_media":27362,"template":"","meta":{"_joinchat":[]},"product_brand":[],"product_cat":[80],"product_tag":[],"class_list":{"0":"post-17031","1":"product","2":"type-product","3":"status-publish","4":"has-post-thumbnail","6":"product_cat-lampadas","8":"first","9":"outofstock","10":"shipping-taxable","11":"purchasable","12":"product-type-simple"},"_links":{"self":[{"href":"https:\/\/www.multicasa.com.br\/inicio\/wp-json\/wp\/v2\/product\/17031","targetHints":{"allow":["GET"]}}],"collection":[{"href":"https:\/\/www.multicasa.com.br\/inicio\/wp-json\/wp\/v2\/product"}],"about":[{"href":"https:\/\/www.multicasa.com.br\/inicio\/wp-json\/wp\/v2\/types\/product"}],"wp:featuredmedia":[{"embeddable":true,"href":"https:\/\/www.multicasa.com.br\/inicio\/wp-json\/wp\/v2\/media\/27362"}],"wp:attachment":[{"href":"https:\/\/www.multicasa.com.br\/inicio\/wp-json\/wp\/v2\/media?parent=17031"}],"wp:term":[{"taxonomy":"product_brand","embeddable":true,"href":"https:\/\/www.multicasa.com.br\/inicio\/wp-json\/wp\/v2\/product_brand?post=17031"},{"taxonomy":"product_cat","embeddable":true,"href":"https:\/\/www.multicasa.com.br\/inicio\/wp-json\/wp\/v2\/product_cat?post=17031"},{"taxonomy":"product_tag","embeddable":true,"href":"https:\/\/www.multicasa.com.br\/inicio\/wp-json\/wp\/v2\/product_tag?post=17031"}],"curies":[{"name":"wp","href":"https:\/\/api.w.org\/{rel}","templated":true}]}}