{"id":17032,"date":"2025-06-20T19:16:10","date_gmt":"2025-06-20T23:16:10","guid":{"rendered":"https:\/\/www.multicasa.com.br\/inicio\/?post_type=product&#038;p=17032"},"modified":"2025-08-17T19:05:47","modified_gmt":"2025-08-17T23:05:47","slug":"lampada-led-g9-35w-127v-6-0k-opus","status":"publish","type":"product","link":"https:\/\/www.multicasa.com.br\/inicio\/produto\/lampada-led-g9-35w-127v-6-0k-opus\/","title":{"rendered":"Lampada Led G9 3,5W 127V 6.0K Opus"},"content":{"rendered":"<p>Efici\u00eancia e tecnologia com certifica\u00e7\u00e3o! As l\u00e2mpadas G9 LED da opus s\u00e3o ideias para substituir as antigas l\u00e2mpadas G9 hal\u00f3genas, trazendo a economia e efici\u00eancia do LED, sua base produzida em cer\u00e2mica, lhe garantindo maior resist\u00eancia.<\/p>\n","protected":false},"excerpt":{"rendered":"<h4 style=\"margin: 0px;padding: 0px 0px 16px;font-family: Lato, sans-serif;font-weight: bold;line-height: 3rem;color: var(--dark-grey3);font-size: 22px;font-style: normal;letter-spacing: normal;text-align: start;text-indent: 0px;text-transform: none\">Informa\u00e7\u00f5es t\u00e9cnicas<\/h4>\n<p><span style=\"margin: 0px;padding: 0px;font-weight: 450;font-size: 14px;line-height: 21px;color: var(--dark-grey2);font-family: Lato, sans-serif;font-style: normal;letter-spacing: normal;text-align: start;text-indent: 0px;text-transform: none\">Produto: LAMPADA LED G9 3,5W 127V 6.0K OPUS<br \/>\nMarca: Opus<br \/>\nMaterial: pl\u00e1stico<br \/>\nCor: Branca<br \/>\nCaracter\u00edsticas<br \/>\n&#8211; Fluxo luminoso: 350lm<br \/>\n&#8211; \u00c2ngulo: 300\u00b0<br \/>\n&#8211; IRC: &gt;80<br \/>\n&#8211; Pot\u00eancia: 3.5W<br \/>\n&#8211; Tens\u00e3o: 127 &#8211; 220V<br \/>\n&#8211; Frequ\u00eancia: 60Hz<br \/>\n&#8211; Fator de pot\u00eancia: &lt;0.5<br \/>\n&#8211; Corrente m\u00e1xima: 0.28A<br \/>\n&#8211; Temp. de opera\u00e7\u00e3o: -20\u00b0C a 40\u00b0C<br \/>\n&#8211; Grau de prote\u00e7\u00e3o: IP20<br \/>\n&#8211; Peso: 11.5g<br \/>\n&#8211; Vida \u00fatil (L70): 15.000h<br \/>\n&#8211; Garantia: 2 Anos<\/p>\n<p>Dimens\u00f5es:<br \/>\n16 x 50mm<\/span><\/p>\n","protected":false},"featured_media":25450,"template":"","meta":{"_joinchat":[]},"product_brand":[],"product_cat":[80],"product_tag":[],"class_list":{"0":"post-17032","1":"product","2":"type-product","3":"status-publish","4":"has-post-thumbnail","6":"product_cat-lampadas","8":"first","9":"outofstock","10":"shipping-taxable","11":"purchasable","12":"product-type-simple"},"_links":{"self":[{"href":"https:\/\/www.multicasa.com.br\/inicio\/wp-json\/wp\/v2\/product\/17032","targetHints":{"allow":["GET"]}}],"collection":[{"href":"https:\/\/www.multicasa.com.br\/inicio\/wp-json\/wp\/v2\/product"}],"about":[{"href":"https:\/\/www.multicasa.com.br\/inicio\/wp-json\/wp\/v2\/types\/product"}],"wp:featuredmedia":[{"embeddable":true,"href":"https:\/\/www.multicasa.com.br\/inicio\/wp-json\/wp\/v2\/media\/25450"}],"wp:attachment":[{"href":"https:\/\/www.multicasa.com.br\/inicio\/wp-json\/wp\/v2\/media?parent=17032"}],"wp:term":[{"taxonomy":"product_brand","embeddable":true,"href":"https:\/\/www.multicasa.com.br\/inicio\/wp-json\/wp\/v2\/product_brand?post=17032"},{"taxonomy":"product_cat","embeddable":true,"href":"https:\/\/www.multicasa.com.br\/inicio\/wp-json\/wp\/v2\/product_cat?post=17032"},{"taxonomy":"product_tag","embeddable":true,"href":"https:\/\/www.multicasa.com.br\/inicio\/wp-json\/wp\/v2\/product_tag?post=17032"}],"curies":[{"name":"wp","href":"https:\/\/api.w.org\/{rel}","templated":true}]}}