{"id":17033,"date":"2025-06-20T19:16:10","date_gmt":"2025-06-20T23:16:10","guid":{"rendered":"https:\/\/www.multicasa.com.br\/inicio\/?post_type=product&#038;p=17033"},"modified":"2025-06-23T10:00:06","modified_gmt":"2025-06-23T14:00:06","slug":"climatizador-ar-45l-150w-127v-bc-elgin","status":"publish","type":"product","link":"https:\/\/www.multicasa.com.br\/inicio\/produto\/climatizador-ar-45l-150w-127v-bc-elgin\/","title":{"rendered":"Climatizador Ar 45L 150W 127V Bc Elgin"},"content":{"rendered":"<p>O Climatizador Comercial Big Air Elgin proporciona redu\u00e7\u00e3o da sensa\u00e7\u00e3o t\u00e9rmica e umidifica\u00e7\u00e3o do ar, sem a necessidade de manter as portas e janelas fechadas, permitindo a renova\u00e7\u00e3o do ar no ambiente. Conta com um potente conjunto de motor e h\u00e9lice, gerando excelente vaz\u00e3o de ar para m\u00e9dios e grandes ambientes, possui um reservat\u00f3rio de grande volume, garantido v\u00e1rias horas de autonomia(25 horas) sem necessidade de reposi\u00e7\u00e3o de \u00e1gua, tem painel de opera\u00e7\u00e3o e manual de instru\u00e7\u00f5es totalmente em portugu\u00eas, tornando seu uso mais pr\u00e1tico, f\u00e1cil e acess\u00edvel no dia a dia.<\/p>\n","protected":false},"excerpt":{"rendered":"<h4 style=\"margin: 0px;padding: 0px 0px 16px;font-family: Lato, sans-serif;font-weight: bold;line-height: 3rem;color: var(--dark-grey3);font-size: 22px;font-style: normal;letter-spacing: normal;text-align: start;text-indent: 0px;text-transform: none\">Informa\u00e7\u00f5es t\u00e9cnicas<\/h4>\n<p><span style=\"margin: 0px;padding: 0px;font-weight: 450;font-size: 14px;line-height: 21px;color: var(--dark-grey2);font-family: Lato, sans-serif;font-style: normal;letter-spacing: normal;text-align: start;text-indent: 0px;text-transform: none\">Produto: CLIMATIZADOR AR 45L 150W 127V BC EL<br \/>\nMarca: Elgin<br \/>\nMaterial: Pl\u00e1stico<br \/>\nCor: Marrom\/ cinza<br \/>\nCaracter\u00edsticas<br \/>\n&#8211; Rodas deslizantes com trava;<br \/>\n&#8211; 3 n\u00edveis de ventila\u00e7\u00e3o;<br \/>\n&#8211; Swing autom\u00e1tico e manual horizontal e vertical;<br \/>\n&#8211; Timer at\u00e9 2 horas;<br \/>\n&#8211; 1 Ano de Garantia<br \/>\n&#8211; Peso: 13,2 kg;<br \/>\n&#8211; Vaz\u00e3o de ar: 2400 m3\/h;<br \/>\n&#8211; Capacidade do Tanque: 45 litros.<\/p>\n<p>Dimens\u00f5es do Produto<br \/>\n945 x 545 x 420 mm<\/span><\/p>\n","protected":false},"featured_media":24976,"template":"","meta":{"_joinchat":[]},"product_brand":[],"product_cat":[140],"product_tag":[],"class_list":{"0":"post-17033","1":"product","2":"type-product","3":"status-publish","4":"has-post-thumbnail","6":"product_cat-climatizador-ar","8":"first","9":"outofstock","10":"shipping-taxable","11":"product-type-simple"},"_links":{"self":[{"href":"https:\/\/www.multicasa.com.br\/inicio\/wp-json\/wp\/v2\/product\/17033","targetHints":{"allow":["GET"]}}],"collection":[{"href":"https:\/\/www.multicasa.com.br\/inicio\/wp-json\/wp\/v2\/product"}],"about":[{"href":"https:\/\/www.multicasa.com.br\/inicio\/wp-json\/wp\/v2\/types\/product"}],"wp:featuredmedia":[{"embeddable":true,"href":"https:\/\/www.multicasa.com.br\/inicio\/wp-json\/wp\/v2\/media\/24976"}],"wp:attachment":[{"href":"https:\/\/www.multicasa.com.br\/inicio\/wp-json\/wp\/v2\/media?parent=17033"}],"wp:term":[{"taxonomy":"product_brand","embeddable":true,"href":"https:\/\/www.multicasa.com.br\/inicio\/wp-json\/wp\/v2\/product_brand?post=17033"},{"taxonomy":"product_cat","embeddable":true,"href":"https:\/\/www.multicasa.com.br\/inicio\/wp-json\/wp\/v2\/product_cat?post=17033"},{"taxonomy":"product_tag","embeddable":true,"href":"https:\/\/www.multicasa.com.br\/inicio\/wp-json\/wp\/v2\/product_tag?post=17033"}],"curies":[{"name":"wp","href":"https:\/\/api.w.org\/{rel}","templated":true}]}}