{"id":17034,"date":"2025-06-20T19:16:10","date_gmt":"2025-06-20T23:16:10","guid":{"rendered":"https:\/\/www.multicasa.com.br\/inicio\/?post_type=product&#038;p=17034"},"modified":"2025-08-17T19:05:48","modified_gmt":"2025-08-17T23:05:48","slug":"espeto-led-pt-7w-ip65-bivolt-led","status":"publish","type":"product","link":"https:\/\/www.multicasa.com.br\/inicio\/produto\/espeto-led-pt-7w-ip65-bivolt-led\/","title":{"rendered":"Espeto Led Pt 7W Ip65 Bivolt Led"},"content":{"rendered":"<p>Espeto LED GARDEN LAMP, compacto mas muito eficiente, dispon\u00edvel na vers\u00e3o alum\u00ednio (7W), resistente e com IP65 para utiliza\u00e7\u00e3o em ambientes externos. Modelos integrados em LED, prontos para instalar.<\/p>\n","protected":false},"excerpt":{"rendered":"<h4 style=\"margin: 0px;padding: 0px 0px 16px;font-family: Lato, sans-serif;font-weight: bold;line-height: 3rem;color: var(--dark-grey3);font-size: 22px;font-style: normal;letter-spacing: normal;text-align: start;text-indent: 0px;text-transform: none\">Informa\u00e7\u00f5es t\u00e9cnicas<\/h4>\n<p><span style=\"margin: 0px;padding: 0px;font-weight: 450;font-size: 14px;line-height: 21px;color: var(--dark-grey2);font-family: Lato, sans-serif;font-style: normal;letter-spacing: normal;text-align: start;text-indent: 0px;text-transform: none\">Produto: ESPETO LED PT 7W IP65 BIV.VD led<br \/>\nMarca: led<br \/>\nMaterial: Alum\u00ednio<br \/>\nCor: Preta<br \/>\nCaracter\u00edsticas<br \/>\n&#8211; Fluxo luminoso: 560lm;<br \/>\n&#8211; Garantia de 2 anos;<br \/>\n&#8211; Vida \u00fatil: 25.000 horas;<br \/>\n&#8211; Grau de prote\u00e7\u00e3o IP65;<br \/>\n&#8211; Tens\u00e3o bivolt 127-220Vca;<br \/>\n&#8211; Temperatura de cor: luz verde.<br \/>\nDimens\u00f5es:<br \/>\n7,2 x 30 cm<\/span><\/p>\n","protected":false},"featured_media":25144,"template":"","meta":{"_joinchat":[]},"product_brand":[],"product_cat":[79],"product_tag":[],"class_list":{"0":"post-17034","1":"product","2":"type-product","3":"status-publish","4":"has-post-thumbnail","6":"product_cat-iluminacao-decorativa","8":"first","9":"outofstock","10":"shipping-taxable","11":"purchasable","12":"product-type-simple"},"_links":{"self":[{"href":"https:\/\/www.multicasa.com.br\/inicio\/wp-json\/wp\/v2\/product\/17034","targetHints":{"allow":["GET"]}}],"collection":[{"href":"https:\/\/www.multicasa.com.br\/inicio\/wp-json\/wp\/v2\/product"}],"about":[{"href":"https:\/\/www.multicasa.com.br\/inicio\/wp-json\/wp\/v2\/types\/product"}],"wp:featuredmedia":[{"embeddable":true,"href":"https:\/\/www.multicasa.com.br\/inicio\/wp-json\/wp\/v2\/media\/25144"}],"wp:attachment":[{"href":"https:\/\/www.multicasa.com.br\/inicio\/wp-json\/wp\/v2\/media?parent=17034"}],"wp:term":[{"taxonomy":"product_brand","embeddable":true,"href":"https:\/\/www.multicasa.com.br\/inicio\/wp-json\/wp\/v2\/product_brand?post=17034"},{"taxonomy":"product_cat","embeddable":true,"href":"https:\/\/www.multicasa.com.br\/inicio\/wp-json\/wp\/v2\/product_cat?post=17034"},{"taxonomy":"product_tag","embeddable":true,"href":"https:\/\/www.multicasa.com.br\/inicio\/wp-json\/wp\/v2\/product_tag?post=17034"}],"curies":[{"name":"wp","href":"https:\/\/api.w.org\/{rel}","templated":true}]}}