{"id":17038,"date":"2025-06-20T19:16:11","date_gmt":"2025-06-20T23:16:11","guid":{"rendered":"https:\/\/www.multicasa.com.br\/inicio\/?post_type=product&#038;p=17038"},"modified":"2026-04-23T11:20:24","modified_gmt":"2026-04-23T15:20:24","slug":"lampada-led-bulbo-12w-bivolt-6-5k-avant","status":"publish","type":"product","link":"https:\/\/www.multicasa.com.br\/inicio\/produto\/lampada-led-bulbo-12w-bivolt-6-5k-avant\/","title":{"rendered":"L\u00e2mpada Led Bulbo 12W Bivolt 6.5K Avant"},"content":{"rendered":"<p>A L\u00e2mpada Led Bulbo Pera 12W da Avant possui uma vida \u00fatil nominal de at\u00e9 25 mil horas (L70). Moderna e original, a l\u00e2mpada Led \u00e9 super resistente. O led dificilmente queima, \u00e9 econ\u00f4mico, \u00e9 mais sustent\u00e1vel e tem baixa emiss\u00e3o de calor. Ela \u00e9 feita com materiais selecionados, possui alta resist\u00eancia e maior durabilidade de vida.<\/p>\n","protected":false},"excerpt":{"rendered":"<h4 style=\"margin: 0px;padding: 0px 0px 16px;font-family: Lato, sans-serif;font-weight: bold;line-height: 3rem;color: var(--dark-grey3);font-size: 22px;font-style: normal;letter-spacing: normal;text-align: start;text-indent: 0px;text-transform: none\">Informa\u00e7\u00f5es t\u00e9cnicas<\/h4>\n<p><span style=\"margin: 0px;padding: 0px;font-weight: 450;font-size: 14px;line-height: 21px;color: var(--dark-grey2);font-family: Lato, sans-serif;font-style: normal;letter-spacing: normal;text-align: start;text-indent: 0px;text-transform: none\">Produto: L\u00c2MPADA LED BULBO 12W BIVOLT 6.5K<br \/>\nMarca: Avant<br \/>\nMaterial: Pl\u00e1stico<br \/>\nCor: Branca<br \/>\nCaracter\u00edsticas<br \/>\n&#8211; MODELO: PERA<br \/>\n&#8211; POT\u00caNCIA: 12W<br \/>\n&#8211; TENS\u00c3O: BIVOLT<br \/>\n&#8211; FLUXO LUMINOSO: 1080lm<br \/>\n&#8211; EFIC\u00c1CIA LUMINOSA: 87lm\/w<br \/>\n&#8211; TEMPERATURA DE COR: 6.500K (LUZ BRANCA)<br \/>\n&#8211; EQUIVAL\u00caNCIA: Incandescente 75w\/Fluorescente 20w<br \/>\n&#8211; VIDA \u00daTIL: 25.000h (L70)<br \/>\n&#8211; FATOR DE POT\u00caNCIA (FP): &gt; 0,70<br \/>\n&#8211; \u00cdNDICE REPRODU\u00c7\u00c3O DE COR: &gt;80<br \/>\n&#8211; BASE: E27<br \/>\n&#8211; FREQU\u00caNCIA: 60 Hz<br \/>\n&#8211; PESO L\u00cdQUIDO DO PRODUTO: 50 (gramas)<br \/>\nDimens\u00f5es:<br \/>\nDi\u00e2metro 60 mm x Comprimento 108 mm<\/span><\/p>\n","protected":false},"featured_media":17059,"template":"","meta":{"_joinchat":[]},"product_brand":[],"product_cat":[80],"product_tag":[],"class_list":{"0":"post-17038","1":"product","2":"type-product","3":"status-publish","4":"has-post-thumbnail","6":"product_cat-lampadas","8":"first","9":"instock","10":"shipping-taxable","11":"purchasable","12":"product-type-simple"},"_links":{"self":[{"href":"https:\/\/www.multicasa.com.br\/inicio\/wp-json\/wp\/v2\/product\/17038","targetHints":{"allow":["GET"]}}],"collection":[{"href":"https:\/\/www.multicasa.com.br\/inicio\/wp-json\/wp\/v2\/product"}],"about":[{"href":"https:\/\/www.multicasa.com.br\/inicio\/wp-json\/wp\/v2\/types\/product"}],"wp:featuredmedia":[{"embeddable":true,"href":"https:\/\/www.multicasa.com.br\/inicio\/wp-json\/wp\/v2\/media\/17059"}],"wp:attachment":[{"href":"https:\/\/www.multicasa.com.br\/inicio\/wp-json\/wp\/v2\/media?parent=17038"}],"wp:term":[{"taxonomy":"product_brand","embeddable":true,"href":"https:\/\/www.multicasa.com.br\/inicio\/wp-json\/wp\/v2\/product_brand?post=17038"},{"taxonomy":"product_cat","embeddable":true,"href":"https:\/\/www.multicasa.com.br\/inicio\/wp-json\/wp\/v2\/product_cat?post=17038"},{"taxonomy":"product_tag","embeddable":true,"href":"https:\/\/www.multicasa.com.br\/inicio\/wp-json\/wp\/v2\/product_tag?post=17038"}],"curies":[{"name":"wp","href":"https:\/\/api.w.org\/{rel}","templated":true}]}}