{"id":17040,"date":"2025-06-20T19:16:11","date_gmt":"2025-06-20T23:16:11","guid":{"rendered":"https:\/\/www.multicasa.com.br\/inicio\/?post_type=product&#038;p=17040"},"modified":"2025-08-17T19:05:50","modified_gmt":"2025-08-17T23:05:50","slug":"lampada-led-tubular-t8-18w-bivolt-6-5k-avant","status":"publish","type":"product","link":"https:\/\/www.multicasa.com.br\/inicio\/produto\/lampada-led-tubular-t8-18w-bivolt-6-5k-avant\/","title":{"rendered":"L\u00e2mpada Led Tubular T8 18W Bivolt 6.5K Avant"},"content":{"rendered":"<p>A l\u00e2mpada led tubular T8 de 18W 6500K da Avant serve para ilumina\u00e7\u00e3o residencial, comercial, ilumina\u00e7\u00e3o de estacionamentos e \u00e1reas subterr\u00e2neas e placas, letreiros e fachadas, pr\u00e9dios p\u00fablicos, ilumina\u00e7\u00e3o de rua e ind\u00fastrias.<\/p>\n","protected":false},"excerpt":{"rendered":"<h4 style=\"margin: 0px;padding: 0px 0px 16px;font-family: Lato, sans-serif;font-weight: bold;line-height: 3rem;color: var(--dark-grey3);font-size: 22px;font-style: normal;letter-spacing: normal;text-align: start;text-indent: 0px;text-transform: none\">Informa\u00e7\u00f5es t\u00e9cnicas<\/h4>\n<p><span style=\"margin: 0px;padding: 0px;font-weight: 450;font-size: 14px;line-height: 21px;color: var(--dark-grey2);font-family: Lato, sans-serif;font-style: normal;letter-spacing: normal;text-align: start;text-indent: 0px;text-transform: none\">Produto: L\u00c2MPADA LED TUBULAR T8 18W BIVOLT 6.5K<br \/>\nMarca: Avant<br \/>\nMaterial: Pl\u00e1stico<br \/>\nCor: Branca<br \/>\nCaracter\u00edsticas<br \/>\n&#8211; MODELO: Tubular T8;<br \/>\n&#8211; POT\u00caNCIA: 18W;<br \/>\n&#8211; TENS\u00c3O: BIVOLT;<br \/>\n&#8211; TEMPERATURA DE COR: 6.500K (LUZ BRANCA);<br \/>\n&#8211; Bse: G13;<br \/>\n&#8211; Garantia: 1 ano;<br \/>\n&#8211; \u00edndice de prote\u00e7\u00e3o: IP20;<br \/>\n&#8211; IRC: 80.<br \/>\nDimens\u00f5es:<br \/>\n120 cm<\/span><\/p>\n","protected":false},"featured_media":25436,"template":"","meta":{"_joinchat":[]},"product_brand":[],"product_cat":[80],"product_tag":[],"class_list":{"0":"post-17040","1":"product","2":"type-product","3":"status-publish","4":"has-post-thumbnail","6":"product_cat-lampadas","8":"first","9":"outofstock","10":"shipping-taxable","11":"purchasable","12":"product-type-simple"},"_links":{"self":[{"href":"https:\/\/www.multicasa.com.br\/inicio\/wp-json\/wp\/v2\/product\/17040","targetHints":{"allow":["GET"]}}],"collection":[{"href":"https:\/\/www.multicasa.com.br\/inicio\/wp-json\/wp\/v2\/product"}],"about":[{"href":"https:\/\/www.multicasa.com.br\/inicio\/wp-json\/wp\/v2\/types\/product"}],"wp:featuredmedia":[{"embeddable":true,"href":"https:\/\/www.multicasa.com.br\/inicio\/wp-json\/wp\/v2\/media\/25436"}],"wp:attachment":[{"href":"https:\/\/www.multicasa.com.br\/inicio\/wp-json\/wp\/v2\/media?parent=17040"}],"wp:term":[{"taxonomy":"product_brand","embeddable":true,"href":"https:\/\/www.multicasa.com.br\/inicio\/wp-json\/wp\/v2\/product_brand?post=17040"},{"taxonomy":"product_cat","embeddable":true,"href":"https:\/\/www.multicasa.com.br\/inicio\/wp-json\/wp\/v2\/product_cat?post=17040"},{"taxonomy":"product_tag","embeddable":true,"href":"https:\/\/www.multicasa.com.br\/inicio\/wp-json\/wp\/v2\/product_tag?post=17040"}],"curies":[{"name":"wp","href":"https:\/\/api.w.org\/{rel}","templated":true}]}}