{"id":17041,"date":"2025-06-20T19:16:11","date_gmt":"2025-06-20T23:16:11","guid":{"rendered":"https:\/\/www.multicasa.com.br\/inicio\/?post_type=product&#038;p=17041"},"modified":"2025-06-23T10:05:15","modified_gmt":"2025-06-23T14:05:15","slug":"escada-fibra-extensiva-7-degraus-225x377-santa-cata","status":"publish","type":"product","link":"https:\/\/www.multicasa.com.br\/inicio\/produto\/escada-fibra-extensiva-7-degraus-225x377-santa-cata\/","title":{"rendered":"Escada Fibra Extensiva 7 Degraus 2,25X3,77 Santa Cata"},"content":{"rendered":"<p>A linha de escadas em Fibra de Vidro n\u00e3o s\u00e3o condutoras de energia, ideais para trabalhos que envolvam eletricidade. De f\u00e1cil manuseio, suportam carga m\u00e1xima em todos os modelos de 120 kg e contribuem tamb\u00e9m para a seguran\u00e7a em atividades de telecomunica\u00e7\u00e3o, manuten\u00e7\u00e3o, pintura, trabalho em altura, instala\u00e7\u00f5es, dentre outras.<\/p>\n","protected":false},"excerpt":{"rendered":"<h4 style=\"margin: 0px;padding: 0px 0px 16px;font-family: Lato, sans-serif;font-weight: bold;line-height: 3rem;color: var(--dark-grey3);font-size: 22px;font-style: normal;letter-spacing: normal;text-align: start;text-indent: 0px;text-transform: none\">Informa\u00e7\u00f5es t\u00e9cnicas<\/h4>\n<p><span style=\"margin: 0px;padding: 0px;font-weight: 450;font-size: 14px;line-height: 21px;color: var(--dark-grey2);font-family: Lato, sans-serif;font-style: normal;letter-spacing: normal;text-align: start;text-indent: 0px;text-transform: none\">Produto: ESCADA FIBRA EXTEN.7DEG.2,25X3,77<br \/>\nMarca: Santa Catarina<br \/>\nMaterial: Vidro<br \/>\nCor: Laranja<br \/>\nCaracter\u00edsticas<br \/>\n&#8211; Ideais para trabalhos que envolvam eletricidade. De f\u00e1cil manuseio, suportam carga m\u00e1xima em todos os modelos de 120 kg e contribuem tamb\u00e9m para a seguran\u00e7a em atividades de telecomunica\u00e7\u00e3o, manuten\u00e7\u00e3o, pintura, trabalho em altura, instala\u00e7\u00f5es, dentre outras.<\/p>\n<p>Dimens\u00f5es:<br \/>\n2,25 x 3,77<\/span><\/p>\n","protected":false},"featured_media":25122,"template":"","meta":{"_joinchat":[]},"product_brand":[],"product_cat":[156],"product_tag":[],"class_list":{"0":"post-17041","1":"product","2":"type-product","3":"status-publish","4":"has-post-thumbnail","6":"product_cat-escadas","8":"first","9":"outofstock","10":"shipping-taxable","11":"product-type-simple"},"_links":{"self":[{"href":"https:\/\/www.multicasa.com.br\/inicio\/wp-json\/wp\/v2\/product\/17041","targetHints":{"allow":["GET"]}}],"collection":[{"href":"https:\/\/www.multicasa.com.br\/inicio\/wp-json\/wp\/v2\/product"}],"about":[{"href":"https:\/\/www.multicasa.com.br\/inicio\/wp-json\/wp\/v2\/types\/product"}],"wp:featuredmedia":[{"embeddable":true,"href":"https:\/\/www.multicasa.com.br\/inicio\/wp-json\/wp\/v2\/media\/25122"}],"wp:attachment":[{"href":"https:\/\/www.multicasa.com.br\/inicio\/wp-json\/wp\/v2\/media?parent=17041"}],"wp:term":[{"taxonomy":"product_brand","embeddable":true,"href":"https:\/\/www.multicasa.com.br\/inicio\/wp-json\/wp\/v2\/product_brand?post=17041"},{"taxonomy":"product_cat","embeddable":true,"href":"https:\/\/www.multicasa.com.br\/inicio\/wp-json\/wp\/v2\/product_cat?post=17041"},{"taxonomy":"product_tag","embeddable":true,"href":"https:\/\/www.multicasa.com.br\/inicio\/wp-json\/wp\/v2\/product_tag?post=17041"}],"curies":[{"name":"wp","href":"https:\/\/api.w.org\/{rel}","templated":true}]}}