{"id":17044,"date":"2025-06-20T19:16:11","date_gmt":"2025-06-20T23:16:11","guid":{"rendered":"https:\/\/www.multicasa.com.br\/inicio\/?post_type=product&#038;p=17044"},"modified":"2025-06-23T10:16:09","modified_gmt":"2025-06-23T14:16:09","slug":"lampada-led-par20-7w-bivolt-2-7k-avant","status":"publish","type":"product","link":"https:\/\/www.multicasa.com.br\/inicio\/produto\/lampada-led-par20-7w-bivolt-2-7k-avant\/","title":{"rendered":"L\u00e2mpada Led Par20 7W Bivolt 2.7K Avant"},"content":{"rendered":"<p>A linha de l\u00e2mpadas LED PAR s\u00e3o indicadas para ilumina\u00e7\u00e3o de destaque ou decorativa al\u00e9m de destacar a arquitetura, valorizam objetos e harmonizam ambientes. S\u00e3o convenientes tanto para aplica\u00e7\u00e3o residencial quanto comercial \u0096 vitrines e lojas, hot\u00e9is, restaurantes, supermercados, etc. Com vida \u00fatil m\u00e9dia de 30.000 horas, economizam at\u00e9 80% de energia. Podem ser usadas para substituir as l\u00e2mpadas hal\u00f3genas PAR20, PAR30 e PAR38.<\/p>\n","protected":false},"excerpt":{"rendered":"<h4 style=\"margin: 0px;padding: 0px 0px 16px;font-family: Lato, sans-serif;font-weight: bold;line-height: 3rem;color: var(--dark-grey3);font-size: 22px;font-style: normal;letter-spacing: normal;text-align: start;text-indent: 0px;text-transform: none\">Informa\u00e7\u00f5es t\u00e9cnicas<\/h4>\n<p><span style=\"margin: 0px;padding: 0px;font-weight: 450;font-size: 14px;line-height: 21px;color: var(--dark-grey2);font-family: Lato, sans-serif;font-style: normal;letter-spacing: normal;text-align: start;text-indent: 0px;text-transform: none\">Produto: L\u00c2MPADA LED PAR20 7W BIVOLT 2.7K<br \/>\nMarca: Avant<br \/>\nMaterial: Pl\u00e1stico<br \/>\nCor: Branca<br \/>\nCaracter\u00edsticas<br \/>\n&#8211; Garantia de 1 ano;<br \/>\n&#8211; Pot\u00eancia de 7W;<br \/>\n&#8211; Fluxo luminoso: 525 lm;<br \/>\n&#8211; Temperatura de cor: 2700k;<br \/>\n&#8211; Base: Soquete E27;<br \/>\n&#8211; Tens\u00e3o: 100V &#8211; 240V Bivolt;<br \/>\n&#8211; \u00c2ngulo de abertura: 38\u00b0;<br \/>\n&#8211; Efici\u00eancia luminosa: 75 lm\/W;<br \/>\n&#8211; IRC: 80;<br \/>\n&#8211; \u00cdndice de prote\u00e7\u00e3o: IP20;<br \/>\n&#8211; N\u00e2o dimeriz\u00e1vel;<br \/>\n&#8211; Vida \u00fatil de 25.000 horas.<br \/>\n&#8211; Uso interno.<\/p>\n<p>Dimens\u00f5es do Produto<br \/>\n64 x 86 mm<\/span><\/p>\n","protected":false},"featured_media":25429,"template":"","meta":{"_joinchat":[]},"product_brand":[],"product_cat":[80],"product_tag":[],"class_list":{"0":"post-17044","1":"product","2":"type-product","3":"status-publish","4":"has-post-thumbnail","6":"product_cat-lampadas","8":"first","9":"outofstock","10":"shipping-taxable","11":"product-type-simple"},"_links":{"self":[{"href":"https:\/\/www.multicasa.com.br\/inicio\/wp-json\/wp\/v2\/product\/17044","targetHints":{"allow":["GET"]}}],"collection":[{"href":"https:\/\/www.multicasa.com.br\/inicio\/wp-json\/wp\/v2\/product"}],"about":[{"href":"https:\/\/www.multicasa.com.br\/inicio\/wp-json\/wp\/v2\/types\/product"}],"wp:featuredmedia":[{"embeddable":true,"href":"https:\/\/www.multicasa.com.br\/inicio\/wp-json\/wp\/v2\/media\/25429"}],"wp:attachment":[{"href":"https:\/\/www.multicasa.com.br\/inicio\/wp-json\/wp\/v2\/media?parent=17044"}],"wp:term":[{"taxonomy":"product_brand","embeddable":true,"href":"https:\/\/www.multicasa.com.br\/inicio\/wp-json\/wp\/v2\/product_brand?post=17044"},{"taxonomy":"product_cat","embeddable":true,"href":"https:\/\/www.multicasa.com.br\/inicio\/wp-json\/wp\/v2\/product_cat?post=17044"},{"taxonomy":"product_tag","embeddable":true,"href":"https:\/\/www.multicasa.com.br\/inicio\/wp-json\/wp\/v2\/product_tag?post=17044"}],"curies":[{"name":"wp","href":"https:\/\/api.w.org\/{rel}","templated":true}]}}