{"id":17049,"date":"2025-06-20T19:16:12","date_gmt":"2025-06-20T23:16:12","guid":{"rendered":"https:\/\/www.multicasa.com.br\/inicio\/?post_type=product&#038;p=17049"},"modified":"2025-07-01T13:56:32","modified_gmt":"2025-07-01T17:56:32","slug":"pendente-led-taurus-23w-bivolt-3-0k-bc","status":"publish","type":"product","link":"https:\/\/www.multicasa.com.br\/inicio\/produto\/pendente-led-taurus-23w-bivolt-3-0k-bc\/","title":{"rendered":"Pendente Led Taurus 23W Bivolt 3.0K Bc"},"content":{"rendered":"<p>O Pendente Taurus tr\u00e1s belas curvas no design da lumi\u00e1ria e est\u00e1 dispon\u00edvel nas cores branco e preto, com LED integrado na cor 3000K, indicado para ambientes mais aconchegantes.<\/p>\n","protected":false},"excerpt":{"rendered":"<h4 style=\"margin: 0px;padding: 0px 0px 16px;font-family: Lato, sans-serif;font-weight: bold;line-height: 3rem;color: var(--dark-grey3);font-size: 22px;font-style: normal;letter-spacing: normal;text-align: start;text-indent: 0px;text-transform: none\">Informa\u00e7\u00f5es t\u00e9cnicas<\/h4>\n<p><span style=\"margin: 0px;padding: 0px;font-weight: 450;font-size: 14px;line-height: 21px;color: var(--dark-grey2);font-family: Lato, sans-serif;font-style: normal;letter-spacing: normal;text-align: start;text-indent: 0px;text-transform: none\">Produto: PENDENTE LED TAURUS 23W BIV.3.0K BC<br \/>\nMarca: Opus<br \/>\nCor: branco<br \/>\nCaracter\u00edsticas<br \/>\n&#8211; Garantia de 1 ano;<br \/>\n&#8211; Pot\u00eancia de 23W;<br \/>\n&#8211; Fluxo luminoso: 1258 lm;<br \/>\n&#8211; Temperatura de cor: 3000k;<br \/>\n&#8211; Tens\u00e3o: 100V &#8211; 240V Bivolt;<br \/>\n&#8211; Frequ\u00eancia: 60Hz;<br \/>\n&#8211; Temperatura de opera\u00e7\u00e3o: &#8211; 10\u00b0C A 40\u00b0C;<br \/>\n&#8211; Cabo: 2m;<br \/>\n&#8211; \u00cdndice de prote\u00e7\u00e3o: IP20;<br \/>\n&#8211; Uso interno.<\/p>\n<p>Dimens\u00f5es do Produto<br \/>\n117 x 200 x 7cm<\/p>\n<p>Peso: 970g<br \/>\n<\/span><\/p>\n","protected":false},"featured_media":27441,"template":"","meta":{"_joinchat":[]},"product_brand":[],"product_cat":[157],"product_tag":[],"class_list":{"0":"post-17049","1":"product","2":"type-product","3":"status-publish","4":"has-post-thumbnail","6":"product_cat-leds-decorativos","8":"first","9":"outofstock","10":"shipping-taxable","11":"product-type-simple"},"_links":{"self":[{"href":"https:\/\/www.multicasa.com.br\/inicio\/wp-json\/wp\/v2\/product\/17049","targetHints":{"allow":["GET"]}}],"collection":[{"href":"https:\/\/www.multicasa.com.br\/inicio\/wp-json\/wp\/v2\/product"}],"about":[{"href":"https:\/\/www.multicasa.com.br\/inicio\/wp-json\/wp\/v2\/types\/product"}],"wp:featuredmedia":[{"embeddable":true,"href":"https:\/\/www.multicasa.com.br\/inicio\/wp-json\/wp\/v2\/media\/27441"}],"wp:attachment":[{"href":"https:\/\/www.multicasa.com.br\/inicio\/wp-json\/wp\/v2\/media?parent=17049"}],"wp:term":[{"taxonomy":"product_brand","embeddable":true,"href":"https:\/\/www.multicasa.com.br\/inicio\/wp-json\/wp\/v2\/product_brand?post=17049"},{"taxonomy":"product_cat","embeddable":true,"href":"https:\/\/www.multicasa.com.br\/inicio\/wp-json\/wp\/v2\/product_cat?post=17049"},{"taxonomy":"product_tag","embeddable":true,"href":"https:\/\/www.multicasa.com.br\/inicio\/wp-json\/wp\/v2\/product_tag?post=17049"}],"curies":[{"name":"wp","href":"https:\/\/api.w.org\/{rel}","templated":true}]}}