{"id":17051,"date":"2025-06-20T19:16:12","date_gmt":"2025-06-20T23:16:12","guid":{"rendered":"https:\/\/www.multicasa.com.br\/inicio\/?post_type=product&#038;p=17051"},"modified":"2025-07-01T13:53:24","modified_gmt":"2025-07-01T17:53:24","slug":"lampada-led-par20-7w-bivolt-6-5k-avant","status":"publish","type":"product","link":"https:\/\/www.multicasa.com.br\/inicio\/produto\/lampada-led-par20-7w-bivolt-6-5k-avant\/","title":{"rendered":"L\u00e2mpada Led Par20 7W Bivolt 6.5K Avant"},"content":{"rendered":"<p>A linha de l\u00e2mpadas LED PAR s\u00e3o indicadas para ilumina\u00e7\u00e3o de destaque ou decorativa. Podem ser usadas para substituir as l\u00e2mpadas hal\u00f3genas PAR20, PAR30 e PAR38.<\/p>\n","protected":false},"excerpt":{"rendered":"<h4 style=\"margin: 0px;padding: 0px 0px 16px;font-family: Lato, sans-serif;font-weight: bold;line-height: 3rem;color: var(--dark-grey3);font-size: 22px;font-style: normal;letter-spacing: normal;text-align: start;text-indent: 0px;text-transform: none\">Informa\u00e7\u00f5es t\u00e9cnicas<\/h4>\n<p><span style=\"margin: 0px;padding: 0px;font-weight: 450;font-size: 14px;line-height: 21px;color: var(--dark-grey2);font-family: Lato, sans-serif;font-style: normal;letter-spacing: normal;text-align: start;text-indent: 0px;text-transform: none\">Produto: L\u00c2MPADA LED PAR20 7W BIVOLT 6.5K<br \/>\nMarca:  AVANT<br \/>\nCor: branco<br \/>\nCaracter\u00edsticas:<br \/>\n&#8211; Corpo em material pl\u00e1stico;<br \/>\n&#8211; Difusor transl\u00facido;<br \/>\n&#8211; Dispon\u00edveis nas pot\u00eancias de 7W, 11W e 14W;<br \/>\n&#8211; Possui driver interno isolado;<br \/>\n&#8211; Temperatura ambiente: -5\u00b0C a 40\u00b0C;<br \/>\n&#8211; Tens\u00e3o de entrada: 100V a 240V;<br \/>\n&#8211; Fator de pot\u00eancia: &gt;0,70;<br \/>\n&#8211; Baixo consumo de energia;<br \/>\n&#8211; IP20;<br \/>\n&#8211; N\u00e3o Dimerizavel;<br \/>\n&#8211; Angulo de abertura 38\u00b0.<\/p>\n<p>Dimens\u00f5es do Produto: 64 x 86mm<\/span><\/p>\n","protected":false},"featured_media":27361,"template":"","meta":{"_joinchat":[]},"product_brand":[],"product_cat":[80],"product_tag":[],"class_list":{"0":"post-17051","1":"product","2":"type-product","3":"status-publish","4":"has-post-thumbnail","6":"product_cat-lampadas","8":"first","9":"outofstock","10":"shipping-taxable","11":"product-type-simple"},"_links":{"self":[{"href":"https:\/\/www.multicasa.com.br\/inicio\/wp-json\/wp\/v2\/product\/17051","targetHints":{"allow":["GET"]}}],"collection":[{"href":"https:\/\/www.multicasa.com.br\/inicio\/wp-json\/wp\/v2\/product"}],"about":[{"href":"https:\/\/www.multicasa.com.br\/inicio\/wp-json\/wp\/v2\/types\/product"}],"wp:featuredmedia":[{"embeddable":true,"href":"https:\/\/www.multicasa.com.br\/inicio\/wp-json\/wp\/v2\/media\/27361"}],"wp:attachment":[{"href":"https:\/\/www.multicasa.com.br\/inicio\/wp-json\/wp\/v2\/media?parent=17051"}],"wp:term":[{"taxonomy":"product_brand","embeddable":true,"href":"https:\/\/www.multicasa.com.br\/inicio\/wp-json\/wp\/v2\/product_brand?post=17051"},{"taxonomy":"product_cat","embeddable":true,"href":"https:\/\/www.multicasa.com.br\/inicio\/wp-json\/wp\/v2\/product_cat?post=17051"},{"taxonomy":"product_tag","embeddable":true,"href":"https:\/\/www.multicasa.com.br\/inicio\/wp-json\/wp\/v2\/product_tag?post=17051"}],"curies":[{"name":"wp","href":"https:\/\/api.w.org\/{rel}","templated":true}]}}