{"id":17053,"date":"2025-06-20T19:16:13","date_gmt":"2025-06-20T23:16:13","guid":{"rendered":"https:\/\/www.multicasa.com.br\/inicio\/?post_type=product&#038;p=17053"},"modified":"2025-06-23T10:16:13","modified_gmt":"2025-06-23T14:16:13","slug":"lampada-led-tubular-t5-18w-bivolt-4-0k-avant","status":"publish","type":"product","link":"https:\/\/www.multicasa.com.br\/inicio\/produto\/lampada-led-tubular-t5-18w-bivolt-4-0k-avant\/","title":{"rendered":"L\u00e2mpada Led Tubular T5 18W Bivolt 4.0K Avant"},"content":{"rendered":"<p>A l\u00e2mpada LED tubular \u00e9 indicada para lumin\u00e1rias com soquete G5. Pode ser usada para substituir l\u00e2mpadas tubulares fluorescentes de modelo T5 nas pot\u00eancias de 9W e 18W.<\/p>\n","protected":false},"excerpt":{"rendered":"<h4 style=\"margin: 0px;padding: 0px 0px 16px;font-family: Lato, sans-serif;font-weight: bold;line-height: 3rem;color: var(--dark-grey3);font-size: 22px;font-style: normal;letter-spacing: normal;text-align: start;text-indent: 0px;text-transform: none\">Informa\u00e7\u00f5es t\u00e9cnicas<\/h4>\n<p><span style=\"margin: 0px;padding: 0px;font-weight: 450;font-size: 14px;line-height: 21px;color: var(--dark-grey2);font-family: Lato, sans-serif;font-style: normal;letter-spacing: normal;text-align: start;text-indent: 0px;text-transform: none\">Produto: L\u00c2MPADA LED TUBULAR T5 18W BIVOLT 4.0K<br \/>\nMarca: AVANT<br \/>\nCor: branco<br \/>\nCaracter\u00edsticas<br \/>\n&#8211; Garantia de 1 ano;<br \/>\n&#8211; Pot\u00eancia de 18W;<br \/>\n&#8211; Fluxo luminoso: 1850 lm;<br \/>\n&#8211; Temperatura de cor: 4000k;<br \/>\n&#8211; Base: Soquete G5;<br \/>\n&#8211; Tens\u00e3o: 100V &#8211; 240V Bivolt;<br \/>\n&#8211; Baixo consumo de energia;<br \/>\n&#8211; Temperatura de opera\u00e7\u00e3o: &#8211; 5\u00b0C A 40\u00b0C;<br \/>\n&#8211; Difusor em vidro leitoso;<br \/>\n&#8211; N\u00e3o Dimerizavel;<br \/>\n&#8211; IRC &gt;80;<br \/>\n&#8211; Possui driver interno isolado;<br \/>\n&#8211; \u00cdndice de prote\u00e7\u00e3o: IP20;<br \/>\n&#8211; Liga\u00e7\u00e3o de 1 ponta para maior seguran\u00e7a;<br \/>\n&#8211; Vida \u00fatil de 25.000 horas.<br \/>\n&#8211; Uso interno.<\/p>\n<p>Dimens\u00f5es do Produto<br \/>\n1150 x 16mm<br \/>\n<\/span><\/p>\n","protected":false},"featured_media":25431,"template":"","meta":{"_joinchat":[]},"product_brand":[],"product_cat":[80],"product_tag":[],"class_list":{"0":"post-17053","1":"product","2":"type-product","3":"status-publish","4":"has-post-thumbnail","6":"product_cat-lampadas","8":"first","9":"outofstock","10":"shipping-taxable","11":"product-type-simple"},"_links":{"self":[{"href":"https:\/\/www.multicasa.com.br\/inicio\/wp-json\/wp\/v2\/product\/17053","targetHints":{"allow":["GET"]}}],"collection":[{"href":"https:\/\/www.multicasa.com.br\/inicio\/wp-json\/wp\/v2\/product"}],"about":[{"href":"https:\/\/www.multicasa.com.br\/inicio\/wp-json\/wp\/v2\/types\/product"}],"wp:featuredmedia":[{"embeddable":true,"href":"https:\/\/www.multicasa.com.br\/inicio\/wp-json\/wp\/v2\/media\/25431"}],"wp:attachment":[{"href":"https:\/\/www.multicasa.com.br\/inicio\/wp-json\/wp\/v2\/media?parent=17053"}],"wp:term":[{"taxonomy":"product_brand","embeddable":true,"href":"https:\/\/www.multicasa.com.br\/inicio\/wp-json\/wp\/v2\/product_brand?post=17053"},{"taxonomy":"product_cat","embeddable":true,"href":"https:\/\/www.multicasa.com.br\/inicio\/wp-json\/wp\/v2\/product_cat?post=17053"},{"taxonomy":"product_tag","embeddable":true,"href":"https:\/\/www.multicasa.com.br\/inicio\/wp-json\/wp\/v2\/product_tag?post=17053"}],"curies":[{"name":"wp","href":"https:\/\/api.w.org\/{rel}","templated":true}]}}