{"id":17057,"date":"2025-06-20T19:16:13","date_gmt":"2025-06-20T23:16:13","guid":{"rendered":"https:\/\/www.multicasa.com.br\/inicio\/?post_type=product&#038;p=17057"},"modified":"2025-10-31T10:39:10","modified_gmt":"2025-10-31T14:39:10","slug":"kit-cuba-canto-31x31-c-torneira","status":"publish","type":"product","link":"https:\/\/www.multicasa.com.br\/inicio\/produto\/kit-cuba-canto-31x31-c-torneira\/","title":{"rendered":"KIT CUBA CANTO 31X31 C\/ TORNEIRA"},"content":{"rendered":"<p>O Kit de Cuba de Apoio e Torneira de Mesa \u00e9 idela para economizar e levar sofistica\u00e7\u00e3o para seu banheiro. A cuba tem bordas finas, desgin elegante e moderno, cantos internos arredondados que evita o acumulo de sujeira e facilita na limpeza.<\/p>\n","protected":false},"excerpt":{"rendered":"<h4 style=\"margin: 0px;padding: 0px 0px 16px;font-family: Lato, sans-serif;font-weight: bold;line-height: 3rem;color: var(--dark-grey3);font-size: 22px;font-style: normal;letter-spacing: normal;text-align: start;text-indent: 0px;text-transform: none\">Informa\u00e7\u00f5es t\u00e9cnicas<\/h4>\n<p><span style=\"margin: 0px;padding: 0px;font-weight: 450;font-size: 14px;line-height: 21px;color: var(--dark-grey2);font-family: Lato, sans-serif;font-style: normal;letter-spacing: normal;text-align: start;text-indent: 0px;text-transform: none\">Cor: BRANCO , CER\u00e2MICA<br \/>\nProduto: Kit Cuba<br \/>\nMaterial: Cer\u00e2mica e Metal<br \/>\nTipo: Cuba de Apoio e Torneira de Mesa<br \/>\nFormato: Redondo<br \/>\nAltura: 13,5 cm<br \/>\nLargura: 35 cm<br \/>\nProfundidade: 35 cm<br \/>\nLS-50<\/span><\/p>\n","protected":false},"featured_media":27357,"template":"","meta":{"_joinchat":[]},"product_brand":[],"product_cat":[68],"product_tag":[],"class_list":{"0":"post-17057","1":"product","2":"type-product","3":"status-publish","4":"has-post-thumbnail","6":"product_cat-loucas-e-cia","8":"first","9":"outofstock","10":"shipping-taxable","11":"purchasable","12":"product-type-simple"},"_links":{"self":[{"href":"https:\/\/www.multicasa.com.br\/inicio\/wp-json\/wp\/v2\/product\/17057","targetHints":{"allow":["GET"]}}],"collection":[{"href":"https:\/\/www.multicasa.com.br\/inicio\/wp-json\/wp\/v2\/product"}],"about":[{"href":"https:\/\/www.multicasa.com.br\/inicio\/wp-json\/wp\/v2\/types\/product"}],"wp:featuredmedia":[{"embeddable":true,"href":"https:\/\/www.multicasa.com.br\/inicio\/wp-json\/wp\/v2\/media\/27357"}],"wp:attachment":[{"href":"https:\/\/www.multicasa.com.br\/inicio\/wp-json\/wp\/v2\/media?parent=17057"}],"wp:term":[{"taxonomy":"product_brand","embeddable":true,"href":"https:\/\/www.multicasa.com.br\/inicio\/wp-json\/wp\/v2\/product_brand?post=17057"},{"taxonomy":"product_cat","embeddable":true,"href":"https:\/\/www.multicasa.com.br\/inicio\/wp-json\/wp\/v2\/product_cat?post=17057"},{"taxonomy":"product_tag","embeddable":true,"href":"https:\/\/www.multicasa.com.br\/inicio\/wp-json\/wp\/v2\/product_tag?post=17057"}],"curies":[{"name":"wp","href":"https:\/\/api.w.org\/{rel}","templated":true}]}}