{"id":17063,"date":"2025-06-20T19:16:24","date_gmt":"2025-06-20T23:16:24","guid":{"rendered":"https:\/\/www.multicasa.com.br\/inicio\/?post_type=product&#038;p=17063"},"modified":"2025-08-17T19:06:31","modified_gmt":"2025-08-17T23:06:31","slug":"fechadura-wc-55-safira-cromado-uniao","status":"publish","type":"product","link":"https:\/\/www.multicasa.com.br\/inicio\/produto\/fechadura-wc-55-safira-cromado-uniao\/","title":{"rendered":"Fechadura Wc 55 Safira Cromado Uni\u00e3o"},"content":{"rendered":"<p>A fechadura residencial Safira \u00e9 a linha perfeita de para a pessoa que busca alem de conforto, beleza e ergonomia. sendo a mesma feita de Zamac, uma liga de zinco, alum\u00ednio, magn\u00e9sio e cobre.<\/p>\n","protected":false},"excerpt":{"rendered":"<h4 style=\"margin: 0px;padding: 0px 0px 16px;font-family: Lato, sans-serif;font-weight: bold;line-height: 3rem;color: var(--dark-grey3);font-size: 22px;font-style: normal;letter-spacing: normal;text-align: start;text-indent: 0px;text-transform: none\">Informa\u00e7\u00f5es t\u00e9cnicas<\/h4>\n<p><span style=\"margin: 0px;padding: 0px;font-weight: 450;font-size: 14px;line-height: 21px;color: var(--dark-grey2);font-family: Lato, sans-serif;font-style: normal;letter-spacing: normal;text-align: start;text-indent: 0px;text-transform: none\">Produto: FECHADURA WC 55 SAFIRA CR UNIAO<br \/>\nMarca:  UNIAO<br \/>\nCor: cromado<\/p>\n<p>Disponibilidades:<br \/>\n&#8211; M\u00e1quina: 40 mm ou 55 mm<br \/>\n&#8211; Aplica\u00e7\u00e3o: Externa, Interna ou Banheiro<br \/>\n&#8211; Cilindro: 55 mm ou 90 mm<br \/>\n&#8211; Chaves para Cilindro: 2 Chaves Yale ou 5 Chaves Multiponto<br \/>\n&#8211; Canto da Testa e Contra testa: Reto ou Redondo<\/p>\n<p>Mat\u00e9rias Primas<br \/>\n&#8211; Ma\u00e7anetas: Zamac<br \/>\n&#8211; Rosetas: Zamac<br \/>\n&#8211; Cilindro: monobloco de Zamac com Pinos de Lat\u00e3o e Molas de Inox 304<br \/>\n&#8211; Chaves para Cilindro: Lat\u00e3o Fresado<br \/>\n&#8211; Testa e Contra Testa: Inox 430 para Fechadura no Acabamento Cromado ou A\u00e7o para Fechadura nos outros Acabamentos.<\/span><\/p>\n","protected":false},"featured_media":27311,"template":"","meta":{"_joinchat":[]},"product_brand":[],"product_cat":[141],"product_tag":[],"class_list":{"0":"post-17063","1":"product","2":"type-product","3":"status-publish","4":"has-post-thumbnail","6":"product_cat-marcenaria","8":"first","9":"outofstock","10":"shipping-taxable","11":"purchasable","12":"product-type-simple"},"_links":{"self":[{"href":"https:\/\/www.multicasa.com.br\/inicio\/wp-json\/wp\/v2\/product\/17063","targetHints":{"allow":["GET"]}}],"collection":[{"href":"https:\/\/www.multicasa.com.br\/inicio\/wp-json\/wp\/v2\/product"}],"about":[{"href":"https:\/\/www.multicasa.com.br\/inicio\/wp-json\/wp\/v2\/types\/product"}],"wp:featuredmedia":[{"embeddable":true,"href":"https:\/\/www.multicasa.com.br\/inicio\/wp-json\/wp\/v2\/media\/27311"}],"wp:attachment":[{"href":"https:\/\/www.multicasa.com.br\/inicio\/wp-json\/wp\/v2\/media?parent=17063"}],"wp:term":[{"taxonomy":"product_brand","embeddable":true,"href":"https:\/\/www.multicasa.com.br\/inicio\/wp-json\/wp\/v2\/product_brand?post=17063"},{"taxonomy":"product_cat","embeddable":true,"href":"https:\/\/www.multicasa.com.br\/inicio\/wp-json\/wp\/v2\/product_cat?post=17063"},{"taxonomy":"product_tag","embeddable":true,"href":"https:\/\/www.multicasa.com.br\/inicio\/wp-json\/wp\/v2\/product_tag?post=17063"}],"curies":[{"name":"wp","href":"https:\/\/api.w.org\/{rel}","templated":true}]}}