{"id":17065,"date":"2025-06-20T19:16:24","date_gmt":"2025-06-20T23:16:24","guid":{"rendered":"https:\/\/www.multicasa.com.br\/inicio\/?post_type=product&#038;p=17065"},"modified":"2026-03-20T12:24:16","modified_gmt":"2026-03-20T16:24:16","slug":"umidificador-de-ar-37l-ventisol","status":"publish","type":"product","link":"https:\/\/www.multicasa.com.br\/inicio\/produto\/umidificador-de-ar-37l-ventisol\/","title":{"rendered":"Umidificador de Ar 3,7L Ventisol"},"content":{"rendered":"<p>Eficiente e de muita qualidade! O Umidificador Dom Verde 3,7L Bivolt, da Ventisol \u00e9 pr\u00e1tico e ideal para quem procura por um melhor bem-estar em seus ambientes. Gera mais mais sa\u00fade, tornando ambientes secos muito mais confort\u00e1veis.<\/p>\n","protected":false},"excerpt":{"rendered":"<h4 style=\"margin: 0px;padding: 0px 0px 16px;font-family: Lato, sans-serif;font-weight: bold;line-height: 3rem;color: var(--dark-grey3);font-size: 22px;font-style: normal;letter-spacing: normal;text-align: start;text-indent: 0px;text-transform: none\">Informa\u00e7\u00f5es t\u00e9cnicas<\/h4>\n<p><span style=\"margin: 0px;padding: 0px;font-weight: 450;font-size: 14px;line-height: 21px;color: var(--dark-grey2);font-family: Lato, sans-serif;font-style: normal;letter-spacing: normal;text-align: start;text-indent: 0px;text-transform: none\">Capacidade do Reservat\u00f3rio\t3.7 L<br \/>\nMarca: Ventisol<br \/>\nHoras de Uso Continuo: 10 h<br \/>\nAltura: 30 cm<br \/>\nComprimento: 20,5 cm<br \/>\nDimens\u00e3o: 20,5X20X30 cm<br \/>\nPeso do Produto: 0,85 Kg<br \/>\nPot\u00eancia: 25W<\/span><\/p>\n","protected":false},"featured_media":26199,"template":"","meta":{"_joinchat":[]},"product_brand":[],"product_cat":[100],"product_tag":[],"class_list":{"0":"post-17065","1":"product","2":"type-product","3":"status-publish","4":"has-post-thumbnail","6":"product_cat-eletros","8":"first","9":"outofstock","10":"shipping-taxable","11":"product-type-simple"},"_links":{"self":[{"href":"https:\/\/www.multicasa.com.br\/inicio\/wp-json\/wp\/v2\/product\/17065","targetHints":{"allow":["GET"]}}],"collection":[{"href":"https:\/\/www.multicasa.com.br\/inicio\/wp-json\/wp\/v2\/product"}],"about":[{"href":"https:\/\/www.multicasa.com.br\/inicio\/wp-json\/wp\/v2\/types\/product"}],"wp:featuredmedia":[{"embeddable":true,"href":"https:\/\/www.multicasa.com.br\/inicio\/wp-json\/wp\/v2\/media\/26199"}],"wp:attachment":[{"href":"https:\/\/www.multicasa.com.br\/inicio\/wp-json\/wp\/v2\/media?parent=17065"}],"wp:term":[{"taxonomy":"product_brand","embeddable":true,"href":"https:\/\/www.multicasa.com.br\/inicio\/wp-json\/wp\/v2\/product_brand?post=17065"},{"taxonomy":"product_cat","embeddable":true,"href":"https:\/\/www.multicasa.com.br\/inicio\/wp-json\/wp\/v2\/product_cat?post=17065"},{"taxonomy":"product_tag","embeddable":true,"href":"https:\/\/www.multicasa.com.br\/inicio\/wp-json\/wp\/v2\/product_tag?post=17065"}],"curies":[{"name":"wp","href":"https:\/\/api.w.org\/{rel}","templated":true}]}}