{"id":17066,"date":"2025-06-20T19:16:24","date_gmt":"2025-06-20T23:16:24","guid":{"rendered":"https:\/\/www.multicasa.com.br\/inicio\/?post_type=product&#038;p=17066"},"modified":"2025-06-23T10:15:59","modified_gmt":"2025-06-23T14:15:59","slug":"lampada-led-dicroica-gu10-48w-bivolt-2-7k-philips","status":"publish","type":"product","link":"https:\/\/www.multicasa.com.br\/inicio\/produto\/lampada-led-dicroica-gu10-48w-bivolt-2-7k-philips\/","title":{"rendered":"L\u00e2mpada Led Dicr\u00f3ica Gu10 4,8W Bivolt 2.7K Philips"},"content":{"rendered":"<p>As l\u00e2mpada dicr\u00f3ica da philips \u00e9 uma l\u00e2mpada hal\u00f3gena que possui um refletor usualmente feito de vidro coberto por um revestimento de material dicr\u00f3ico. Esse revestimento dicr\u00f3ico, reflete toda a luz vis\u00edvel mas permite a passagem dos raios infravermelhos e ultravioleta. perfeita pra vitrines, escritr\u00f3rios e museus. Sendo perfeita pra conforto e tranquilidade. <\/p>\n","protected":false},"excerpt":{"rendered":"<h4 style=\"margin: 0px;padding: 0px 0px 16px;font-family: Lato, sans-serif;font-weight: bold;line-height: 3rem;color: var(--dark-grey3);font-size: 22px;font-style: normal;letter-spacing: normal;text-align: start;text-indent: 0px;text-transform: none\">Informa\u00e7\u00f5es t\u00e9cnicas<\/h4>\n<p><span style=\"margin: 0px;padding: 0px;font-weight: 450;font-size: 14px;line-height: 21px;color: var(--dark-grey2);font-family: Lato, sans-serif;font-style: normal;letter-spacing: normal;text-align: start;text-indent: 0px;text-transform: none\">Produto: L\u00c2MPADA LED DICR\u00d3ICA GU10 4,8W BIVOLT 2.7K<br \/>\nMarca:  PHILIPS<br \/>\nCor: branca<\/p>\n<p>&#8211; Pot\u00eancia: 4,8w;<br \/>\n&#8211; Fluxo Luminoso: 525Lm;<br \/>\n&#8211; Tens\u00e3o: BIVOLT 100V-240V;<br \/>\n&#8211; Branco quente (2700K) &#8211; Luz Amarela;<br \/>\n&#8211; Base: GU10 (Soquete n\u00e3o incluso);<br \/>\n&#8211; Graus: 36\u00ba;<br \/>\n&#8211; Dimerizavel: N\u00e3o;<br \/>\n&#8211; IRC: 80;<br \/>\n&#8211; Vida \u00datil: 25.000 Horas;<br \/>\n&#8211; Uso INTERNO;<br \/>\n&#8211; Peso: 0,044kg.<\/p>\n<p>Dimens\u00f5es da l\u00e2mpada: 5,4 X 5cm<\/span><\/p>\n","protected":false},"featured_media":25425,"template":"","meta":{"_joinchat":[]},"product_brand":[],"product_cat":[80],"product_tag":[],"class_list":{"0":"post-17066","1":"product","2":"type-product","3":"status-publish","4":"has-post-thumbnail","6":"product_cat-lampadas","8":"first","9":"outofstock","10":"shipping-taxable","11":"product-type-simple"},"_links":{"self":[{"href":"https:\/\/www.multicasa.com.br\/inicio\/wp-json\/wp\/v2\/product\/17066","targetHints":{"allow":["GET"]}}],"collection":[{"href":"https:\/\/www.multicasa.com.br\/inicio\/wp-json\/wp\/v2\/product"}],"about":[{"href":"https:\/\/www.multicasa.com.br\/inicio\/wp-json\/wp\/v2\/types\/product"}],"wp:featuredmedia":[{"embeddable":true,"href":"https:\/\/www.multicasa.com.br\/inicio\/wp-json\/wp\/v2\/media\/25425"}],"wp:attachment":[{"href":"https:\/\/www.multicasa.com.br\/inicio\/wp-json\/wp\/v2\/media?parent=17066"}],"wp:term":[{"taxonomy":"product_brand","embeddable":true,"href":"https:\/\/www.multicasa.com.br\/inicio\/wp-json\/wp\/v2\/product_brand?post=17066"},{"taxonomy":"product_cat","embeddable":true,"href":"https:\/\/www.multicasa.com.br\/inicio\/wp-json\/wp\/v2\/product_cat?post=17066"},{"taxonomy":"product_tag","embeddable":true,"href":"https:\/\/www.multicasa.com.br\/inicio\/wp-json\/wp\/v2\/product_tag?post=17066"}],"curies":[{"name":"wp","href":"https:\/\/api.w.org\/{rel}","templated":true}]}}