{"id":17067,"date":"2025-06-20T19:16:24","date_gmt":"2025-06-20T23:16:24","guid":{"rendered":"https:\/\/www.multicasa.com.br\/inicio\/?post_type=product&#038;p=17067"},"modified":"2025-06-23T09:47:49","modified_gmt":"2025-06-23T13:47:49","slug":"acessorio-p-banheiro-5-pecas-turim-pevilon","status":"publish","type":"product","link":"https:\/\/www.multicasa.com.br\/inicio\/produto\/acessorio-p-banheiro-5-pecas-turim-pevilon\/","title":{"rendered":"Acessorio P\/Banheiro 5 Pe\u00e7as Turim Pevilon"},"content":{"rendered":"<p>O kit de acessorios para banheiro da Turim Pevilon \u00e9 perfeita para quem quer economizar e ainda receber produtos de extrema qualidade para decorar seu banheiro, sendo perfeito para trocar todas as pe\u00e7as e itens que ja est\u00e3o desgastados a tempo, n\u00e3o perca a chance de dar aquela repaginada com um pre\u00e7o especial.<\/p>\n","protected":false},"excerpt":{"rendered":"<h4 style=\"margin: 0px;padding: 0px 0px 16px;font-family: Lato, sans-serif;font-weight: bold;line-height: 3rem;color: var(--dark-grey3);font-size: 22px;font-style: normal;letter-spacing: normal;text-align: start;text-indent: 0px;text-transform: none\">Informa\u00e7\u00f5es t\u00e9cnicas<\/h4>\n<p><span style=\"margin: 0px;padding: 0px;font-weight: 450;font-size: 14px;line-height: 21px;color: var(--dark-grey2);font-family: Lato, sans-serif;font-style: normal;letter-spacing: normal;text-align: start;text-indent: 0px;text-transform: none\">Produto: ACESSORIO P\/BANH.5PC TURIM PEVILON<br \/>\nMarca: PREVILON<br \/>\nCor: cromado<\/p>\n<p>Acess\u00f3rio para banheiro Turim 5 pe\u00e7as alum\u00ednio contendo: &#8211; 1 porta toalha argola;<br \/>\n&#8211; 1 porta toalha reto;<br \/>\n&#8211; 1 cabide;<br \/>\n&#8211; 1 papeleira;<br \/>\n&#8211; 1 saboneteira;<br \/>\n&#8211; 12 buchas;<br \/>\n&#8211; 6 canoplas de acabamento.<\/span><\/p>\n","protected":false},"featured_media":24568,"template":"","meta":{"_joinchat":[]},"product_brand":[],"product_cat":[69],"product_tag":[],"class_list":{"0":"post-17067","1":"product","2":"type-product","3":"status-publish","4":"has-post-thumbnail","6":"product_cat-acessorios-para-banheiro","8":"first","9":"outofstock","10":"shipping-taxable","11":"product-type-simple"},"_links":{"self":[{"href":"https:\/\/www.multicasa.com.br\/inicio\/wp-json\/wp\/v2\/product\/17067","targetHints":{"allow":["GET"]}}],"collection":[{"href":"https:\/\/www.multicasa.com.br\/inicio\/wp-json\/wp\/v2\/product"}],"about":[{"href":"https:\/\/www.multicasa.com.br\/inicio\/wp-json\/wp\/v2\/types\/product"}],"wp:featuredmedia":[{"embeddable":true,"href":"https:\/\/www.multicasa.com.br\/inicio\/wp-json\/wp\/v2\/media\/24568"}],"wp:attachment":[{"href":"https:\/\/www.multicasa.com.br\/inicio\/wp-json\/wp\/v2\/media?parent=17067"}],"wp:term":[{"taxonomy":"product_brand","embeddable":true,"href":"https:\/\/www.multicasa.com.br\/inicio\/wp-json\/wp\/v2\/product_brand?post=17067"},{"taxonomy":"product_cat","embeddable":true,"href":"https:\/\/www.multicasa.com.br\/inicio\/wp-json\/wp\/v2\/product_cat?post=17067"},{"taxonomy":"product_tag","embeddable":true,"href":"https:\/\/www.multicasa.com.br\/inicio\/wp-json\/wp\/v2\/product_tag?post=17067"}],"curies":[{"name":"wp","href":"https:\/\/api.w.org\/{rel}","templated":true}]}}