{"id":17070,"date":"2025-06-20T19:16:25","date_gmt":"2025-06-20T23:16:25","guid":{"rendered":"https:\/\/www.multicasa.com.br\/inicio\/?post_type=product&#038;p=17070"},"modified":"2025-10-30T11:03:52","modified_gmt":"2025-10-30T15:03:52","slug":"arandela-led-quattro-6w-biv-3000k-cafe","status":"publish","type":"product","link":"https:\/\/www.multicasa.com.br\/inicio\/produto\/arandela-led-quattro-6w-biv-3000k-cafe\/","title":{"rendered":"Arandela Led Quattro 6W Biv 3000K Caf\u00e9"},"content":{"rendered":"<p>A arandela quattro \u00e9 indicada para ilumina\u00e7\u00e3o decorativa deixando seu ambiente com uma luz focada e ao mesmo tempo suave. Ideal para ambientes internos e externos tais como jardins para resid\u00eancias lojas escrit\u00f3rios.<\/p>\n","protected":false},"excerpt":{"rendered":"<h4 style=\"margin: 0px;padding: 0px 0px 16px;font-family: Lato, sans-serif;font-weight: bold;line-height: 3rem;color: var(--dark-grey3);font-size: 22px;font-style: normal;letter-spacing: normal;text-align: start;text-indent: 0px;text-transform: none\">Informa\u00e7\u00f5es t\u00e9cnicas<\/h4>\n<p><span style=\"margin: 0px;padding: 0px;font-weight: 450;font-size: 14px;line-height: 21px;color: var(--dark-grey2);font-family: Lato, sans-serif;font-style: normal;letter-spacing: normal;text-align: start;text-indent: 0px;text-transform: none\"><br \/>\nProduto: ARANDELA LED ELEGANCE 3W BIV.3.0K<br \/>\nMarca: Avant<br \/>\nCor: CAF\u00c9<br \/>\nCaracter\u00edsticas: Corpo e difusor em policarbonato. Dispon\u00edvel na pot\u00eancia de 6W (Due) Fluxo luminoso constante em toda faixa de tens\u00e3o. Baixo consumo de energia. Tipo de instala\u00e7\u00e3o: sobrepor Temperatura ambiente: -5\u00b0C a 40\u00b0C. Tens\u00e3o de entrada: 100V a 240V. Fator de Pot\u00eancia: =0,50. IP65<\/span><\/p>\n","protected":false},"featured_media":27251,"template":"","meta":{"_joinchat":[]},"product_brand":[],"product_cat":[157],"product_tag":[],"class_list":{"0":"post-17070","1":"product","2":"type-product","3":"status-publish","4":"has-post-thumbnail","6":"product_cat-leds-decorativos","8":"first","9":"instock","10":"shipping-taxable","11":"purchasable","12":"product-type-simple"},"_links":{"self":[{"href":"https:\/\/www.multicasa.com.br\/inicio\/wp-json\/wp\/v2\/product\/17070","targetHints":{"allow":["GET"]}}],"collection":[{"href":"https:\/\/www.multicasa.com.br\/inicio\/wp-json\/wp\/v2\/product"}],"about":[{"href":"https:\/\/www.multicasa.com.br\/inicio\/wp-json\/wp\/v2\/types\/product"}],"wp:featuredmedia":[{"embeddable":true,"href":"https:\/\/www.multicasa.com.br\/inicio\/wp-json\/wp\/v2\/media\/27251"}],"wp:attachment":[{"href":"https:\/\/www.multicasa.com.br\/inicio\/wp-json\/wp\/v2\/media?parent=17070"}],"wp:term":[{"taxonomy":"product_brand","embeddable":true,"href":"https:\/\/www.multicasa.com.br\/inicio\/wp-json\/wp\/v2\/product_brand?post=17070"},{"taxonomy":"product_cat","embeddable":true,"href":"https:\/\/www.multicasa.com.br\/inicio\/wp-json\/wp\/v2\/product_cat?post=17070"},{"taxonomy":"product_tag","embeddable":true,"href":"https:\/\/www.multicasa.com.br\/inicio\/wp-json\/wp\/v2\/product_tag?post=17070"}],"curies":[{"name":"wp","href":"https:\/\/api.w.org\/{rel}","templated":true}]}}