{"id":17072,"date":"2025-06-20T19:16:25","date_gmt":"2025-06-20T23:16:25","guid":{"rendered":"https:\/\/www.multicasa.com.br\/inicio\/?post_type=product&#038;p=17072"},"modified":"2025-10-30T11:03:55","modified_gmt":"2025-10-30T15:03:55","slug":"arandela-led-elegance-3w-biv-3-0k-cafe","status":"publish","type":"product","link":"https:\/\/www.multicasa.com.br\/inicio\/produto\/arandela-led-elegance-3w-biv-3-0k-cafe\/","title":{"rendered":"Arandela Led Elegance 3W Biv. 3.0K Caf\u00e9"},"content":{"rendered":"<p>A arandela elegance \u00e9 indicada para ilumina\u00e7\u00e3o decorativa deixando seu ambiente com uma luz focada e ao mesmo tempo suave. Ideal para ambientes internos e externos tais como jardins para resid\u00eancias lojas escrit\u00f3rios.<\/p>\n","protected":false},"excerpt":{"rendered":"<h4 style=\"margin: 0px;padding: 0px 0px 16px;font-family: Lato, sans-serif;font-weight: bold;line-height: 3rem;color: var(--dark-grey3);font-size: 22px;font-style: normal;letter-spacing: normal;text-align: start;text-indent: 0px;text-transform: none\">Informa\u00e7\u00f5es t\u00e9cnicas<\/h4>\n<p><span style=\"margin: 0px;padding: 0px;font-weight: 450;font-size: 14px;line-height: 21px;color: var(--dark-grey2);font-family: Lato, sans-serif;font-style: normal;letter-spacing: normal;text-align: start;text-indent: 0px;text-transform: none\">Produto: ARANDELA LED ELEGANCE 3W BIV.3.0K<br \/>\nMarca: Avant<br \/>\nCor: CAF\u00c9<br \/>\nCaracter\u00edsticas:<br \/>\nCorpo e difusor em policarbonato.<br \/>\nDispon\u00edvel na pot\u00eancia de 3W (Due)<br \/>\nFluxo luminoso constante em toda faixa de tens\u00e3o.<br \/>\nBaixo consumo de energia.<br \/>\nTipo de instala\u00e7\u00e3o: sobrepor<br \/>\nTemperatura ambiente: -5\u00b0C a 40\u00b0C.<br \/>\nTens\u00e3o de entrada: 100V a 240V.<br \/>\nFator de Pot\u00eancia: =0,50.<br \/>\nIP65<\/span><\/p>\n","protected":false},"featured_media":24614,"template":"","meta":{"_joinchat":[]},"product_brand":[],"product_cat":[157],"product_tag":[],"class_list":{"0":"post-17072","1":"product","2":"type-product","3":"status-publish","4":"has-post-thumbnail","6":"product_cat-leds-decorativos","8":"first","9":"outofstock","10":"shipping-taxable","11":"purchasable","12":"product-type-simple"},"_links":{"self":[{"href":"https:\/\/www.multicasa.com.br\/inicio\/wp-json\/wp\/v2\/product\/17072","targetHints":{"allow":["GET"]}}],"collection":[{"href":"https:\/\/www.multicasa.com.br\/inicio\/wp-json\/wp\/v2\/product"}],"about":[{"href":"https:\/\/www.multicasa.com.br\/inicio\/wp-json\/wp\/v2\/types\/product"}],"wp:featuredmedia":[{"embeddable":true,"href":"https:\/\/www.multicasa.com.br\/inicio\/wp-json\/wp\/v2\/media\/24614"}],"wp:attachment":[{"href":"https:\/\/www.multicasa.com.br\/inicio\/wp-json\/wp\/v2\/media?parent=17072"}],"wp:term":[{"taxonomy":"product_brand","embeddable":true,"href":"https:\/\/www.multicasa.com.br\/inicio\/wp-json\/wp\/v2\/product_brand?post=17072"},{"taxonomy":"product_cat","embeddable":true,"href":"https:\/\/www.multicasa.com.br\/inicio\/wp-json\/wp\/v2\/product_cat?post=17072"},{"taxonomy":"product_tag","embeddable":true,"href":"https:\/\/www.multicasa.com.br\/inicio\/wp-json\/wp\/v2\/product_tag?post=17072"}],"curies":[{"name":"wp","href":"https:\/\/api.w.org\/{rel}","templated":true}]}}