{"id":17074,"date":"2025-06-20T19:16:25","date_gmt":"2025-06-20T23:16:25","guid":{"rendered":"https:\/\/www.multicasa.com.br\/inicio\/?post_type=product&#038;p=17074"},"modified":"2025-08-17T19:06:43","modified_gmt":"2025-08-17T23:06:43","slug":"fita-led-127v-144w-ip65-1m-4-0k-gaya","status":"publish","type":"product","link":"https:\/\/www.multicasa.com.br\/inicio\/produto\/fita-led-127v-144w-ip65-1m-4-0k-gaya\/","title":{"rendered":"Fita Led 127V 14,4W Ip65 1M 4.0K Gaya"},"content":{"rendered":"<p>j\u00e1 pensou em transformar seu ambiente em algo completamente, as fitas leds da Gaya podem fazer isso, transformando ambientes complemente apagados em algo mais vivo e conexo com oque o momento quer passar.<\/p>\n","protected":false},"excerpt":{"rendered":"<h4 style=\"margin: 0px;padding: 0px 0px 16px;font-family: Lato, sans-serif;font-weight: bold;line-height: 3rem;color: var(--dark-grey3);font-size: 22px;font-style: normal;letter-spacing: normal;text-align: start;text-indent: 0px;text-transform: none\">Informa\u00e7\u00f5es t\u00e9cnicas<\/h4>\n<p><span style=\"margin: 0px;padding: 0px;font-weight: 450;font-size: 14px;line-height: 21px;color: var(--dark-grey2);font-family: Lato, sans-serif;font-style: normal;letter-spacing: normal;text-align: start;text-indent: 0px;text-transform: none\">Produto: FITA LED 127V 14,4W IP65 1M 4.0K GA<br \/>\nMarca: GAYA<br \/>\nCor: Amarela<\/p>\n<p>&#8211; Pot\u00eancia: 14,4W;<br \/>\n&#8211; Tens\u00e3o: 110 volts;<br \/>\n&#8211; Temperatura de cor: 4000k;<br \/>\n&#8211; Fluxo luminoso: 600lm;<br \/>\n&#8211; Garantia: 2 Anos;<br \/>\n&#8211; Vida \u00fatil aproximada: 25.000h;<br \/>\n&#8211; Composi\u00e7\u00e3o: Vidro, alum\u00ednio e componentes eletr\u00f4nicos;<br \/>\n \u00cdndice de prote\u00e7\u00e3o: IP65.<\/span><\/p>\n","protected":false},"featured_media":25209,"template":"","meta":{"_joinchat":[]},"product_brand":[],"product_cat":[157],"product_tag":[],"class_list":{"0":"post-17074","1":"product","2":"type-product","3":"status-publish","4":"has-post-thumbnail","6":"product_cat-leds-decorativos","8":"first","9":"outofstock","10":"shipping-taxable","11":"purchasable","12":"product-type-simple"},"_links":{"self":[{"href":"https:\/\/www.multicasa.com.br\/inicio\/wp-json\/wp\/v2\/product\/17074","targetHints":{"allow":["GET"]}}],"collection":[{"href":"https:\/\/www.multicasa.com.br\/inicio\/wp-json\/wp\/v2\/product"}],"about":[{"href":"https:\/\/www.multicasa.com.br\/inicio\/wp-json\/wp\/v2\/types\/product"}],"wp:featuredmedia":[{"embeddable":true,"href":"https:\/\/www.multicasa.com.br\/inicio\/wp-json\/wp\/v2\/media\/25209"}],"wp:attachment":[{"href":"https:\/\/www.multicasa.com.br\/inicio\/wp-json\/wp\/v2\/media?parent=17074"}],"wp:term":[{"taxonomy":"product_brand","embeddable":true,"href":"https:\/\/www.multicasa.com.br\/inicio\/wp-json\/wp\/v2\/product_brand?post=17074"},{"taxonomy":"product_cat","embeddable":true,"href":"https:\/\/www.multicasa.com.br\/inicio\/wp-json\/wp\/v2\/product_cat?post=17074"},{"taxonomy":"product_tag","embeddable":true,"href":"https:\/\/www.multicasa.com.br\/inicio\/wp-json\/wp\/v2\/product_tag?post=17074"}],"curies":[{"name":"wp","href":"https:\/\/api.w.org\/{rel}","templated":true}]}}