{"id":17075,"date":"2025-06-20T19:16:25","date_gmt":"2025-06-20T23:16:25","guid":{"rendered":"https:\/\/www.multicasa.com.br\/inicio\/?post_type=product&#038;p=17075"},"modified":"2026-04-19T09:00:15","modified_gmt":"2026-04-19T13:00:15","slug":"spot-embuir-quadrado-recuado-1-lampada-ar70-bc-saveenergy","status":"publish","type":"product","link":"https:\/\/www.multicasa.com.br\/inicio\/produto\/spot-embuir-quadrado-recuado-1-lampada-ar70-bc-saveenergy\/","title":{"rendered":"Spot Embuir Quadrado Recuado 1 Lampada Ar70 Bc Saveenergy"},"content":{"rendered":"<p>Spot Embutir Ar70 quadrado recuado branco uma l\u00e2mpada. Possui uma f\u00e1cil instala\u00e7\u00e3o com fixa\u00e7\u00e3o atrav\u00e9s de molas (inclusas) e sistema click, substitua a l\u00e2mpada sem remover o Embutir. Utilize somente l\u00e2mpadas AR70 Led. Tem foco orbital de 360\u00b0 possibilitando o direcionamento do facho de luz. Acompanha uma pe\u00e7a do soquete GU10.<\/p>\n","protected":false},"excerpt":{"rendered":"<h4 style=\"margin: 0px;padding: 0px 0px 16px;font-family: Lato, sans-serif;font-weight: bold;line-height: 3rem;color: var(--dark-grey3);font-size: 22px;font-style: normal;letter-spacing: normal;text-align: start;text-indent: 0px;text-transform: none\">Informa\u00e7\u00f5es t\u00e9cnicas<\/h4>\n<p><span style=\"margin: 0px;padding: 0px;font-weight: 450;font-size: 14px;line-height: 21px;color: var(--dark-grey2);font-family: Lato, sans-serif;font-style: normal;letter-spacing: normal;text-align: start;text-indent: 0px;text-transform: none\">Produto: SPOT EMB.QD.RECUAD.1LP AR70 BC SAV<br \/>\nMarca: Afylife<br \/>\nMaterial: Alum\u00ednio<br \/>\nCor: Branca<br \/>\nCaracter\u00edsticas<br \/>\n&#8211; N\u00e3o amarela;<br \/>\n&#8211; N\u00e3o oxida;<br \/>\n&#8211; N\u00e3o amassa;<br \/>\n&#8211; N\u00e3o risca.<\/p>\n<p>Dimens\u00f5es<br \/>\n130 x 130 x 35 mm<\/span><\/p>\n","protected":false},"featured_media":25984,"template":"","meta":{"_joinchat":[]},"product_brand":[],"product_cat":[79],"product_tag":[],"class_list":{"0":"post-17075","1":"product","2":"type-product","3":"status-publish","4":"has-post-thumbnail","6":"product_cat-iluminacao-decorativa","8":"first","9":"instock","10":"shipping-taxable","11":"purchasable","12":"product-type-simple"},"_links":{"self":[{"href":"https:\/\/www.multicasa.com.br\/inicio\/wp-json\/wp\/v2\/product\/17075","targetHints":{"allow":["GET"]}}],"collection":[{"href":"https:\/\/www.multicasa.com.br\/inicio\/wp-json\/wp\/v2\/product"}],"about":[{"href":"https:\/\/www.multicasa.com.br\/inicio\/wp-json\/wp\/v2\/types\/product"}],"wp:featuredmedia":[{"embeddable":true,"href":"https:\/\/www.multicasa.com.br\/inicio\/wp-json\/wp\/v2\/media\/25984"}],"wp:attachment":[{"href":"https:\/\/www.multicasa.com.br\/inicio\/wp-json\/wp\/v2\/media?parent=17075"}],"wp:term":[{"taxonomy":"product_brand","embeddable":true,"href":"https:\/\/www.multicasa.com.br\/inicio\/wp-json\/wp\/v2\/product_brand?post=17075"},{"taxonomy":"product_cat","embeddable":true,"href":"https:\/\/www.multicasa.com.br\/inicio\/wp-json\/wp\/v2\/product_cat?post=17075"},{"taxonomy":"product_tag","embeddable":true,"href":"https:\/\/www.multicasa.com.br\/inicio\/wp-json\/wp\/v2\/product_tag?post=17075"}],"curies":[{"name":"wp","href":"https:\/\/api.w.org\/{rel}","templated":true}]}}