{"id":17078,"date":"2025-06-20T19:16:26","date_gmt":"2025-06-20T23:16:26","guid":{"rendered":"https:\/\/www.multicasa.com.br\/inicio\/?post_type=product&#038;p=17078"},"modified":"2025-07-01T13:54:25","modified_gmt":"2025-07-01T17:54:25","slug":"mangueira-antitorcao-1-2-lj-mangueplast","status":"publish","type":"product","link":"https:\/\/www.multicasa.com.br\/inicio\/produto\/mangueira-antitorcao-1-2-lj-mangueplast\/","title":{"rendered":"Mangueira Antitorcao 1\/2 Lj Mangueplast"},"content":{"rendered":"<p>Indicada para uso dom\u00e9stico ou em locais que exijam maior vaz\u00e3o de \u00e1gua e resist\u00eancia \u00e0 press\u00e3o. Destaca-se pela indica\u00e7\u00e3o impressa de metro a metro, proporcionando maior agilidade nos pontos de venda.<\/p>\n","protected":false},"excerpt":{"rendered":"<h4 style=\"margin: 0px;padding: 0px 0px 16px;font-family: Lato, sans-serif;font-weight: bold;line-height: 3rem;color: var(--dark-grey3);font-size: 22px;font-style: normal;letter-spacing: normal;text-align: start;text-indent: 0px;text-transform: none\">Informa\u00e7\u00f5es t\u00e9cnicas<\/h4>\n<p><span style=\"margin: 0px;padding: 0px;font-weight: 450;font-size: 14px;line-height: 21px;color: var(--dark-grey2);font-family: Lato, sans-serif;font-style: normal;letter-spacing: normal;text-align: start;text-indent: 0px;text-transform: none\">Produto: MANGUEIRA ANTITORCAO 1\/2 LJ MANGUEP<br \/>\nMarca: Mangueplast<br \/>\nCor: laranja<\/p>\n<p>Caracter\u00edsticas:<br \/>\n&#8211; Reconhecida por ter grande resist\u00eancia gra\u00e7as a<br \/>\nsua trama de fios de poli\u00e9ster 550, garantindo assim<br \/>\numa maior vida \u00fatil em compara\u00e7\u00e3o as demais do<br \/>\nmercado;<br \/>\n&#8211; Mat\u00e9ria-prima 100% virgem;<br \/>\n&#8211; Maior flexibilidade e resist\u00eancia a press\u00e3o;<br \/>\n&#8211; Sistema antitor\u00e7\u00e3o;<br \/>\n&#8211; N\u00e3o dobra, n\u00e3o amassa e n\u00e3o quebra;<br \/>\n&#8211; Camada externa em PVC cristal siliconado;<br \/>\n&#8211; Brilho incompar\u00e1vel;<br \/>\n&#8211; Resistente a impactos raios U.V;<br \/>\n&#8211; Com fios de poli\u00e9ster tran\u00e7ados recebe tripla<br \/>\ncamada de PVC.<\/span><\/p>\n","protected":false},"featured_media":27383,"template":"","meta":{"_joinchat":[]},"product_brand":[],"product_cat":[76],"product_tag":[],"class_list":{"0":"post-17078","1":"product","2":"type-product","3":"status-publish","4":"has-post-thumbnail","6":"product_cat-jardinagem","8":"first","9":"outofstock","10":"shipping-taxable","11":"product-type-simple"},"_links":{"self":[{"href":"https:\/\/www.multicasa.com.br\/inicio\/wp-json\/wp\/v2\/product\/17078","targetHints":{"allow":["GET"]}}],"collection":[{"href":"https:\/\/www.multicasa.com.br\/inicio\/wp-json\/wp\/v2\/product"}],"about":[{"href":"https:\/\/www.multicasa.com.br\/inicio\/wp-json\/wp\/v2\/types\/product"}],"wp:featuredmedia":[{"embeddable":true,"href":"https:\/\/www.multicasa.com.br\/inicio\/wp-json\/wp\/v2\/media\/27383"}],"wp:attachment":[{"href":"https:\/\/www.multicasa.com.br\/inicio\/wp-json\/wp\/v2\/media?parent=17078"}],"wp:term":[{"taxonomy":"product_brand","embeddable":true,"href":"https:\/\/www.multicasa.com.br\/inicio\/wp-json\/wp\/v2\/product_brand?post=17078"},{"taxonomy":"product_cat","embeddable":true,"href":"https:\/\/www.multicasa.com.br\/inicio\/wp-json\/wp\/v2\/product_cat?post=17078"},{"taxonomy":"product_tag","embeddable":true,"href":"https:\/\/www.multicasa.com.br\/inicio\/wp-json\/wp\/v2\/product_tag?post=17078"}],"curies":[{"name":"wp","href":"https:\/\/api.w.org\/{rel}","templated":true}]}}