{"id":17079,"date":"2025-06-20T19:16:26","date_gmt":"2025-06-20T23:16:26","guid":{"rendered":"https:\/\/www.multicasa.com.br\/inicio\/?post_type=product&#038;p=17079"},"modified":"2025-06-23T10:36:22","modified_gmt":"2025-06-23T14:36:22","slug":"spot-led-embuir-quadrado-5w-bivolt-3-0k-5-unidades-avant","status":"publish","type":"product","link":"https:\/\/www.multicasa.com.br\/inicio\/produto\/spot-led-embuir-quadrado-5w-bivolt-3-0k-5-unidades-avant\/","title":{"rendered":"Spot Led Embuir Quadrado 5W Bivolt 3.0K 5 Unidades Avant"},"content":{"rendered":"<p>A LUMIN\u00c1RIA SPOT COB SUPIMPA \u00e9 indicada para ilumina\u00e7\u00e3o de destaque de objetos ou texturas em ambientes internos, em usos comerciais ou residenciais. Possui sistema direcion\u00e1vel para melhor ajuste do seu projeto.<\/p>\n","protected":false},"excerpt":{"rendered":"<h4 style=\"margin: 0px;padding: 0px 0px 16px;font-family: Lato, sans-serif;font-weight: bold;line-height: 3rem;color: var(--dark-grey3);font-size: 22px;font-style: normal;letter-spacing: normal;text-align: start;text-indent: 0px;text-transform: none\">Informa\u00e7\u00f5es t\u00e9cnicas<\/h4>\n<p><span style=\"margin: 0px;padding: 0px;font-weight: 450;font-size: 14px;line-height: 21px;color: var(--dark-grey2);font-family: Lato, sans-serif;font-style: normal;letter-spacing: normal;text-align: start;text-indent: 0px;text-transform: none\">Produto: SPOT LED EMBUIR QUADRADO 5W BIVOLT 3.0K 5 UNIDADES<br \/>\nMarca: AVANT<br \/>\nCor: branco<\/p>\n<p>Caracter\u00edsticas<br \/>\n&#8211; Garantia de 1 ano;<br \/>\n&#8211; Pot\u00eancia de 3W;<br \/>\n&#8211; Fluxo luminoso: 250lm;<br \/>\n&#8211; Possui emiss\u00e3o de luz focal com instala\u00e7\u00e3o do tipo<br \/>\nembutida em forro de gesso;<br \/>\n&#8211; Corpo em polipropileno;<br \/>\n&#8211; Equipado com cabo de duplo isolamento (cabo PP);<br \/>\n&#8211; Lente em policarbonato;<br \/>\n&#8211; Temperatura de cor: 3.0k;<br \/>\n&#8211; Tens\u00e3o: 100V &#8211; 240V Bivolt;<br \/>\n&#8211; Baixo consumo de energia;<br \/>\n&#8211; \u00cdndice de prote\u00e7\u00e3o: IP20;<br \/>\n&#8211; Vida \u00fatil de 15.000 horas;<br \/>\n&#8211; Uso interno;<br \/>\n&#8211; Tamanho: 70 x 70mm.<\/span><\/p>\n","protected":false},"featured_media":25987,"template":"","meta":{"_joinchat":[]},"product_brand":[],"product_cat":[157],"product_tag":[],"class_list":{"0":"post-17079","1":"product","2":"type-product","3":"status-publish","4":"has-post-thumbnail","6":"product_cat-leds-decorativos","8":"first","9":"outofstock","10":"shipping-taxable","11":"product-type-simple"},"_links":{"self":[{"href":"https:\/\/www.multicasa.com.br\/inicio\/wp-json\/wp\/v2\/product\/17079","targetHints":{"allow":["GET"]}}],"collection":[{"href":"https:\/\/www.multicasa.com.br\/inicio\/wp-json\/wp\/v2\/product"}],"about":[{"href":"https:\/\/www.multicasa.com.br\/inicio\/wp-json\/wp\/v2\/types\/product"}],"wp:featuredmedia":[{"embeddable":true,"href":"https:\/\/www.multicasa.com.br\/inicio\/wp-json\/wp\/v2\/media\/25987"}],"wp:attachment":[{"href":"https:\/\/www.multicasa.com.br\/inicio\/wp-json\/wp\/v2\/media?parent=17079"}],"wp:term":[{"taxonomy":"product_brand","embeddable":true,"href":"https:\/\/www.multicasa.com.br\/inicio\/wp-json\/wp\/v2\/product_brand?post=17079"},{"taxonomy":"product_cat","embeddable":true,"href":"https:\/\/www.multicasa.com.br\/inicio\/wp-json\/wp\/v2\/product_cat?post=17079"},{"taxonomy":"product_tag","embeddable":true,"href":"https:\/\/www.multicasa.com.br\/inicio\/wp-json\/wp\/v2\/product_tag?post=17079"}],"curies":[{"name":"wp","href":"https:\/\/api.w.org\/{rel}","templated":true}]}}