{"id":17080,"date":"2025-06-20T19:16:26","date_gmt":"2025-06-20T23:16:26","guid":{"rendered":"https:\/\/www.multicasa.com.br\/inicio\/?post_type=product&#038;p=17080"},"modified":"2025-06-23T10:36:18","modified_gmt":"2025-06-23T14:36:18","slug":"spot-led-de-embutir-quadrado-5w-bivolt-6-5k-5un-avant","status":"publish","type":"product","link":"https:\/\/www.multicasa.com.br\/inicio\/produto\/spot-led-de-embutir-quadrado-5w-bivolt-6-5k-5un-avant\/","title":{"rendered":"Spot Led De Embutir Quadrado 5W Bivolt 6.5K 5Un Avant"},"content":{"rendered":"<p>Uso embutido em teto, forros de gesso, modulares, forros de pvc, madeira e similares. Usado em ambientes internos, ou externos protegidos de chuva, Possui sistema direcion\u00e1vel para melhor ajuste do seu projeto. Ideal para uso decorativo com destaque em paredes, com foco em objetos ou texturas.<\/p>\n","protected":false},"excerpt":{"rendered":"<h4 style=\"margin: 0px;padding: 0px 0px 16px;font-family: Lato, sans-serif;font-weight: bold;line-height: 3rem;color: var(--dark-grey3);font-size: 22px;font-style: normal;letter-spacing: normal;text-align: start;text-indent: 0px;text-transform: none\">Informa\u00e7\u00f5es t\u00e9cnicas<\/h4>\n<p><span style=\"margin: 0px;padding: 0px;font-weight: 450;font-size: 14px;line-height: 21px;color: var(--dark-grey2);font-family: Lato, sans-serif;font-style: normal;letter-spacing: normal;text-align: start;text-indent: 0px;text-transform: none\">Produto: SPOT LED DE EMBUTIR QUADRADO 5W BIVOLT 6.5K 5UN<br \/>\nMarca: AVANT<br \/>\nCor: branco<br \/>\nPot\u00eancia\t: 5W<br \/>\nFluxo Luminoso: 350 l\u00famens<br \/>\nModelo\tLED SMD<br \/>\nFormato\tQuadrado<br \/>\nCor da LuZ: Branco Quente &#8211; 3000K<br \/>\nCor: Branco<br \/>\n\u00c2ngulo de Luz: 55\u00ba | Direcion\u00e1vel<br \/>\nVida \u00datil\t25.000 horas<br \/>\nVoltagem: Bivolt Autom\u00e1tico (100v &#8211; 240v)<\/span><\/p>\n","protected":false},"featured_media":25985,"template":"","meta":{"_joinchat":[]},"product_brand":[],"product_cat":[157],"product_tag":[],"class_list":{"0":"post-17080","1":"product","2":"type-product","3":"status-publish","4":"has-post-thumbnail","6":"product_cat-leds-decorativos","8":"first","9":"outofstock","10":"shipping-taxable","11":"product-type-simple"},"_links":{"self":[{"href":"https:\/\/www.multicasa.com.br\/inicio\/wp-json\/wp\/v2\/product\/17080","targetHints":{"allow":["GET"]}}],"collection":[{"href":"https:\/\/www.multicasa.com.br\/inicio\/wp-json\/wp\/v2\/product"}],"about":[{"href":"https:\/\/www.multicasa.com.br\/inicio\/wp-json\/wp\/v2\/types\/product"}],"wp:featuredmedia":[{"embeddable":true,"href":"https:\/\/www.multicasa.com.br\/inicio\/wp-json\/wp\/v2\/media\/25985"}],"wp:attachment":[{"href":"https:\/\/www.multicasa.com.br\/inicio\/wp-json\/wp\/v2\/media?parent=17080"}],"wp:term":[{"taxonomy":"product_brand","embeddable":true,"href":"https:\/\/www.multicasa.com.br\/inicio\/wp-json\/wp\/v2\/product_brand?post=17080"},{"taxonomy":"product_cat","embeddable":true,"href":"https:\/\/www.multicasa.com.br\/inicio\/wp-json\/wp\/v2\/product_cat?post=17080"},{"taxonomy":"product_tag","embeddable":true,"href":"https:\/\/www.multicasa.com.br\/inicio\/wp-json\/wp\/v2\/product_tag?post=17080"}],"curies":[{"name":"wp","href":"https:\/\/api.w.org\/{rel}","templated":true}]}}